{"id":43325,"date":"2026-04-02T22:10:18","date_gmt":"2026-04-02T19:10:18","guid":{"rendered":"http:\/\/new.ceasuri.md\/shop\/uncategorized\/fossil-machine-fs5883\/"},"modified":"2026-04-07T04:07:38","modified_gmt":"2026-04-07T01:07:38","slug":"fossil-machine-fs5883","status":"publish","type":"product","link":"https:\/\/ceasuri.md\/ru\/shop\/branduri\/fossil\/fossil-machine-fs5883\/","title":{"rendered":"Ceas FOSSIL MACHINE FS5883"},"content":{"rendered":"<p>Designul armonios al ceasului este solu\u021bia perfect\u0103 pentru b\u0103rbatul elegant care \u021bine pasul cu vremurile.<\/p>\n<p>Cadranul cu puncte \u0219i liniu\u021be este realizat cu tehnologia Sunray. Fereastra pentru dat\u0103 se afl\u0103 la ora 6.<\/p>\n<p>Coroan\u0103 \u0219i lunet\u0103 canelat\u0103. Carcas\u0103 rotund\u0103. Br\u0103\u021bar\u0103 milanez\u0103.<\/p>","protected":false},"excerpt":{"rendered":"<p>Designul armonios al ceasului este solu\u021bia perfect\u0103 pentru b\u0103rbatul elegant care \u021bine pasul cu vremurile. Cadranul cu puncte \u0219i liniu\u021be este realizat cu tehnologia Sunray. Fereastra pentru dat\u0103 se afl\u0103 la ora 6. Coroan\u0103 \u0219i lunet\u0103 canelat\u0103. Carcas\u0103 rotund\u0103. Br\u0103\u021bar\u0103 milanez\u0103.<\/p>","protected":false},"featured_media":43326,"comment_status":"closed","ping_status":"open","template":"","meta":{"_acf_changed":false},"product_brand":[],"product_cat":[20,396],"product_tag":[],"class_list":{"0":"post-43325","1":"product","2":"type-product","3":"status-publish","4":"has-post-thumbnail","6":"product_cat-ceasuri-barbati","7":"product_cat-fossil","8":"pa_brand-fossil","9":"pa_braslet-otel-inoxidabil","10":"pa_corpus-42-mm","11":"pa_forma-rotund","12":"pa_funcii-data","13":"pa_garatia-24-luni","14":"pa_korpus-argintiu","15":"pa_material-otel-inoxidabil","16":"pa_mehanizm-quartz","17":"pa_remeshok-argintiu","18":"pa_steklo-cristal-mineral","19":"pa_strana-sua","20":"pa_voda-5-atm","22":"first","23":"instock","24":"purchasable","25":"product-type-simple"},"acf":[],"_links":{"self":[{"href":"https:\/\/ceasuri.md\/ru\/wp-json\/wp\/v2\/product\/43325","targetHints":{"allow":["GET"]}}],"collection":[{"href":"https:\/\/ceasuri.md\/ru\/wp-json\/wp\/v2\/product"}],"about":[{"href":"https:\/\/ceasuri.md\/ru\/wp-json\/wp\/v2\/types\/product"}],"replies":[{"embeddable":true,"href":"https:\/\/ceasuri.md\/ru\/wp-json\/wp\/v2\/comments?post=43325"}],"wp:featuredmedia":[{"embeddable":true,"href":"https:\/\/ceasuri.md\/ru\/wp-json\/wp\/v2\/media\/43326"}],"wp:attachment":[{"href":"https:\/\/ceasuri.md\/ru\/wp-json\/wp\/v2\/media?parent=43325"}],"wp:term":[{"taxonomy":"product_brand","embeddable":true,"href":"https:\/\/ceasuri.md\/ru\/wp-json\/wp\/v2\/product_brand?post=43325"},{"taxonomy":"product_cat","embeddable":true,"href":"https:\/\/ceasuri.md\/ru\/wp-json\/wp\/v2\/product_cat?post=43325"},{"taxonomy":"product_tag","embeddable":true,"href":"https:\/\/ceasuri.md\/ru\/wp-json\/wp\/v2\/product_tag?post=43325"}],"curies":[{"name":"wp","href":"https:\/\/api.w.org\/{rel}","templated":true}]}}