{"id":43305,"date":"2026-04-02T22:10:18","date_gmt":"2026-04-02T19:10:18","guid":{"rendered":"http:\/\/new.ceasuri.md\/shop\/uncategorized\/fossil-jacqueline-es3546\/"},"modified":"2026-04-07T04:07:34","modified_gmt":"2026-04-07T01:07:34","slug":"fossil-jacqueline-es3546","status":"publish","type":"product","link":"https:\/\/ceasuri.md\/ru\/shop\/branduri\/fossil\/fossil-jacqueline-es3546\/","title":{"rendered":"Ceas FOSSIL JACQUELINE ES3546"},"content":{"rendered":"<p>Ve\u021bi primi multe complimente rafinate \u0219i priviri \u00eenc\u00e2nt\u0103toare atunci c\u00e2nd v\u0103 ve\u021bi \u00eempodobi \u00eencheietura m\u00e2inii cu acest ceas. Ceas Jacqueline cu trei m\u00e2ini \u0219i dat\u0103 din o\u021bel inoxidabil &#8211; tonuri de aur roz.<\/p>\n<p>Ceasul are o carcas\u0103 de 36 mm, form\u0103 rotund\u0103 \u0219i grosime de 8 mm. Carcasa este realizat\u0103 din o\u021bel inoxidabil, cu o suprafa\u021b\u0103 lucioas\u0103 de culoare rose gold.<\/p>\n<p>Ceas cu cadran de culoarea aurului roz, luneta din o\u021bel inoxidabil cu finisaj lucios \u0219i culoare aur roz. Model cu cristale pe lunet\u0103 \u0219i br\u0103\u021bar\u0103.<\/p>\n<p>Acest ceas are o curea din o\u021bel inoxidabil cu finisaj lucios de culoare aur roz. Rezistent la ap\u0103 p\u00e2n\u0103 la 3 atm. Mi\u0219care: Cuar\u021b \/ 3 m\u00e2ini \u0219i dat\u0103.<\/p>","protected":false},"excerpt":{"rendered":"<p>Ve\u021bi primi multe complimente rafinate \u0219i priviri \u00eenc\u00e2nt\u0103toare atunci c\u00e2nd v\u0103 ve\u021bi \u00eempodobi \u00eencheietura m\u00e2inii cu acest ceas. Ceas Jacqueline cu trei m\u00e2ini \u0219i dat\u0103 din o\u021bel inoxidabil &#8211; tonuri de aur roz. Ceasul are o carcas\u0103 de 36 mm, form\u0103 rotund\u0103 \u0219i grosime de 8 mm. Carcasa este realizat\u0103 din o\u021bel inoxidabil, cu o [&hellip;]<\/p>\n","protected":false},"featured_media":43306,"comment_status":"closed","ping_status":"open","template":"","meta":{"_acf_changed":false},"product_brand":[],"product_cat":[25,396],"product_tag":[],"class_list":{"0":"post-43305","1":"product","2":"type-product","3":"status-publish","4":"has-post-thumbnail","6":"product_cat-ceasuri-dama","7":"product_cat-fossil","8":"pa_brand-fossil","9":"pa_braslet-otel-inoxidabil","10":"pa_corpus-36-mm","11":"pa_decor-cristale-swarowski","12":"pa_forma-rotund","13":"pa_funcii-data","14":"pa_garatia-24-luni","15":"pa_korpus-roz-gold","16":"pa_material-otel-inoxidabil","17":"pa_mehanizm-quartz","18":"pa_remeshok-roz-gold","19":"pa_steklo-cristal-mineral","20":"pa_strana-sua","21":"pa_voda-3-atm","23":"first","24":"instock","25":"purchasable","26":"product-type-simple"},"acf":[],"_links":{"self":[{"href":"https:\/\/ceasuri.md\/ru\/wp-json\/wp\/v2\/product\/43305","targetHints":{"allow":["GET"]}}],"collection":[{"href":"https:\/\/ceasuri.md\/ru\/wp-json\/wp\/v2\/product"}],"about":[{"href":"https:\/\/ceasuri.md\/ru\/wp-json\/wp\/v2\/types\/product"}],"replies":[{"embeddable":true,"href":"https:\/\/ceasuri.md\/ru\/wp-json\/wp\/v2\/comments?post=43305"}],"wp:featuredmedia":[{"embeddable":true,"href":"https:\/\/ceasuri.md\/ru\/wp-json\/wp\/v2\/media\/43306"}],"wp:attachment":[{"href":"https:\/\/ceasuri.md\/ru\/wp-json\/wp\/v2\/media?parent=43305"}],"wp:term":[{"taxonomy":"product_brand","embeddable":true,"href":"https:\/\/ceasuri.md\/ru\/wp-json\/wp\/v2\/product_brand?post=43305"},{"taxonomy":"product_cat","embeddable":true,"href":"https:\/\/ceasuri.md\/ru\/wp-json\/wp\/v2\/product_cat?post=43305"},{"taxonomy":"product_tag","embeddable":true,"href":"https:\/\/ceasuri.md\/ru\/wp-json\/wp\/v2\/product_tag?post=43305"}],"curies":[{"name":"wp","href":"https:\/\/api.w.org\/{rel}","templated":true}]}}