{"id":43290,"date":"2026-04-02T22:10:18","date_gmt":"2026-04-02T19:10:18","guid":{"rendered":"http:\/\/new.ceasuri.md\/shop\/uncategorized\/fossil-grant-automatic-me3099\/"},"modified":"2026-04-20T00:24:52","modified_gmt":"2026-04-19T21:24:52","slug":"fossil-grant-automatic-me3099","status":"publish","type":"product","link":"https:\/\/ceasuri.md\/ru\/shop\/branduri\/fossil\/fossil-grant-automatic-me3099\/","title":{"rendered":"\u0427\u0430\u0441\u044b FOSSIL GRANT AUTOMATIC ME3099"},"content":{"rendered":"<p>Acest ceas elegant este imposibil s\u0103-\u021bi iei ochii de la el, bucur\u0103-te de mi\u0219carea clar\u0103.<\/p>\n<p>Ceas scheletat automatic. Mi\u0219carea are 21 de bijuterii. Rezerv\u0103 de putere de 40 de ore.<\/p>\n<p>Coroan\u0103 protejat\u0103. Partea din spate a carcasei transparent\u0103.<\/p>","protected":false},"excerpt":{"rendered":"<p>Acest ceas elegant este imposibil s\u0103-\u021bi iei ochii de la el, bucur\u0103-te de mi\u0219carea clar\u0103. Ceas scheletat automatic. Mi\u0219carea are 21 de bijuterii. Rezerv\u0103 de putere de 40 de ore. Coroan\u0103 protejat\u0103. Partea din spate a carcasei transparent\u0103.<\/p>","protected":false},"featured_media":43291,"comment_status":"closed","ping_status":"open","template":"","meta":{"_acf_changed":false},"product_brand":[],"product_cat":[20,396],"product_tag":[],"class_list":{"0":"post-43290","1":"product","2":"type-product","3":"status-publish","4":"has-post-thumbnail","6":"product_cat-ceasuri-barbati","7":"product_cat-fossil","8":"pa_brand-fossil","9":"pa_braslet-piele","10":"pa_corpus-45-mm","11":"pa_forma-rotund","12":"pa_funcii-semischelet","13":"pa_garatia-24-luni","14":"pa_korpus-argintiu","15":"pa_material-otel-inoxidabil","16":"pa_mehanizm-mecanic","17":"pa_mehanizm-mecanism-automatic","18":"pa_remeshok-maro","19":"pa_steklo-cristal-mineral","20":"pa_strana-sua","21":"pa_voda-5-atm","23":"first","24":"instock","25":"purchasable","26":"product-type-simple"},"acf":[],"_links":{"self":[{"href":"https:\/\/ceasuri.md\/ru\/wp-json\/wp\/v2\/product\/43290","targetHints":{"allow":["GET"]}}],"collection":[{"href":"https:\/\/ceasuri.md\/ru\/wp-json\/wp\/v2\/product"}],"about":[{"href":"https:\/\/ceasuri.md\/ru\/wp-json\/wp\/v2\/types\/product"}],"replies":[{"embeddable":true,"href":"https:\/\/ceasuri.md\/ru\/wp-json\/wp\/v2\/comments?post=43290"}],"wp:featuredmedia":[{"embeddable":true,"href":"https:\/\/ceasuri.md\/ru\/wp-json\/wp\/v2\/media\/43291"}],"wp:attachment":[{"href":"https:\/\/ceasuri.md\/ru\/wp-json\/wp\/v2\/media?parent=43290"}],"wp:term":[{"taxonomy":"product_brand","embeddable":true,"href":"https:\/\/ceasuri.md\/ru\/wp-json\/wp\/v2\/product_brand?post=43290"},{"taxonomy":"product_cat","embeddable":true,"href":"https:\/\/ceasuri.md\/ru\/wp-json\/wp\/v2\/product_cat?post=43290"},{"taxonomy":"product_tag","embeddable":true,"href":"https:\/\/ceasuri.md\/ru\/wp-json\/wp\/v2\/product_tag?post=43290"}],"curies":[{"name":"wp","href":"https:\/\/api.w.org\/{rel}","templated":true}]}}