{"id":43270,"date":"2026-04-02T22:10:18","date_gmt":"2026-04-02T19:10:18","guid":{"rendered":"http:\/\/new.ceasuri.md\/shop\/uncategorized\/fossil-gabby-es5116\/"},"modified":"2026-04-20T00:23:19","modified_gmt":"2026-04-19T21:23:19","slug":"fossil-gabby-es5116","status":"publish","type":"product","link":"https:\/\/ceasuri.md\/ru\/shop\/branduri\/fossil\/fossil-gabby-es5116\/","title":{"rendered":"Ceas FOSSIL GABBY ES5116"},"content":{"rendered":"<p>Cu acest ceas frumos \u0219i elegant pute\u021bi controla cu u\u0219urin\u021b\u0103 ora.<\/p>\n<p>Ceas practic pentru femei, cu carcas\u0103 rotund\u0103. Cadranul este realizat cu tehnologia Sunray. Puncte cu cristale \u0219i cifre romane. Fereastra pentru dat\u0103 se afl\u0103 la ora 6.<\/p>\n<p>Coroan\u0103 canelat\u0103. Curea cu cataram\u0103 clasic\u0103 \u0219i sistem de schimbare rapid\u0103.<\/p>","protected":false},"excerpt":{"rendered":"<p>Cu acest ceas frumos \u0219i elegant pute\u021bi controla cu u\u0219urin\u021b\u0103 ora. Ceas practic pentru femei, cu carcas\u0103 rotund\u0103. Cadranul este realizat cu tehnologia Sunray. Puncte cu cristale \u0219i cifre romane. Fereastra pentru dat\u0103 se afl\u0103 la ora 6. Coroan\u0103 canelat\u0103. Curea cu cataram\u0103 clasic\u0103 \u0219i sistem de schimbare rapid\u0103.<\/p>","protected":false},"featured_media":43271,"comment_status":"closed","ping_status":"open","template":"","meta":{"_acf_changed":false},"product_brand":[],"product_cat":[25,396],"product_tag":[],"class_list":{"0":"post-43270","1":"product","2":"type-product","3":"status-publish","4":"has-post-thumbnail","6":"product_cat-ceasuri-dama","7":"product_cat-fossil","8":"pa_brand-fossil","9":"pa_braslet-piele","10":"pa_corpus-34-mm","11":"pa_decor-cristale-swarowski","12":"pa_forma-rotund","13":"pa_funcii-data","14":"pa_garatia-24-luni","15":"pa_korpus-roz-gold","16":"pa_kvarc-quartz","17":"pa_material-otel-inoxidabil","18":"pa_mehanizm-quartz","19":"pa_remeshok-albastru-inchis","20":"pa_steklo-cristal-mineral","21":"pa_strana-sua","22":"pa_voda-5-atm","24":"first","25":"instock","26":"purchasable","27":"product-type-simple"},"acf":[],"_links":{"self":[{"href":"https:\/\/ceasuri.md\/ru\/wp-json\/wp\/v2\/product\/43270","targetHints":{"allow":["GET"]}}],"collection":[{"href":"https:\/\/ceasuri.md\/ru\/wp-json\/wp\/v2\/product"}],"about":[{"href":"https:\/\/ceasuri.md\/ru\/wp-json\/wp\/v2\/types\/product"}],"replies":[{"embeddable":true,"href":"https:\/\/ceasuri.md\/ru\/wp-json\/wp\/v2\/comments?post=43270"}],"wp:featuredmedia":[{"embeddable":true,"href":"https:\/\/ceasuri.md\/ru\/wp-json\/wp\/v2\/media\/43271"}],"wp:attachment":[{"href":"https:\/\/ceasuri.md\/ru\/wp-json\/wp\/v2\/media?parent=43270"}],"wp:term":[{"taxonomy":"product_brand","embeddable":true,"href":"https:\/\/ceasuri.md\/ru\/wp-json\/wp\/v2\/product_brand?post=43270"},{"taxonomy":"product_cat","embeddable":true,"href":"https:\/\/ceasuri.md\/ru\/wp-json\/wp\/v2\/product_cat?post=43270"},{"taxonomy":"product_tag","embeddable":true,"href":"https:\/\/ceasuri.md\/ru\/wp-json\/wp\/v2\/product_tag?post=43270"}],"curies":[{"name":"wp","href":"https:\/\/api.w.org\/{rel}","templated":true}]}}