{"id":43257,"date":"2026-04-02T22:09:23","date_gmt":"2026-04-02T19:09:23","guid":{"rendered":"http:\/\/new.ceasuri.md\/shop\/uncategorized\/fossil-gabby-es5070\/"},"modified":"2026-04-17T13:25:25","modified_gmt":"2026-04-17T10:25:25","slug":"fossil-gabby-es5070","status":"publish","type":"product","link":"https:\/\/ceasuri.md\/ru\/shop\/branduri\/fossil\/fossil-gabby-es5070\/","title":{"rendered":"Ceas FOSSIL GABBY ES5070"},"content":{"rendered":"<p>Combina\u021bia perfect\u0103 de elegan\u021b\u0103 \u0219i practicitate. Acest ceas este modul perfect de a v\u0103 completa look-ul.<\/p>\n<p>Ceas practic pentru femei, cu carcas\u0103 rotund\u0103. Puncte cu cristale \u0219i cifre romane. Fereastr\u0103 pentru dat\u0103 la ora 6.<\/p>\n<p>Coroan\u0103 canelat\u0103. Br\u0103\u021bar\u0103 cu \u00eenchidere pliabil\u0103 \u0219i sistem de schimbare rapid\u0103.<\/p>","protected":false},"excerpt":{"rendered":"<p>Combina\u021bia perfect\u0103 de elegan\u021b\u0103 \u0219i practicitate. Acest ceas este modul perfect de a v\u0103 completa look-ul. Ceas practic pentru femei, cu carcas\u0103 rotund\u0103. Puncte cu cristale \u0219i cifre romane. Fereastr\u0103 pentru dat\u0103 la ora 6. Coroan\u0103 canelat\u0103. Br\u0103\u021bar\u0103 cu \u00eenchidere pliabil\u0103 \u0219i sistem de schimbare rapid\u0103.<\/p>","protected":false},"featured_media":43258,"comment_status":"closed","ping_status":"open","template":"","meta":{"_acf_changed":false},"product_brand":[],"product_cat":[25,396],"product_tag":[],"class_list":{"0":"post-43257","1":"product","2":"type-product","3":"status-publish","4":"has-post-thumbnail","6":"product_cat-ceasuri-dama","7":"product_cat-fossil","8":"pa_brand-fossil","9":"pa_braslet-otel-inoxidabil","10":"pa_corpus-34-mm","11":"pa_decor-cristale-swarowski","12":"pa_forma-rotund","13":"pa_funcii-data","14":"pa_garatia-24-luni","15":"pa_korpus-roz-gold","16":"pa_kvarc-quartz","17":"pa_material-otel-inoxidabil","18":"pa_mehanizm-quartz","19":"pa_remeshok-roz-gold","20":"pa_steklo-cristal-mineral","21":"pa_strana-sua","22":"pa_voda-5-atm","24":"first","25":"instock","26":"purchasable","27":"product-type-simple"},"acf":[],"_links":{"self":[{"href":"https:\/\/ceasuri.md\/ru\/wp-json\/wp\/v2\/product\/43257","targetHints":{"allow":["GET"]}}],"collection":[{"href":"https:\/\/ceasuri.md\/ru\/wp-json\/wp\/v2\/product"}],"about":[{"href":"https:\/\/ceasuri.md\/ru\/wp-json\/wp\/v2\/types\/product"}],"replies":[{"embeddable":true,"href":"https:\/\/ceasuri.md\/ru\/wp-json\/wp\/v2\/comments?post=43257"}],"wp:featuredmedia":[{"embeddable":true,"href":"https:\/\/ceasuri.md\/ru\/wp-json\/wp\/v2\/media\/43258"}],"wp:attachment":[{"href":"https:\/\/ceasuri.md\/ru\/wp-json\/wp\/v2\/media?parent=43257"}],"wp:term":[{"taxonomy":"product_brand","embeddable":true,"href":"https:\/\/ceasuri.md\/ru\/wp-json\/wp\/v2\/product_brand?post=43257"},{"taxonomy":"product_cat","embeddable":true,"href":"https:\/\/ceasuri.md\/ru\/wp-json\/wp\/v2\/product_cat?post=43257"},{"taxonomy":"product_tag","embeddable":true,"href":"https:\/\/ceasuri.md\/ru\/wp-json\/wp\/v2\/product_tag?post=43257"}],"curies":[{"name":"wp","href":"https:\/\/api.w.org\/{rel}","templated":true}]}}