{"id":43232,"date":"2026-04-02T22:09:23","date_gmt":"2026-04-02T19:09:23","guid":{"rendered":"http:\/\/new.ceasuri.md\/shop\/uncategorized\/fossil-fb-01-fs5881\/"},"modified":"2026-04-20T00:24:15","modified_gmt":"2026-04-19T21:24:15","slug":"fossil-fb-01-fs5881","status":"publish","type":"product","link":"https:\/\/ceasuri.md\/ru\/shop\/branduri\/fossil\/fossil-fb-01-fs5881\/","title":{"rendered":"\u0427\u0430\u0441\u044b FOSSIL FB-01 FS5881"},"content":{"rendered":"<p>Un clasic modern care v\u0103 va transforma cu siguran\u021b\u0103 look-ul, ad\u0103ug\u00e2nd un sentiment de \u00eencredere \u0219i un spirit de libertate.<\/p>\n<p>Ceas cronograf pentru b\u0103rba\u021bi cu cronometru. Cadranul este realizat prin tehnologia Sunray. Etichete sub form\u0103 de puncte \u0219i liniu\u021be. Fereastra de dat\u0103 este situat\u0103 \u00eentre indicatoarele de la ora 4 \u0219i 5.<\/p>\n<p>Coroan\u0103 protejat\u0103. Br\u0103\u021bar\u0103 cu \u00eenchiz\u0103toare pliabil\u0103.<\/p>","protected":false},"excerpt":{"rendered":"<p>Un clasic modern care v\u0103 va transforma cu siguran\u021b\u0103 look-ul, ad\u0103ug\u00e2nd un sentiment de \u00eencredere \u0219i un spirit de libertate. Ceas cronograf pentru b\u0103rba\u021bi cu cronometru. Cadranul este realizat prin tehnologia Sunray. Etichete sub form\u0103 de puncte \u0219i liniu\u021be. Fereastra de dat\u0103 este situat\u0103 \u00eentre indicatoarele de la ora 4 \u0219i 5. Coroan\u0103 protejat\u0103. Br\u0103\u021bar\u0103 [&hellip;]<\/p>\n","protected":false},"featured_media":43233,"comment_status":"closed","ping_status":"open","template":"","meta":{"_acf_changed":false},"product_brand":[],"product_cat":[20,396],"product_tag":[],"class_list":{"0":"post-43232","1":"product","2":"type-product","3":"status-publish","4":"has-post-thumbnail","6":"product_cat-ceasuri-barbati","7":"product_cat-fossil","8":"pa_brand-fossil","9":"pa_braslet-otel-inoxidabil","10":"pa_corpus-42-mm","11":"pa_forma-rotund","12":"pa_funcii-cronograf","13":"pa_funcii-data","14":"pa_garatia-24-luni","15":"pa_korpus-multicolor","16":"pa_kvarc-quartz","17":"pa_material-otel-inoxidabil","18":"pa_mehanizm-quartz","19":"pa_remeshok-bicolor","20":"pa_steklo-cristal-mineral","21":"pa_strana-sua","22":"pa_voda-10-atm","24":"first","25":"instock","26":"purchasable","27":"product-type-simple"},"acf":[],"_links":{"self":[{"href":"https:\/\/ceasuri.md\/ru\/wp-json\/wp\/v2\/product\/43232","targetHints":{"allow":["GET"]}}],"collection":[{"href":"https:\/\/ceasuri.md\/ru\/wp-json\/wp\/v2\/product"}],"about":[{"href":"https:\/\/ceasuri.md\/ru\/wp-json\/wp\/v2\/types\/product"}],"replies":[{"embeddable":true,"href":"https:\/\/ceasuri.md\/ru\/wp-json\/wp\/v2\/comments?post=43232"}],"wp:featuredmedia":[{"embeddable":true,"href":"https:\/\/ceasuri.md\/ru\/wp-json\/wp\/v2\/media\/43233"}],"wp:attachment":[{"href":"https:\/\/ceasuri.md\/ru\/wp-json\/wp\/v2\/media?parent=43232"}],"wp:term":[{"taxonomy":"product_brand","embeddable":true,"href":"https:\/\/ceasuri.md\/ru\/wp-json\/wp\/v2\/product_brand?post=43232"},{"taxonomy":"product_cat","embeddable":true,"href":"https:\/\/ceasuri.md\/ru\/wp-json\/wp\/v2\/product_cat?post=43232"},{"taxonomy":"product_tag","embeddable":true,"href":"https:\/\/ceasuri.md\/ru\/wp-json\/wp\/v2\/product_tag?post=43232"}],"curies":[{"name":"wp","href":"https:\/\/api.w.org\/{rel}","templated":true}]}}