{"id":43227,"date":"2026-04-02T22:09:23","date_gmt":"2026-04-02T19:09:23","guid":{"rendered":"http:\/\/new.ceasuri.md\/shop\/uncategorized\/fossil-fb-01-fs5657\/"},"modified":"2026-04-20T00:24:00","modified_gmt":"2026-04-19T21:24:00","slug":"fossil-fb-01-fs5657","status":"publish","type":"product","link":"https:\/\/ceasuri.md\/ru\/shop\/branduri\/fossil\/fossil-fb-01-fs5657\/","title":{"rendered":"\u0427\u0430\u0441\u044b FOSSIL FB-01 FS5657"},"content":{"rendered":"<p>Acest ceas, cu un spirit sportiv, va fi apreciat de b\u0103ie\u021bii activi \u0219i tineri.<\/p>\n<p>Fereastr\u0103 pentru dat\u0103 cu lup\u0103. Coroan\u0103 protejat\u0103.<\/p>\n<p>Br\u0103\u021bar\u0103 cu \u00eenchidere pliabil\u0103 \u0219i op\u021biune de schimbare rapid\u0103.<\/p>","protected":false},"excerpt":{"rendered":"<p>Acest ceas, cu un spirit sportiv, va fi apreciat de b\u0103ie\u021bii activi \u0219i tineri. Fereastr\u0103 pentru dat\u0103 cu lup\u0103. Coroan\u0103 protejat\u0103. Br\u0103\u021bar\u0103 cu \u00eenchidere pliabil\u0103 \u0219i op\u021biune de schimbare rapid\u0103.<\/p>","protected":false},"featured_media":43228,"comment_status":"closed","ping_status":"open","template":"","meta":{"_acf_changed":false},"product_brand":[],"product_cat":[20,396],"product_tag":[],"class_list":{"0":"post-43227","1":"product","2":"type-product","3":"status-publish","4":"has-post-thumbnail","6":"product_cat-ceasuri-barbati","7":"product_cat-fossil","8":"pa_brand-fossil","9":"pa_braslet-otel-inoxidabil","10":"pa_corpus-42-mm","11":"pa_forma-rotund","12":"pa_funcii-data","13":"pa_garatia-24-luni","14":"pa_korpus-multicolor","15":"pa_kvarc-quartz","16":"pa_material-otel-inoxidabil","17":"pa_mehanizm-quartz","18":"pa_remeshok-argintiu","19":"pa_steklo-cristal-mineral","20":"pa_strana-sua","21":"pa_voda-10-atm","23":"first","24":"instock","25":"purchasable","26":"product-type-simple"},"acf":[],"_links":{"self":[{"href":"https:\/\/ceasuri.md\/ru\/wp-json\/wp\/v2\/product\/43227","targetHints":{"allow":["GET"]}}],"collection":[{"href":"https:\/\/ceasuri.md\/ru\/wp-json\/wp\/v2\/product"}],"about":[{"href":"https:\/\/ceasuri.md\/ru\/wp-json\/wp\/v2\/types\/product"}],"replies":[{"embeddable":true,"href":"https:\/\/ceasuri.md\/ru\/wp-json\/wp\/v2\/comments?post=43227"}],"wp:featuredmedia":[{"embeddable":true,"href":"https:\/\/ceasuri.md\/ru\/wp-json\/wp\/v2\/media\/43228"}],"wp:attachment":[{"href":"https:\/\/ceasuri.md\/ru\/wp-json\/wp\/v2\/media?parent=43227"}],"wp:term":[{"taxonomy":"product_brand","embeddable":true,"href":"https:\/\/ceasuri.md\/ru\/wp-json\/wp\/v2\/product_brand?post=43227"},{"taxonomy":"product_cat","embeddable":true,"href":"https:\/\/ceasuri.md\/ru\/wp-json\/wp\/v2\/product_cat?post=43227"},{"taxonomy":"product_tag","embeddable":true,"href":"https:\/\/ceasuri.md\/ru\/wp-json\/wp\/v2\/product_tag?post=43227"}],"curies":[{"name":"wp","href":"https:\/\/api.w.org\/{rel}","templated":true}]}}