{"id":43212,"date":"2026-04-02T22:09:23","date_gmt":"2026-04-02T19:09:23","guid":{"rendered":"http:\/\/new.ceasuri.md\/shop\/uncategorized\/fossil-everett-chrono-fs5830\/"},"modified":"2026-04-07T04:07:19","modified_gmt":"2026-04-07T01:07:19","slug":"fossil-everett-chrono-fs5830","status":"publish","type":"product","link":"https:\/\/ceasuri.md\/ru\/shop\/branduri\/fossil\/fossil-everett-chrono-fs5830\/","title":{"rendered":"Ceas FOSSIL EVERETT CHRONO FS5830"},"content":{"rendered":"<p>Acest cronograf modern v\u0103 va face cu siguran\u021b\u0103 s\u0103 privi\u021bi timpul \u00eentr-un mod nou. Everett. Ceas cronograf cu cronometru. Cadranul este realizat prin tehnologia Sunray. Semne de liniu\u021b\u0103. Fereastr\u0103 pentru dat\u0103. Coroan\u0103 canelat\u0103. Br\u0103\u021bar\u0103 cu \u00eenchidere pliabil\u0103.Acest cronograf modern v\u0103 va face cu siguran\u021b\u0103 s\u0103 privi\u021bi timpul \u00eentr-un mod nou.<\/p>\n<p>Ceas cronograf cu cronometru. Cadranul este realizat prin tehnologia Sunray. Semne de liniu\u021b\u0103. Fereastr\u0103 pentru dat\u0103.<\/p>\n<p>Coroan\u0103 canelat\u0103. Br\u0103\u021bar\u0103 cu \u00eenchidere pliabil\u0103.<\/p>","protected":false},"excerpt":{"rendered":"<p>Acest cronograf modern v\u0103 va face cu siguran\u021b\u0103 s\u0103 privi\u021bi timpul \u00eentr-un mod nou. Everett. Ceas cronograf cu cronometru. Cadranul este realizat prin tehnologia Sunray. Semne de liniu\u021b\u0103. Fereastr\u0103 pentru dat\u0103. Coroan\u0103 canelat\u0103. Br\u0103\u021bar\u0103 cu \u00eenchidere pliabil\u0103.Acest cronograf modern v\u0103 va face cu siguran\u021b\u0103 s\u0103 privi\u021bi timpul \u00eentr-un mod nou. Ceas cronograf cu cronometru. Cadranul [&hellip;]<\/p>\n","protected":false},"featured_media":43213,"comment_status":"closed","ping_status":"open","template":"","meta":{"_acf_changed":false},"product_brand":[],"product_cat":[20,396],"product_tag":[],"class_list":{"0":"post-43212","1":"product","2":"type-product","3":"status-publish","4":"has-post-thumbnail","6":"product_cat-ceasuri-barbati","7":"product_cat-fossil","8":"pa_brand-fossil","9":"pa_braslet-otel-inoxidabil","10":"pa_corpus-42-mm","11":"pa_forma-rotund","12":"pa_funcii-cronograf","13":"pa_funcii-data","14":"pa_garatia-24-luni","15":"pa_korpus-gri","16":"pa_material-otel-inoxidabil","17":"pa_material-otel-inoxidabil-periat","18":"pa_mehanizm-quartz","19":"pa_remeshok-gri","20":"pa_steklo-cristal-mineral","21":"pa_strana-sua","22":"pa_voda-5-atm","24":"first","25":"instock","26":"purchasable","27":"product-type-simple"},"acf":[],"_links":{"self":[{"href":"https:\/\/ceasuri.md\/ru\/wp-json\/wp\/v2\/product\/43212","targetHints":{"allow":["GET"]}}],"collection":[{"href":"https:\/\/ceasuri.md\/ru\/wp-json\/wp\/v2\/product"}],"about":[{"href":"https:\/\/ceasuri.md\/ru\/wp-json\/wp\/v2\/types\/product"}],"replies":[{"embeddable":true,"href":"https:\/\/ceasuri.md\/ru\/wp-json\/wp\/v2\/comments?post=43212"}],"wp:featuredmedia":[{"embeddable":true,"href":"https:\/\/ceasuri.md\/ru\/wp-json\/wp\/v2\/media\/43213"}],"wp:attachment":[{"href":"https:\/\/ceasuri.md\/ru\/wp-json\/wp\/v2\/media?parent=43212"}],"wp:term":[{"taxonomy":"product_brand","embeddable":true,"href":"https:\/\/ceasuri.md\/ru\/wp-json\/wp\/v2\/product_brand?post=43212"},{"taxonomy":"product_cat","embeddable":true,"href":"https:\/\/ceasuri.md\/ru\/wp-json\/wp\/v2\/product_cat?post=43212"},{"taxonomy":"product_tag","embeddable":true,"href":"https:\/\/ceasuri.md\/ru\/wp-json\/wp\/v2\/product_tag?post=43212"}],"curies":[{"name":"wp","href":"https:\/\/api.w.org\/{rel}","templated":true}]}}