{"id":43192,"date":"2026-04-02T22:09:23","date_gmt":"2026-04-02T19:09:23","guid":{"rendered":"http:\/\/new.ceasuri.md\/shop\/uncategorized\/fossil-everett-fs5821\/"},"modified":"2026-04-07T04:07:15","modified_gmt":"2026-04-07T01:07:15","slug":"fossil-everett-fs5821","status":"publish","type":"product","link":"https:\/\/ceasuri.md\/ru\/shop\/branduri\/fossil\/fossil-everett-fs5821\/","title":{"rendered":"Ceas FOSSIL EVERETT FS5821"},"content":{"rendered":"<p>Un clasic modern care v\u0103 va transforma cu siguran\u021b\u0103 look-ul, ad\u0103ug\u00e2nd un sentiment de \u00eencredere \u0219i un spirit de libertate.<\/p>\n<p>Ceas de m\u00e2n\u0103 pentru b\u0103rba\u021bi.  Fereastr\u0103 pentru dat\u0103 la ora 6. Carcas\u0103 rotund\u0103 cu cristal mineral.<\/p>\n<p>Br\u0103\u021bar\u0103 din o\u021bel cu \u00eenchiz\u0103toare pliabil\u0103.<\/p>","protected":false},"excerpt":{"rendered":"<p>Un clasic modern care v\u0103 va transforma cu siguran\u021b\u0103 look-ul, ad\u0103ug\u00e2nd un sentiment de \u00eencredere \u0219i un spirit de libertate. Ceas de m\u00e2n\u0103 pentru b\u0103rba\u021bi. Fereastr\u0103 pentru dat\u0103 la ora 6. Carcas\u0103 rotund\u0103 cu cristal mineral. Br\u0103\u021bar\u0103 din o\u021bel cu \u00eenchiz\u0103toare pliabil\u0103.<\/p>","protected":false},"featured_media":43193,"comment_status":"closed","ping_status":"open","template":"","meta":{"_acf_changed":false},"product_brand":[],"product_cat":[20,396],"product_tag":[],"class_list":{"0":"post-43192","1":"product","2":"type-product","3":"status-publish","4":"has-post-thumbnail","6":"product_cat-ceasuri-barbati","7":"product_cat-fossil","8":"pa_brand-fossil","9":"pa_braslet-otel-inoxidabil","10":"pa_corpus-42-mm","11":"pa_forma-rotund","12":"pa_funcii-data","13":"pa_garatia-24-luni","14":"pa_korpus-argintiu","15":"pa_material-otel-inoxidabil","16":"pa_material-otel-inoxidabil-periat","17":"pa_mehanizm-quartz","18":"pa_remeshok-argintiu","19":"pa_steklo-cristal-mineral","20":"pa_strana-sua","21":"pa_voda-5-atm","23":"first","24":"instock","25":"purchasable","26":"product-type-simple"},"acf":[],"_links":{"self":[{"href":"https:\/\/ceasuri.md\/ru\/wp-json\/wp\/v2\/product\/43192","targetHints":{"allow":["GET"]}}],"collection":[{"href":"https:\/\/ceasuri.md\/ru\/wp-json\/wp\/v2\/product"}],"about":[{"href":"https:\/\/ceasuri.md\/ru\/wp-json\/wp\/v2\/types\/product"}],"replies":[{"embeddable":true,"href":"https:\/\/ceasuri.md\/ru\/wp-json\/wp\/v2\/comments?post=43192"}],"wp:featuredmedia":[{"embeddable":true,"href":"https:\/\/ceasuri.md\/ru\/wp-json\/wp\/v2\/media\/43193"}],"wp:attachment":[{"href":"https:\/\/ceasuri.md\/ru\/wp-json\/wp\/v2\/media?parent=43192"}],"wp:term":[{"taxonomy":"product_brand","embeddable":true,"href":"https:\/\/ceasuri.md\/ru\/wp-json\/wp\/v2\/product_brand?post=43192"},{"taxonomy":"product_cat","embeddable":true,"href":"https:\/\/ceasuri.md\/ru\/wp-json\/wp\/v2\/product_cat?post=43192"},{"taxonomy":"product_tag","embeddable":true,"href":"https:\/\/ceasuri.md\/ru\/wp-json\/wp\/v2\/product_tag?post=43192"}],"curies":[{"name":"wp","href":"https:\/\/api.w.org\/{rel}","templated":true}]}}