{"id":43182,"date":"2026-04-02T22:09:23","date_gmt":"2026-04-02T19:09:23","guid":{"rendered":"http:\/\/new.ceasuri.md\/shop\/uncategorized\/fossil-copeland-fs5661\/"},"modified":"2026-04-17T13:25:50","modified_gmt":"2026-04-17T10:25:50","slug":"fossil-copeland-fs5661","status":"publish","type":"product","link":"https:\/\/ceasuri.md\/ru\/shop\/branduri\/fossil\/fossil-copeland-fs5661\/","title":{"rendered":"Ceas FOSSIL COPELAND FS5661"},"content":{"rendered":"<p>Combina\u021bia perfect\u0103 de conservatorism, stil \u0219i elegan\u021b\u0103. Acest ceas este completarea perfect\u0103 a look-ului unui b\u0103rbat.<\/p>\n<p>Ceas Copeland cu trei m\u00e2ini. Cadranul este realizat prin tehnologia Sunray. Marcaje cu liniu\u021be \u0219i cifre romane.<\/p>\n<p>Coroan\u0103 canelat\u0103. Carcas\u0103 rotund\u0103. Curea cu cataram\u0103 clasic\u0103.<\/p>","protected":false},"excerpt":{"rendered":"<p>Combina\u021bia perfect\u0103 de conservatorism, stil \u0219i elegan\u021b\u0103. Acest ceas este completarea perfect\u0103 a look-ului unui b\u0103rbat. Ceas Copeland cu trei m\u00e2ini. Cadranul este realizat prin tehnologia Sunray. Marcaje cu liniu\u021be \u0219i cifre romane. Coroan\u0103 canelat\u0103. Carcas\u0103 rotund\u0103. Curea cu cataram\u0103 clasic\u0103.<\/p>","protected":false},"featured_media":43183,"comment_status":"closed","ping_status":"open","template":"","meta":{"_acf_changed":false},"product_brand":[],"product_cat":[20,396],"product_tag":[],"class_list":{"0":"post-43182","1":"product","2":"type-product","3":"status-publish","4":"has-post-thumbnail","6":"product_cat-ceasuri-barbati","7":"product_cat-fossil","8":"pa_brand-fossil","9":"pa_braslet-piele","10":"pa_corpus-42-mm","11":"pa_forma-rotund","12":"pa_garatia-24-luni","13":"pa_korpus-argintiu","14":"pa_kvarc-quartz","15":"pa_material-otel-inoxidabil","16":"pa_mehanizm-quartz","17":"pa_remeshok-maro","18":"pa_steklo-cristal-mineral","19":"pa_strana-sua","20":"pa_voda-5-atm","22":"first","23":"instock","24":"purchasable","25":"product-type-simple"},"acf":[],"_links":{"self":[{"href":"https:\/\/ceasuri.md\/ru\/wp-json\/wp\/v2\/product\/43182","targetHints":{"allow":["GET"]}}],"collection":[{"href":"https:\/\/ceasuri.md\/ru\/wp-json\/wp\/v2\/product"}],"about":[{"href":"https:\/\/ceasuri.md\/ru\/wp-json\/wp\/v2\/types\/product"}],"replies":[{"embeddable":true,"href":"https:\/\/ceasuri.md\/ru\/wp-json\/wp\/v2\/comments?post=43182"}],"wp:featuredmedia":[{"embeddable":true,"href":"https:\/\/ceasuri.md\/ru\/wp-json\/wp\/v2\/media\/43183"}],"wp:attachment":[{"href":"https:\/\/ceasuri.md\/ru\/wp-json\/wp\/v2\/media?parent=43182"}],"wp:term":[{"taxonomy":"product_brand","embeddable":true,"href":"https:\/\/ceasuri.md\/ru\/wp-json\/wp\/v2\/product_brand?post=43182"},{"taxonomy":"product_cat","embeddable":true,"href":"https:\/\/ceasuri.md\/ru\/wp-json\/wp\/v2\/product_cat?post=43182"},{"taxonomy":"product_tag","embeddable":true,"href":"https:\/\/ceasuri.md\/ru\/wp-json\/wp\/v2\/product_tag?post=43182"}],"curies":[{"name":"wp","href":"https:\/\/api.w.org\/{rel}","templated":true}]}}