{"id":43159,"date":"2026-04-02T22:08:42","date_gmt":"2026-04-02T19:08:42","guid":{"rendered":"http:\/\/new.ceasuri.md\/shop\/uncategorized\/fossil-carlie-mini-es4433\/"},"modified":"2026-04-16T20:59:13","modified_gmt":"2026-04-16T17:59:13","slug":"fossil-carlie-mini-es4433","status":"publish","type":"product","link":"https:\/\/ceasuri.md\/ru\/shop\/branduri\/fossil\/fossil-carlie-mini-es4433\/","title":{"rendered":"Ceas FOSSIL ES4433 Carlie"},"content":{"rendered":"<p>Ceas de dam\u0103 din colec\u021bia Carlie. Ceasul are o carcas\u0103 rotund\u0103 din o\u021bel inoxidabil de culoarea aurului roz, cu un finisaj lustruit.<\/p>\n<p>Carcasa m\u0103soar\u0103 28 mm \u00een dimensiune \u0219i 7 mm \u00een grosime. Luneta din o\u021bel inoxidabil de culoarea aurului roz cu suprafa\u021b\u0103 lucioas\u0103.<\/p>\n<p>Cadran colorat \u00een nuc\u0103 de perle.<\/p>\n<p>Br\u0103\u021bar\u0103 din o\u021bel inoxidabil de culoarea aurului roz cu \u00eempletitur\u0103 milanez\u0103. Rezistent la ap\u0103 p\u00e2n\u0103 la 5 atm.<\/p>","protected":false},"excerpt":{"rendered":"<p>Ceas de dam\u0103 din colec\u021bia Carlie. Ceasul are o carcas\u0103 rotund\u0103 din o\u021bel inoxidabil de culoarea aurului roz, cu un finisaj lustruit. Carcasa m\u0103soar\u0103 28 mm \u00een dimensiune \u0219i 7 mm \u00een grosime. Luneta din o\u021bel inoxidabil de culoarea aurului roz cu suprafa\u021b\u0103 lucioas\u0103. Cadran colorat \u00een nuc\u0103 de perle. Br\u0103\u021bar\u0103 din o\u021bel inoxidabil de [&hellip;]<\/p>\n","protected":false},"featured_media":43160,"comment_status":"closed","ping_status":"open","template":"","meta":{"_acf_changed":false},"product_brand":[],"product_cat":[25,396],"product_tag":[],"class_list":{"0":"post-43159","1":"product","2":"type-product","3":"status-publish","4":"has-post-thumbnail","6":"product_cat-ceasuri-dama","7":"product_cat-fossil","8":"pa_brand-fossil","9":"pa_braslet-piele","10":"pa_corpus-28-mm","11":"pa_forma-rotund","12":"pa_garatia-24-luni","13":"pa_korpus-roz-gold","14":"pa_kvarc-quartz","15":"pa_material-otel-inoxidabil","16":"pa_mehanizm-quartz","17":"pa_remeshok-roz-gold","18":"pa_steklo-cristal-mineral","19":"pa_strana-sua","20":"pa_voda-5-atm","22":"first","23":"instock","24":"purchasable","25":"product-type-simple"},"acf":[],"_links":{"self":[{"href":"https:\/\/ceasuri.md\/ru\/wp-json\/wp\/v2\/product\/43159","targetHints":{"allow":["GET"]}}],"collection":[{"href":"https:\/\/ceasuri.md\/ru\/wp-json\/wp\/v2\/product"}],"about":[{"href":"https:\/\/ceasuri.md\/ru\/wp-json\/wp\/v2\/types\/product"}],"replies":[{"embeddable":true,"href":"https:\/\/ceasuri.md\/ru\/wp-json\/wp\/v2\/comments?post=43159"}],"wp:featuredmedia":[{"embeddable":true,"href":"https:\/\/ceasuri.md\/ru\/wp-json\/wp\/v2\/media\/43160"}],"wp:attachment":[{"href":"https:\/\/ceasuri.md\/ru\/wp-json\/wp\/v2\/media?parent=43159"}],"wp:term":[{"taxonomy":"product_brand","embeddable":true,"href":"https:\/\/ceasuri.md\/ru\/wp-json\/wp\/v2\/product_brand?post=43159"},{"taxonomy":"product_cat","embeddable":true,"href":"https:\/\/ceasuri.md\/ru\/wp-json\/wp\/v2\/product_cat?post=43159"},{"taxonomy":"product_tag","embeddable":true,"href":"https:\/\/ceasuri.md\/ru\/wp-json\/wp\/v2\/product_tag?post=43159"}],"curies":[{"name":"wp","href":"https:\/\/api.w.org\/{rel}","templated":true}]}}