{"id":43027,"date":"2021-11-30T22:31:00","date_gmt":"2021-11-30T20:31:00","guid":{"rendered":"http:\/\/new.ceasuri.md\/shop\/uncategorized\/anne-klein-box-set-ak-3598rgst\/"},"modified":"2026-05-01T16:43:03","modified_gmt":"2026-05-01T13:43:03","slug":"anne-klein-box-set-ak-3598rgst","status":"publish","type":"product","link":"https:\/\/ceasuri.md\/ru\/shop\/branduri\/anne-klein\/anne-klein-box-set-ak-3598rgst\/","title":{"rendered":"\u0427\u0430\u0441\u044b ANNE KLEIN BOX SET AK\/3598RGST"},"content":{"rendered":"<p>Cei care apreciaz\u0103 accesoriile frumoase \u0219i scumpe nu vor r\u0103m\u00e2ne indiferen\u021bi odat\u0103 ce arunc\u0103 o privire asupra colec\u021biilor de ceasuri de lux Anne Klein. Monitoarele brandului sunt caracterizate de o precizie impecabil\u0103 \u0219i de cea mai \u00eenalt\u0103 calitate, fiind completarea perfect\u0103 pentru orice look \u0219i stil.<\/p>\n<p>Designul acestor accesorii este \u00eendr\u0103zne\u021b \u0219i sofisticat \u00een acela\u0219i timp. Multe ceasuri Anne Klein sunt \u00eempodobite cu pietre Swarovski, ceea ce le face deosebit de unice.<\/p>\n<p>Un ceas Anne Klein nu numai c\u0103 v\u0103 poate completa colec\u021bia, dar poate deveni \u0219i un cadou frumos \u0219i binevenit pentru o persoan\u0103 drag\u0103.<\/p>","protected":false},"excerpt":{"rendered":"<p>Cei care apreciaz\u0103 accesoriile frumoase \u0219i scumpe nu vor r\u0103m\u00e2ne indiferen\u021bi odat\u0103 ce arunc\u0103 o privire asupra colec\u021biilor de ceasuri de lux Anne Klein. Monitoarele brandului sunt caracterizate de o precizie impecabil\u0103 \u0219i de cea mai \u00eenalt\u0103 calitate, fiind completarea perfect\u0103 pentru orice look \u0219i stil. Designul acestor accesorii este \u00eendr\u0103zne\u021b \u0219i sofisticat \u00een acela\u0219i [&hellip;]<\/p>\n","protected":false},"featured_media":43028,"comment_status":"closed","ping_status":"open","template":"","meta":{"_acf_changed":false},"product_brand":[],"product_cat":[573,25],"product_tag":[],"class_list":{"0":"post-43027","1":"product","2":"type-product","3":"status-publish","4":"has-post-thumbnail","6":"product_cat-anne-klein","7":"product_cat-ceasuri-dama","8":"pa_brand-anne-klein","9":"pa_braslet-otel-inoxidabil","10":"pa_corpus-26-mm","11":"pa_decor-cristale-swarowski","12":"pa_forma-rotund","13":"pa_funcii-set-cadou","14":"pa_garatia-24-luni","15":"pa_korpus-roz-gold","16":"pa_kvarc-quartz","17":"pa_material-alama","18":"pa_mehanizm-quartz","19":"pa_remeshok-roz-gold","20":"pa_steklo-cristal-mineral","21":"pa_strana-sua","22":"pa_voda-3-atm","24":"first","25":"instock","26":"purchasable","27":"product-type-simple"},"acf":[],"_links":{"self":[{"href":"https:\/\/ceasuri.md\/ru\/wp-json\/wp\/v2\/product\/43027","targetHints":{"allow":["GET"]}}],"collection":[{"href":"https:\/\/ceasuri.md\/ru\/wp-json\/wp\/v2\/product"}],"about":[{"href":"https:\/\/ceasuri.md\/ru\/wp-json\/wp\/v2\/types\/product"}],"replies":[{"embeddable":true,"href":"https:\/\/ceasuri.md\/ru\/wp-json\/wp\/v2\/comments?post=43027"}],"wp:featuredmedia":[{"embeddable":true,"href":"https:\/\/ceasuri.md\/ru\/wp-json\/wp\/v2\/media\/43028"}],"wp:attachment":[{"href":"https:\/\/ceasuri.md\/ru\/wp-json\/wp\/v2\/media?parent=43027"}],"wp:term":[{"taxonomy":"product_brand","embeddable":true,"href":"https:\/\/ceasuri.md\/ru\/wp-json\/wp\/v2\/product_brand?post=43027"},{"taxonomy":"product_cat","embeddable":true,"href":"https:\/\/ceasuri.md\/ru\/wp-json\/wp\/v2\/product_cat?post=43027"},{"taxonomy":"product_tag","embeddable":true,"href":"https:\/\/ceasuri.md\/ru\/wp-json\/wp\/v2\/product_tag?post=43027"}],"curies":[{"name":"wp","href":"https:\/\/api.w.org\/{rel}","templated":true}]}}