{"id":42980,"date":"2021-11-30T22:31:00","date_gmt":"2021-11-30T20:31:00","guid":{"rendered":"http:\/\/new.ceasuri.md\/shop\/uncategorized\/anne-klein-crystal-metals-ak-3103mpsv\/"},"modified":"2026-05-01T16:42:44","modified_gmt":"2026-05-01T13:42:44","slug":"anne-klein-crystal-metals-ak-3103mpsv","status":"publish","type":"product","link":"https:\/\/ceasuri.md\/ru\/shop\/branduri\/anne-klein\/anne-klein-crystal-metals-ak-3103mpsv\/","title":{"rendered":"\u0427\u0430\u0441\u044b ANNE KLEIN CRYSTAL METALS AK\/3103MPSV"},"content":{"rendered":"<p>easul Anne Klein este accesoriul perfect pentru femeile elegante \u0219i \u00eencrez\u0103toare.<\/p>\n<p>Cadranul elegant din nuc\u0103 de perle cu cristale Swarovski ofer\u0103 acestui ceas o str\u0103lucire unic\u0103.<\/p>\n<p>Br\u0103\u021bara metalic\u0103 din o\u021bel inoxidabil \u0219i carcasa argintie creeaz\u0103 un aspect sofisticat, dar modern, care v\u0103 va sublinia gustul \u0219i stilul.<\/p>","protected":false},"excerpt":{"rendered":"<p>easul Anne Klein este accesoriul perfect pentru femeile elegante \u0219i \u00eencrez\u0103toare. Cadranul elegant din nuc\u0103 de perle cu cristale Swarovski ofer\u0103 acestui ceas o str\u0103lucire unic\u0103. Br\u0103\u021bara metalic\u0103 din o\u021bel inoxidabil \u0219i carcasa argintie creeaz\u0103 un aspect sofisticat, dar modern, care v\u0103 va sublinia gustul \u0219i stilul.<\/p>","protected":false},"featured_media":42981,"comment_status":"closed","ping_status":"open","template":"","meta":{"_acf_changed":false},"product_brand":[],"product_cat":[573,25],"product_tag":[],"class_list":{"0":"post-42980","1":"product","2":"type-product","3":"status-publish","4":"has-post-thumbnail","6":"product_cat-anne-klein","7":"product_cat-ceasuri-dama","8":"pa_brand-anne-klein","9":"pa_braslet-otel-inoxidabil","10":"pa_corpus-33-mm","11":"pa_decor-cristale-swarowski","12":"pa_forma-rotund","13":"pa_garatia-24-luni","14":"pa_korpus-argintiu","15":"pa_kvarc-quartz","16":"pa_material-alama","17":"pa_mehanizm-quartz","18":"pa_remeshok-argintiu","19":"pa_steklo-cristal-mineral","20":"pa_strana-sua","21":"pa_voda-3-atm","23":"first","24":"instock","25":"purchasable","26":"product-type-simple"},"acf":[],"_links":{"self":[{"href":"https:\/\/ceasuri.md\/ru\/wp-json\/wp\/v2\/product\/42980","targetHints":{"allow":["GET"]}}],"collection":[{"href":"https:\/\/ceasuri.md\/ru\/wp-json\/wp\/v2\/product"}],"about":[{"href":"https:\/\/ceasuri.md\/ru\/wp-json\/wp\/v2\/types\/product"}],"replies":[{"embeddable":true,"href":"https:\/\/ceasuri.md\/ru\/wp-json\/wp\/v2\/comments?post=42980"}],"wp:featuredmedia":[{"embeddable":true,"href":"https:\/\/ceasuri.md\/ru\/wp-json\/wp\/v2\/media\/42981"}],"wp:attachment":[{"href":"https:\/\/ceasuri.md\/ru\/wp-json\/wp\/v2\/media?parent=42980"}],"wp:term":[{"taxonomy":"product_brand","embeddable":true,"href":"https:\/\/ceasuri.md\/ru\/wp-json\/wp\/v2\/product_brand?post=42980"},{"taxonomy":"product_cat","embeddable":true,"href":"https:\/\/ceasuri.md\/ru\/wp-json\/wp\/v2\/product_cat?post=42980"},{"taxonomy":"product_tag","embeddable":true,"href":"https:\/\/ceasuri.md\/ru\/wp-json\/wp\/v2\/product_tag?post=42980"}],"curies":[{"name":"wp","href":"https:\/\/api.w.org\/{rel}","templated":true}]}}