{"id":42973,"date":"2021-11-30T22:31:00","date_gmt":"2021-11-30T20:31:00","guid":{"rendered":"http:\/\/new.ceasuri.md\/shop\/uncategorized\/anne-klein-diamond-ak-2512gyrg\/"},"modified":"2026-05-01T16:42:39","modified_gmt":"2026-05-01T13:42:39","slug":"anne-klein-diamond-ak-2512gyrg","status":"publish","type":"product","link":"https:\/\/ceasuri.md\/ru\/shop\/branduri\/anne-klein\/anne-klein-diamond-ak-2512gyrg\/","title":{"rendered":"\u0427\u0430\u0441\u044b ANNE KLEIN DIAMOND AK\/2512GYRG"},"content":{"rendered":"<p>Ceasul de m\u00e2n\u0103 pentru femei ANNE KLEIN . Carcasa este fabricat\u0103 din o\u021bel inoxidabil cu acoperire PVD de culoare roz.<\/p>\n<p>Cadranul \u0219i br\u0103\u021bara sunt negre, ceea ce arat\u0103 luminos \u0219i neobi\u0219nuit \u0219i, de asemenea, atrage aten\u021bia.<\/p>\n<p>Acest model este de dimensiuni medii &#8211; diametrul este de 34 mm. Ceasul este echipat cu o mi\u0219care cu cuar\u021b de \u00eenalt\u0103 precizie.<\/p>\n<p>Ceasul are o rezisten\u021b\u0103 la ap\u0103 de 30 de metri \u0219i nu este destinat contactului prelungit cu apa.<\/p>\n<p>Acest model este decorat cu un diamant real, care este situat pe cadran la ora 12.<\/p>\n<p>Ceasul ANNE KLEIN v\u0103 va face s\u0103 v\u0103 sim\u021bi\u021bi la \u00een\u0103l\u021bime \u0219i s\u0103 atrage\u021bi privirile celor din jur.<\/p>","protected":false},"excerpt":{"rendered":"<p>Ceasul de m\u00e2n\u0103 pentru femei ANNE KLEIN . Carcasa este fabricat\u0103 din o\u021bel inoxidabil cu acoperire PVD de culoare roz. Cadranul \u0219i br\u0103\u021bara sunt negre, ceea ce arat\u0103 luminos \u0219i neobi\u0219nuit \u0219i, de asemenea, atrage aten\u021bia. Acest model este de dimensiuni medii &#8211; diametrul este de 34 mm. Ceasul este echipat cu o mi\u0219care cu [&hellip;]<\/p>\n","protected":false},"featured_media":42974,"comment_status":"closed","ping_status":"open","template":"","meta":{"_acf_changed":false},"product_brand":[],"product_cat":[573,25],"product_tag":[],"class_list":{"0":"post-42973","1":"product","2":"type-product","3":"status-publish","4":"has-post-thumbnail","6":"product_cat-anne-klein","7":"product_cat-ceasuri-dama","8":"pa_brand-anne-klein","9":"pa_braslet-otel-inoxidabil","10":"pa_corpus-34-mm","11":"pa_decor-diamante","12":"pa_forma-rotund","13":"pa_garatia-24-luni","14":"pa_korpus-roz-gold","15":"pa_kvarc-quartz","16":"pa_material-alama","17":"pa_mehanizm-quartz","18":"pa_remeshok-bicolor","19":"pa_steklo-cristal-mineral","20":"pa_strana-sua","21":"pa_voda-3-atm","23":"first","24":"instock","25":"purchasable","26":"product-type-simple"},"acf":[],"_links":{"self":[{"href":"https:\/\/ceasuri.md\/ru\/wp-json\/wp\/v2\/product\/42973","targetHints":{"allow":["GET"]}}],"collection":[{"href":"https:\/\/ceasuri.md\/ru\/wp-json\/wp\/v2\/product"}],"about":[{"href":"https:\/\/ceasuri.md\/ru\/wp-json\/wp\/v2\/types\/product"}],"replies":[{"embeddable":true,"href":"https:\/\/ceasuri.md\/ru\/wp-json\/wp\/v2\/comments?post=42973"}],"wp:featuredmedia":[{"embeddable":true,"href":"https:\/\/ceasuri.md\/ru\/wp-json\/wp\/v2\/media\/42974"}],"wp:attachment":[{"href":"https:\/\/ceasuri.md\/ru\/wp-json\/wp\/v2\/media?parent=42973"}],"wp:term":[{"taxonomy":"product_brand","embeddable":true,"href":"https:\/\/ceasuri.md\/ru\/wp-json\/wp\/v2\/product_brand?post=42973"},{"taxonomy":"product_cat","embeddable":true,"href":"https:\/\/ceasuri.md\/ru\/wp-json\/wp\/v2\/product_cat?post=42973"},{"taxonomy":"product_tag","embeddable":true,"href":"https:\/\/ceasuri.md\/ru\/wp-json\/wp\/v2\/product_tag?post=42973"}],"curies":[{"name":"wp","href":"https:\/\/api.w.org\/{rel}","templated":true}]}}