{"id":42965,"date":"2021-11-30T22:31:00","date_gmt":"2021-11-30T20:31:00","guid":{"rendered":"http:\/\/new.ceasuri.md\/shop\/uncategorized\/anne-klein-metals-ak-2158rgrg\/"},"modified":"2026-05-01T16:42:34","modified_gmt":"2026-05-01T13:42:34","slug":"anne-klein-metals-ak-2158rgrg","status":"publish","type":"product","link":"https:\/\/ceasuri.md\/ru\/shop\/branduri\/anne-klein\/anne-klein-metals-ak-2158rgrg\/","title":{"rendered":"\u0427\u0430\u0441\u044b ANNE KLEIN METALS AK\/2158RGRG"},"content":{"rendered":"<p>Anne Klein este un ceas de mod\u0103 pentru femei, care va ar\u0103ta foarte bine at\u00e2t cu \u021binute casual, c\u00e2t \u0219i elegante.<\/p>\n<p>Carcasa este realizat\u0103 din o\u021bel inoxidabil solid, acoperit\u0103 cu un strat roz. O br\u0103\u021bar\u0103 roz din o\u021bel este u\u0219or de utilizat \u0219i se potrive\u0219te perfect cu alte elemente ale ceasului.<\/p>\n<p>Cadranul roz este acoperit de un cristal mineral, care este renumit pentru rezisten\u021ba sa ridicat\u0103 la \u0219ocuri \u0219i zg\u00e2rieturi care sunt cauzate \u00een timpul utiliz\u0103rii zilnice.<\/p>\n<p>Un nivel de rezisten\u021b\u0103 la ap\u0103 de 30 m \u00eenseamn\u0103 c\u0103 interiorul ceasului nu se va uda \u00een cazul unor stropi minori.<\/p>","protected":false},"excerpt":{"rendered":"<p>Anne Klein este un ceas de mod\u0103 pentru femei, care va ar\u0103ta foarte bine at\u00e2t cu \u021binute casual, c\u00e2t \u0219i elegante. Carcasa este realizat\u0103 din o\u021bel inoxidabil solid, acoperit\u0103 cu un strat roz. O br\u0103\u021bar\u0103 roz din o\u021bel este u\u0219or de utilizat \u0219i se potrive\u0219te perfect cu alte elemente ale ceasului. Cadranul roz este acoperit [&hellip;]<\/p>\n","protected":false},"featured_media":42966,"comment_status":"closed","ping_status":"open","template":"","meta":{"_acf_changed":false},"product_brand":[],"product_cat":[573,25],"product_tag":[],"class_list":{"0":"post-42965","1":"product","2":"type-product","3":"status-publish","4":"has-post-thumbnail","6":"product_cat-anne-klein","7":"product_cat-ceasuri-dama","8":"pa_brand-anne-klein","9":"pa_braslet-otel-inoxidabil","10":"pa_corpus-30-mm","11":"pa_forma-rotund","12":"pa_garatia-24-luni","13":"pa_korpus-roz-gold","14":"pa_kvarc-quartz","15":"pa_material-alama","16":"pa_mehanizm-quartz","17":"pa_remeshok-roz-gold","18":"pa_steklo-cristal-mineral","19":"pa_strana-sua","20":"pa_voda-3-atm","22":"first","23":"instock","24":"purchasable","25":"product-type-simple"},"acf":[],"_links":{"self":[{"href":"https:\/\/ceasuri.md\/ru\/wp-json\/wp\/v2\/product\/42965","targetHints":{"allow":["GET"]}}],"collection":[{"href":"https:\/\/ceasuri.md\/ru\/wp-json\/wp\/v2\/product"}],"about":[{"href":"https:\/\/ceasuri.md\/ru\/wp-json\/wp\/v2\/types\/product"}],"replies":[{"embeddable":true,"href":"https:\/\/ceasuri.md\/ru\/wp-json\/wp\/v2\/comments?post=42965"}],"wp:featuredmedia":[{"embeddable":true,"href":"https:\/\/ceasuri.md\/ru\/wp-json\/wp\/v2\/media\/42966"}],"wp:attachment":[{"href":"https:\/\/ceasuri.md\/ru\/wp-json\/wp\/v2\/media?parent=42965"}],"wp:term":[{"taxonomy":"product_brand","embeddable":true,"href":"https:\/\/ceasuri.md\/ru\/wp-json\/wp\/v2\/product_brand?post=42965"},{"taxonomy":"product_cat","embeddable":true,"href":"https:\/\/ceasuri.md\/ru\/wp-json\/wp\/v2\/product_cat?post=42965"},{"taxonomy":"product_tag","embeddable":true,"href":"https:\/\/ceasuri.md\/ru\/wp-json\/wp\/v2\/product_tag?post=42965"}],"curies":[{"name":"wp","href":"https:\/\/api.w.org\/{rel}","templated":true}]}}