{"id":42894,"date":"2026-04-02T22:05:57","date_gmt":"2026-04-02T19:05:57","guid":{"rendered":"http:\/\/new.ceasuri.md\/shop\/uncategorized\/casio-g-shock-ga-2100su-1aer\/"},"modified":"2026-04-20T00:07:51","modified_gmt":"2026-04-19T21:07:51","slug":"casio-g-shock-ga-2100su-1aer","status":"publish","type":"product","link":"https:\/\/ceasuri.md\/ru\/shop\/branduri\/casio\/casio-g-shock-ga-2100su-1aer\/","title":{"rendered":"Ceas CASIO G-SHOCK GA-2100SU-1AER"},"content":{"rendered":"<p>Acest nou model combin\u0103 culorile practice \u0219i utilitare ale cadranelor, fe\u021belor \u0219i benzilor care se potrivesc bine cu moda str\u0103zii, pentru a crea un aspect distinctiv care se potrive\u0219te perfect cu o gam\u0103 larg\u0103 de mode \u0219i activit\u0103\u021bi. Modelul de camuflaj imprimat pe luneta modelului GA-2100SU creeaz\u0103 noi modele foarte ar\u0103toase.<\/p>\n<p>Acest nou model G-SHOCK combin\u0103 carcasele sub\u021biri cu noi modele.<\/p>\n<p>Structur\u0103 de protec\u021bie cu miez de carbon<\/p>\n<p>O nou\u0103 structur\u0103 de protec\u021bie a miezului de carbon protejeaz\u0103 modulul prin \u00eenglobarea acestuia \u00eentr-o carcas\u0103 de carbon. Carcasa este realizat\u0103 din r\u0103\u0219in\u0103 fin\u0103 \u00eencorporat\u0103 cu fibre de carbon pentru o rezisten\u021b\u0103 excep\u021bional\u0103, rezisten\u021b\u0103 la fisuri \u0219i durabilitate.<\/p>","protected":false},"excerpt":{"rendered":"<p>Acest nou model combin\u0103 culorile practice \u0219i utilitare ale cadranelor, fe\u021belor \u0219i benzilor care se potrivesc bine cu moda str\u0103zii, pentru a crea un aspect distinctiv care se potrive\u0219te perfect cu o gam\u0103 larg\u0103 de mode \u0219i activit\u0103\u021bi. Modelul de camuflaj imprimat pe luneta modelului GA-2100SU creeaz\u0103 noi modele foarte ar\u0103toase. Acest nou model G-SHOCK [&hellip;]<\/p>\n","protected":false},"featured_media":42895,"comment_status":"closed","ping_status":"open","template":"","meta":{"_acf_changed":false},"product_brand":[],"product_cat":[27,20,25,419],"product_tag":[],"class_list":{"0":"post-42894","1":"product","2":"type-product","3":"status-publish","4":"has-post-thumbnail","6":"product_cat-casio","7":"product_cat-ceasuri-barbati","8":"product_cat-ceasuri-dama","9":"product_cat-g-shock","10":"pa_brand-casio","11":"pa_brand-g-shock","12":"pa_braslet-plastic","13":"pa_corpus-45x49mm","14":"pa_forma-octogonala","15":"pa_funcii-alarma","16":"pa_funcii-calendar","17":"pa_funcii-cronometru","18":"pa_funcii-iluminare","19":"pa_funcii-timp-mondial","20":"pa_funcii-ziua-saptamanii","21":"pa_garatia-24-luni","22":"pa_korpus-negru","23":"pa_korpus-verde","24":"pa_kvarc-quartz","25":"pa_material-carbon","26":"pa_material-plastic","27":"pa_mehanizm-electronic","28":"pa_mehanizm-quartz","29":"pa_remeshok-negru","30":"pa_steklo-cristal-mineral","31":"pa_strana-japonia","32":"pa_voda-20-atm","34":"first","35":"instock","36":"purchasable","37":"product-type-simple"},"acf":[],"_links":{"self":[{"href":"https:\/\/ceasuri.md\/ru\/wp-json\/wp\/v2\/product\/42894","targetHints":{"allow":["GET"]}}],"collection":[{"href":"https:\/\/ceasuri.md\/ru\/wp-json\/wp\/v2\/product"}],"about":[{"href":"https:\/\/ceasuri.md\/ru\/wp-json\/wp\/v2\/types\/product"}],"replies":[{"embeddable":true,"href":"https:\/\/ceasuri.md\/ru\/wp-json\/wp\/v2\/comments?post=42894"}],"wp:featuredmedia":[{"embeddable":true,"href":"https:\/\/ceasuri.md\/ru\/wp-json\/wp\/v2\/media\/42895"}],"wp:attachment":[{"href":"https:\/\/ceasuri.md\/ru\/wp-json\/wp\/v2\/media?parent=42894"}],"wp:term":[{"taxonomy":"product_brand","embeddable":true,"href":"https:\/\/ceasuri.md\/ru\/wp-json\/wp\/v2\/product_brand?post=42894"},{"taxonomy":"product_cat","embeddable":true,"href":"https:\/\/ceasuri.md\/ru\/wp-json\/wp\/v2\/product_cat?post=42894"},{"taxonomy":"product_tag","embeddable":true,"href":"https:\/\/ceasuri.md\/ru\/wp-json\/wp\/v2\/product_tag?post=42894"}],"curies":[{"name":"wp","href":"https:\/\/api.w.org\/{rel}","templated":true}]}}