{"id":42875,"date":"2026-04-02T22:04:39","date_gmt":"2026-04-02T19:04:39","guid":{"rendered":"http:\/\/new.ceasuri.md\/shop\/uncategorized\/seiko-prospex-divers-limited-edition-spb213j1\/"},"modified":"2026-04-20T00:47:00","modified_gmt":"2026-04-19T21:47:00","slug":"seiko-prospex-divers-limited-edition-spb213j1","status":"publish","type":"product","link":"https:\/\/ceasuri.md\/ru\/shop\/branduri\/seiko\/seiko-prospex-divers-limited-edition-spb213j1\/","title":{"rendered":"\u0427\u0430\u0441\u044b SEIKO PROSPEX DIVERS LIMITED EDITION SPB213J1"},"content":{"rendered":"<p>Ceas mecanic de b\u0103rba\u021bi rezistent la ap\u0103, cu func\u021bionare automat\u0103, cu br\u0103\u021bar\u0103 din o\u021bel &#8211; ideal pentru orice sarcin\u0103 pe orice vreme. Edi\u021bie limitat\u0103 de 6000 de buc\u0103\u021bi.<\/p>\n<p>24 de bijuterii, 21600 de vibra\u021bii pe or\u0103.Rezerv\u0103 de putere de p\u00e2n\u0103 la 70 de ore. Func\u021bie stop-secund\u0103. Op\u021biune de \u00eenf\u0103\u0219urare manual\u0103.<\/p>\n<p>Carcas\u0103 rotund\u0103 din o\u021bel inoxidabil. Luneta canelat\u0103 se rote\u0219te \u00eentr-o singur\u0103 direc\u021bie.<\/p>\n<p>Cadranul este protejat de un cristal de safir rezistent la zg\u00e2rieturi. M\u00e2ini dreptunghiulare ascu\u021bite, markeri puncta\u021bi pe cadran \u0219i un marker zero pe lunet\u0103, cu un strat luminescent LumiBrite, care str\u0103luce\u0219te \u00een \u00eentuneric. Fereastr\u0103 pentru dat\u0103 la ora 3.<\/p>\n<p>Coroan\u0103 \u00een\u0219urubat\u0103.<\/p>","protected":false},"excerpt":{"rendered":"<p>Ceas mecanic de b\u0103rba\u021bi rezistent la ap\u0103, cu func\u021bionare automat\u0103, cu br\u0103\u021bar\u0103 din o\u021bel &#8211; ideal pentru orice sarcin\u0103 pe orice vreme. Edi\u021bie limitat\u0103 de 6000 de buc\u0103\u021bi. 24 de bijuterii, 21600 de vibra\u021bii pe or\u0103.Rezerv\u0103 de putere de p\u00e2n\u0103 la 70 de ore. Func\u021bie stop-secund\u0103. Op\u021biune de \u00eenf\u0103\u0219urare manual\u0103. Carcas\u0103 rotund\u0103 din o\u021bel inoxidabil. [&hellip;]<\/p>\n","protected":false},"featured_media":42876,"comment_status":"closed","ping_status":"open","template":"","meta":{"_acf_changed":false},"product_brand":[],"product_cat":[20,106,205,588],"product_tag":[],"class_list":{"0":"post-42875","1":"product","2":"type-product","3":"status-publish","4":"has-post-thumbnail","6":"product_cat-ceasuri-barbati","7":"product_cat-ceasuri-premium","8":"product_cat-limited-edition","9":"product_cat-seiko","10":"pa_brand-seiko","11":"pa_braslet-otel-inoxidabil","12":"pa_corpus-41-mm","13":"pa_forma-rotund","14":"pa_funcii-limited-edition","15":"pa_funcii-ziua-saptamanii","16":"pa_garatia-24-luni","17":"pa_korpus-argintiu","18":"pa_material-otel-inoxidabil","19":"pa_mehanizm-mecanic","20":"pa_mehanizm-mecanism-automatic","21":"pa_remeshok-argintiu","22":"pa_steklo-cristal-safir","23":"pa_strana-japonia","24":"pa_voda-20-atm","26":"first","27":"instock","28":"purchasable","29":"product-type-simple"},"acf":[],"_links":{"self":[{"href":"https:\/\/ceasuri.md\/ru\/wp-json\/wp\/v2\/product\/42875","targetHints":{"allow":["GET"]}}],"collection":[{"href":"https:\/\/ceasuri.md\/ru\/wp-json\/wp\/v2\/product"}],"about":[{"href":"https:\/\/ceasuri.md\/ru\/wp-json\/wp\/v2\/types\/product"}],"replies":[{"embeddable":true,"href":"https:\/\/ceasuri.md\/ru\/wp-json\/wp\/v2\/comments?post=42875"}],"wp:featuredmedia":[{"embeddable":true,"href":"https:\/\/ceasuri.md\/ru\/wp-json\/wp\/v2\/media\/42876"}],"wp:attachment":[{"href":"https:\/\/ceasuri.md\/ru\/wp-json\/wp\/v2\/media?parent=42875"}],"wp:term":[{"taxonomy":"product_brand","embeddable":true,"href":"https:\/\/ceasuri.md\/ru\/wp-json\/wp\/v2\/product_brand?post=42875"},{"taxonomy":"product_cat","embeddable":true,"href":"https:\/\/ceasuri.md\/ru\/wp-json\/wp\/v2\/product_cat?post=42875"},{"taxonomy":"product_tag","embeddable":true,"href":"https:\/\/ceasuri.md\/ru\/wp-json\/wp\/v2\/product_tag?post=42875"}],"curies":[{"name":"wp","href":"https:\/\/api.w.org\/{rel}","templated":true}]}}