{"id":42872,"date":"2022-11-30T20:01:03","date_gmt":"2022-11-30T18:01:03","guid":{"rendered":"http:\/\/new.ceasuri.md\/shop\/uncategorized\/seiko-cs-dress-sur449p1\/"},"modified":"2026-05-01T16:41:13","modified_gmt":"2026-05-01T13:41:13","slug":"seiko-cs-dress-sur449p1","status":"publish","type":"product","link":"https:\/\/ceasuri.md\/ru\/shop\/branduri\/seiko\/seiko-cs-dress-sur449p1\/","title":{"rendered":"\u0427\u0430\u0441\u044b SEIKO CS DRESS SUR449P1"},"content":{"rendered":"<p>Ad\u0103uga\u021bi o nou\u0103 via\u021b\u0103 la \u00eencheietura m\u00e2inii dvs. cu acest ceas Gents Dress style de la Seiko.<\/p>\n<p>Dispun\u00e2nd de o fa\u021b\u0103 analogic\u0103 excelent\u0103 de culoare verde \u00eentr-o carcas\u0103 cu diametrul de 40 mm \u0219i grosimea de 8 mm.<\/p>\n<p>Cu o curea din piele de lungime standard.<\/p>\n<p>Acest ceas este rezistent la ap\u0103 p\u00e2n\u0103 la 100 de metri.<\/p>","protected":false},"excerpt":{"rendered":"<p>Ad\u0103uga\u021bi o nou\u0103 via\u021b\u0103 la \u00eencheietura m\u00e2inii dvs. cu acest ceas Gents Dress style de la Seiko. Dispun\u00e2nd de o fa\u021b\u0103 analogic\u0103 excelent\u0103 de culoare verde \u00eentr-o carcas\u0103 cu diametrul de 40 mm \u0219i grosimea de 8 mm. Cu o curea din piele de lungime standard. Acest ceas este rezistent la ap\u0103 p\u00e2n\u0103 la 100 [&hellip;]<\/p>\n","protected":false},"featured_media":42873,"comment_status":"closed","ping_status":"open","template":"","meta":{"_acf_changed":false},"product_brand":[],"product_cat":[20,588],"product_tag":[],"class_list":{"0":"post-42872","1":"product","2":"type-product","3":"status-publish","4":"has-post-thumbnail","6":"product_cat-ceasuri-barbati","7":"product_cat-seiko","8":"pa_brand-seiko","9":"pa_braslet-piele","10":"pa_corpus-40-mm","11":"pa_forma-rotund","12":"pa_funcii-data","13":"pa_funcii-ziua-saptamanii","14":"pa_garatia-24-luni","15":"pa_korpus-argintiu","16":"pa_kvarc-quartz","17":"pa_material-otel-inoxidabil","18":"pa_mehanizm-quartz","19":"pa_remeshok-maro","20":"pa_steklo-cristal-safir","21":"pa_strana-japonia","22":"pa_voda-10-atm","24":"first","25":"instock","26":"purchasable","27":"product-type-simple"},"acf":[],"_links":{"self":[{"href":"https:\/\/ceasuri.md\/ru\/wp-json\/wp\/v2\/product\/42872","targetHints":{"allow":["GET"]}}],"collection":[{"href":"https:\/\/ceasuri.md\/ru\/wp-json\/wp\/v2\/product"}],"about":[{"href":"https:\/\/ceasuri.md\/ru\/wp-json\/wp\/v2\/types\/product"}],"replies":[{"embeddable":true,"href":"https:\/\/ceasuri.md\/ru\/wp-json\/wp\/v2\/comments?post=42872"}],"wp:featuredmedia":[{"embeddable":true,"href":"https:\/\/ceasuri.md\/ru\/wp-json\/wp\/v2\/media\/42873"}],"wp:attachment":[{"href":"https:\/\/ceasuri.md\/ru\/wp-json\/wp\/v2\/media?parent=42872"}],"wp:term":[{"taxonomy":"product_brand","embeddable":true,"href":"https:\/\/ceasuri.md\/ru\/wp-json\/wp\/v2\/product_brand?post=42872"},{"taxonomy":"product_cat","embeddable":true,"href":"https:\/\/ceasuri.md\/ru\/wp-json\/wp\/v2\/product_cat?post=42872"},{"taxonomy":"product_tag","embeddable":true,"href":"https:\/\/ceasuri.md\/ru\/wp-json\/wp\/v2\/product_tag?post=42872"}],"curies":[{"name":"wp","href":"https:\/\/api.w.org\/{rel}","templated":true}]}}