{"id":42864,"date":"2026-04-02T22:04:39","date_gmt":"2026-04-02T19:04:39","guid":{"rendered":"http:\/\/new.ceasuri.md\/shop\/uncategorized\/seiko-cs-dress-sur345p1\/"},"modified":"2026-04-20T00:50:36","modified_gmt":"2026-04-19T21:50:36","slug":"seiko-cs-dress-sur345p1","status":"publish","type":"product","link":"https:\/\/ceasuri.md\/ru\/shop\/branduri\/seiko\/seiko-cs-dress-sur345p1\/","title":{"rendered":"\u0427\u0430\u0441\u044b SEIKO CS DRESS SUR345P1"},"content":{"rendered":"<p>Carcas\u0103 din o\u021bel inoxidabil cu o br\u0103\u021bar\u0103 din o\u021bel inoxidabil. Luneta fix\u0103.<\/p>\n<p>Cadran argintiu, cu m\u00e2ini luminoase argintii de tip index \u0219i indexuri de ore. Indicatori de minute \u00een jurul marginii exterioare. Tip de cadran: Analogic.<\/p>\n<p>Afi\u0219ajul zilei s\u0103pt\u0103m\u00e2nii \u0219i al datei \u00een pozi\u021bia de la ora 3.<\/p>\n<p>Mi\u0219care cu cuar\u021b.<\/p>\n<p>Cristal safir rezistent la zg\u00e2rieturi.<\/p>","protected":false},"excerpt":{"rendered":"<p>Carcas\u0103 din o\u021bel inoxidabil cu o br\u0103\u021bar\u0103 din o\u021bel inoxidabil. Luneta fix\u0103. Cadran argintiu, cu m\u00e2ini luminoase argintii de tip index \u0219i indexuri de ore. Indicatori de minute \u00een jurul marginii exterioare. Tip de cadran: Analogic. Afi\u0219ajul zilei s\u0103pt\u0103m\u00e2nii \u0219i al datei \u00een pozi\u021bia de la ora 3. Mi\u0219care cu cuar\u021b. Cristal safir rezistent la [&hellip;]<\/p>\n","protected":false},"featured_media":42865,"comment_status":"closed","ping_status":"open","template":"","meta":{"_acf_changed":false},"product_brand":[],"product_cat":[20,25,588],"product_tag":[],"class_list":{"0":"post-42864","1":"product","2":"type-product","3":"status-publish","4":"has-post-thumbnail","6":"product_cat-ceasuri-barbati","7":"product_cat-ceasuri-dama","8":"product_cat-seiko","9":"pa_brand-seiko","10":"pa_braslet-otel-inoxidabil","11":"pa_corpus-36-mm","12":"pa_forma-rotund","13":"pa_funcii-data","14":"pa_funcii-ziua-saptamanii","15":"pa_garatia-24-luni","16":"pa_korpus-argintiu","17":"pa_kvarc-quartz","18":"pa_material-otel-inoxidabil","19":"pa_mehanizm-quartz","20":"pa_remeshok-argintiu","21":"pa_steklo-cristal-safir","22":"pa_strana-japonia","23":"pa_voda-10-atm","25":"first","26":"instock","27":"purchasable","28":"product-type-simple"},"acf":[],"_links":{"self":[{"href":"https:\/\/ceasuri.md\/ru\/wp-json\/wp\/v2\/product\/42864","targetHints":{"allow":["GET"]}}],"collection":[{"href":"https:\/\/ceasuri.md\/ru\/wp-json\/wp\/v2\/product"}],"about":[{"href":"https:\/\/ceasuri.md\/ru\/wp-json\/wp\/v2\/types\/product"}],"replies":[{"embeddable":true,"href":"https:\/\/ceasuri.md\/ru\/wp-json\/wp\/v2\/comments?post=42864"}],"wp:featuredmedia":[{"embeddable":true,"href":"https:\/\/ceasuri.md\/ru\/wp-json\/wp\/v2\/media\/42865"}],"wp:attachment":[{"href":"https:\/\/ceasuri.md\/ru\/wp-json\/wp\/v2\/media?parent=42864"}],"wp:term":[{"taxonomy":"product_brand","embeddable":true,"href":"https:\/\/ceasuri.md\/ru\/wp-json\/wp\/v2\/product_brand?post=42864"},{"taxonomy":"product_cat","embeddable":true,"href":"https:\/\/ceasuri.md\/ru\/wp-json\/wp\/v2\/product_cat?post=42864"},{"taxonomy":"product_tag","embeddable":true,"href":"https:\/\/ceasuri.md\/ru\/wp-json\/wp\/v2\/product_tag?post=42864"}],"curies":[{"name":"wp","href":"https:\/\/api.w.org\/{rel}","templated":true}]}}