{"id":42856,"date":"2026-04-02T22:04:39","date_gmt":"2026-04-02T19:04:39","guid":{"rendered":"http:\/\/new.ceasuri.md\/shop\/uncategorized\/seiko-cs-dress-sur339p1\/"},"modified":"2026-04-20T00:50:33","modified_gmt":"2026-04-19T21:50:33","slug":"seiko-cs-dress-sur339p1","status":"publish","type":"product","link":"https:\/\/ceasuri.md\/ru\/shop\/branduri\/seiko\/seiko-cs-dress-sur339p1\/","title":{"rendered":"\u0427\u0430\u0441\u044b SEIKO CS DRESS SUR339P1"},"content":{"rendered":"<p>Colec\u021bia CS DRESS este conceput\u0103 pentru b\u0103rba\u021bii care caut\u0103 un ceas elegant \u0219i atemporal, care s\u0103 atrag\u0103 aten\u021bia f\u0103r\u0103 a exagera. Ceasul \u00eendepline\u0219te perfect acest rol, integr\u00e2nd calitatea m\u0103iestriei Seiko la un pre\u021b accesibil.<\/p>\n<p>M\u00e2inile sale albe \u0219i fine sunt ac\u021bionate de o mi\u0219care precis\u0103 cu cuar\u021b \u0219i traverseaz\u0103 un cadran atr\u0103g\u0103tor de culoarea o\u021belului, cu un diametru de 40,2 mm, protejat de un cristal de safir rezistent la zg\u00e2rieturi.<\/p>","protected":false},"excerpt":{"rendered":"<p>Colec\u021bia CS DRESS este conceput\u0103 pentru b\u0103rba\u021bii care caut\u0103 un ceas elegant \u0219i atemporal, care s\u0103 atrag\u0103 aten\u021bia f\u0103r\u0103 a exagera. Ceasul \u00eendepline\u0219te perfect acest rol, integr\u00e2nd calitatea m\u0103iestriei Seiko la un pre\u021b accesibil. M\u00e2inile sale albe \u0219i fine sunt ac\u021bionate de o mi\u0219care precis\u0103 cu cuar\u021b \u0219i traverseaz\u0103 un cadran atr\u0103g\u0103tor de culoarea o\u021belului, [&hellip;]<\/p>\n","protected":false},"featured_media":42857,"comment_status":"closed","ping_status":"open","template":"","meta":{"_acf_changed":false},"product_brand":[],"product_cat":[20,588],"product_tag":[],"class_list":{"0":"post-42856","1":"product","2":"type-product","3":"status-publish","4":"has-post-thumbnail","6":"product_cat-ceasuri-barbati","7":"product_cat-seiko","8":"pa_brand-seiko","9":"pa_braslet-otel-inoxidabil","10":"pa_corpus-40-mm","11":"pa_forma-rotund","12":"pa_funcii-data","13":"pa_funcii-ziua-saptamanii","14":"pa_garatia-24-luni","15":"pa_korpus-argintiu","16":"pa_kvarc-quartz","17":"pa_material-otel-inoxidabil","18":"pa_mehanizm-quartz","19":"pa_remeshok-argintiu","20":"pa_steklo-cristal-safir","21":"pa_strana-japonia","22":"pa_voda-10-atm","24":"first","25":"instock","26":"purchasable","27":"product-type-simple"},"acf":[],"_links":{"self":[{"href":"https:\/\/ceasuri.md\/ru\/wp-json\/wp\/v2\/product\/42856","targetHints":{"allow":["GET"]}}],"collection":[{"href":"https:\/\/ceasuri.md\/ru\/wp-json\/wp\/v2\/product"}],"about":[{"href":"https:\/\/ceasuri.md\/ru\/wp-json\/wp\/v2\/types\/product"}],"replies":[{"embeddable":true,"href":"https:\/\/ceasuri.md\/ru\/wp-json\/wp\/v2\/comments?post=42856"}],"wp:featuredmedia":[{"embeddable":true,"href":"https:\/\/ceasuri.md\/ru\/wp-json\/wp\/v2\/media\/42857"}],"wp:attachment":[{"href":"https:\/\/ceasuri.md\/ru\/wp-json\/wp\/v2\/media?parent=42856"}],"wp:term":[{"taxonomy":"product_brand","embeddable":true,"href":"https:\/\/ceasuri.md\/ru\/wp-json\/wp\/v2\/product_brand?post=42856"},{"taxonomy":"product_cat","embeddable":true,"href":"https:\/\/ceasuri.md\/ru\/wp-json\/wp\/v2\/product_cat?post=42856"},{"taxonomy":"product_tag","embeddable":true,"href":"https:\/\/ceasuri.md\/ru\/wp-json\/wp\/v2\/product_tag?post=42856"}],"curies":[{"name":"wp","href":"https:\/\/api.w.org\/{rel}","templated":true}]}}