{"id":42851,"date":"2026-04-02T22:04:39","date_gmt":"2026-04-02T19:04:39","guid":{"rendered":"http:\/\/new.ceasuri.md\/shop\/uncategorized\/seiko-cs-dress-sur319p1\/"},"modified":"2026-04-20T00:50:32","modified_gmt":"2026-04-19T21:50:32","slug":"seiko-cs-dress-sur319p1","status":"publish","type":"product","link":"https:\/\/ceasuri.md\/ru\/shop\/branduri\/seiko\/seiko-cs-dress-sur319p1\/","title":{"rendered":"\u0427\u0430\u0441\u044b SEIKO CS DRESS SUR319P1"},"content":{"rendered":"<p>Acest ceas pentru b\u0103rba\u021bi este esen\u021ba elegan\u021bei \u0219i a stilului de bun gust, astfel \u00eenc\u00e2t va satisface cu siguran\u021b\u0103 nevoile oric\u0103rui b\u0103rbat.<\/p>\n<p>Este ac\u021bionat de o mi\u0219care precis\u0103 cu cuar\u021b. Carcasa este fabricat\u0103 din o\u021bel inoxidabil solid. br\u0103\u021bara este fabricat\u0103 din o\u021bel inoxidabil de \u00eenalt\u0103 calitate. Aceasta poate fi scoas\u0103 cu u\u0219urin\u021b\u0103 datorit\u0103 unei \u00eenchiz\u0103tori confortabile.<\/p>\n<p>Un cadran negru este acoperit de un cristal de safir, care este considerat a fi unul dintre cele mai bune \u0219i mai durabile materiale.<\/p>","protected":false},"excerpt":{"rendered":"<p>Acest ceas pentru b\u0103rba\u021bi este esen\u021ba elegan\u021bei \u0219i a stilului de bun gust, astfel \u00eenc\u00e2t va satisface cu siguran\u021b\u0103 nevoile oric\u0103rui b\u0103rbat. Este ac\u021bionat de o mi\u0219care precis\u0103 cu cuar\u021b. Carcasa este fabricat\u0103 din o\u021bel inoxidabil solid. br\u0103\u021bara este fabricat\u0103 din o\u021bel inoxidabil de \u00eenalt\u0103 calitate. Aceasta poate fi scoas\u0103 cu u\u0219urin\u021b\u0103 datorit\u0103 unei \u00eenchiz\u0103tori [&hellip;]<\/p>\n","protected":false},"featured_media":42852,"comment_status":"closed","ping_status":"open","template":"","meta":{"_acf_changed":false},"product_brand":[],"product_cat":[20,25,588],"product_tag":[],"class_list":{"0":"post-42851","1":"product","2":"type-product","3":"status-publish","4":"has-post-thumbnail","6":"product_cat-ceasuri-barbati","7":"product_cat-ceasuri-dama","8":"product_cat-seiko","9":"pa_brand-seiko","10":"pa_braslet-otel-inoxidabil","11":"pa_corpus-36-mm","12":"pa_forma-rotund","13":"pa_funcii-data","14":"pa_garatia-24-luni","15":"pa_korpus-argintiu","16":"pa_kvarc-quartz","17":"pa_material-otel-inoxidabil","18":"pa_mehanizm-quartz","19":"pa_remeshok-argintiu","20":"pa_steklo-cristal-safir","21":"pa_strana-japonia","22":"pa_voda-10-atm","24":"first","25":"instock","26":"purchasable","27":"product-type-simple"},"acf":[],"_links":{"self":[{"href":"https:\/\/ceasuri.md\/ru\/wp-json\/wp\/v2\/product\/42851","targetHints":{"allow":["GET"]}}],"collection":[{"href":"https:\/\/ceasuri.md\/ru\/wp-json\/wp\/v2\/product"}],"about":[{"href":"https:\/\/ceasuri.md\/ru\/wp-json\/wp\/v2\/types\/product"}],"replies":[{"embeddable":true,"href":"https:\/\/ceasuri.md\/ru\/wp-json\/wp\/v2\/comments?post=42851"}],"wp:featuredmedia":[{"embeddable":true,"href":"https:\/\/ceasuri.md\/ru\/wp-json\/wp\/v2\/media\/42852"}],"wp:attachment":[{"href":"https:\/\/ceasuri.md\/ru\/wp-json\/wp\/v2\/media?parent=42851"}],"wp:term":[{"taxonomy":"product_brand","embeddable":true,"href":"https:\/\/ceasuri.md\/ru\/wp-json\/wp\/v2\/product_brand?post=42851"},{"taxonomy":"product_cat","embeddable":true,"href":"https:\/\/ceasuri.md\/ru\/wp-json\/wp\/v2\/product_cat?post=42851"},{"taxonomy":"product_tag","embeddable":true,"href":"https:\/\/ceasuri.md\/ru\/wp-json\/wp\/v2\/product_tag?post=42851"}],"curies":[{"name":"wp","href":"https:\/\/api.w.org\/{rel}","templated":true}]}}