{"id":42847,"date":"2022-11-30T20:00:37","date_gmt":"2022-11-30T18:00:37","guid":{"rendered":"http:\/\/new.ceasuri.md\/shop\/uncategorized\/seiko-cs-dress-sur315p1\/"},"modified":"2026-05-01T16:40:53","modified_gmt":"2026-05-01T13:40:53","slug":"seiko-cs-dress-sur315p1","status":"publish","type":"product","link":"https:\/\/ceasuri.md\/ru\/shop\/branduri\/seiko\/seiko-cs-dress-sur315p1\/","title":{"rendered":"\u0427\u0430\u0441\u044b SEIKO CS DRESS SUR315P1"},"content":{"rendered":"<p>Un ceas clasic cu o mi\u0219care japonez\u0103 fiabil\u0103 &#8211; alegerea oamenilor de succes care pre\u021buiesc fiecare secund\u0103.<\/p>\n<p>Cadran cu markeri de curs\u0103. Fereastr\u0103 pentru dat\u0103.<\/p>\n<p>Coroan\u0103 canelat\u0103. Carcas\u0103 rotund\u0103. Partea din spate a carcasei cu \u0219urub.<\/p>\n<p>Br\u0103\u021bar\u0103 cu \u00eenchiz\u0103toare pliabil\u0103.<\/p>","protected":false},"excerpt":{"rendered":"<p>Un ceas clasic cu o mi\u0219care japonez\u0103 fiabil\u0103 &#8211; alegerea oamenilor de succes care pre\u021buiesc fiecare secund\u0103. Cadran cu markeri de curs\u0103. Fereastr\u0103 pentru dat\u0103. Coroan\u0103 canelat\u0103. Carcas\u0103 rotund\u0103. Partea din spate a carcasei cu \u0219urub. Br\u0103\u021bar\u0103 cu \u00eenchiz\u0103toare pliabil\u0103.<\/p>","protected":false},"featured_media":42848,"comment_status":"closed","ping_status":"open","template":"","meta":{"_acf_changed":false},"product_brand":[],"product_cat":[20,25,588],"product_tag":[],"class_list":{"0":"post-42847","1":"product","2":"type-product","3":"status-publish","4":"has-post-thumbnail","6":"product_cat-ceasuri-barbati","7":"product_cat-ceasuri-dama","8":"product_cat-seiko","9":"pa_brand-seiko","10":"pa_braslet-otel-inoxidabil","11":"pa_corpus-36-mm","12":"pa_forma-rotund","13":"pa_funcii-data","14":"pa_garatia-24-luni","15":"pa_korpus-argintiu","16":"pa_kvarc-quartz","17":"pa_material-otel-inoxidabil","18":"pa_mehanizm-quartz","19":"pa_remeshok-argintiu","20":"pa_steklo-cristal-safir","21":"pa_strana-japonia","22":"pa_voda-10-atm","24":"first","25":"instock","26":"purchasable","27":"product-type-simple"},"acf":[],"_links":{"self":[{"href":"https:\/\/ceasuri.md\/ru\/wp-json\/wp\/v2\/product\/42847","targetHints":{"allow":["GET"]}}],"collection":[{"href":"https:\/\/ceasuri.md\/ru\/wp-json\/wp\/v2\/product"}],"about":[{"href":"https:\/\/ceasuri.md\/ru\/wp-json\/wp\/v2\/types\/product"}],"replies":[{"embeddable":true,"href":"https:\/\/ceasuri.md\/ru\/wp-json\/wp\/v2\/comments?post=42847"}],"wp:featuredmedia":[{"embeddable":true,"href":"https:\/\/ceasuri.md\/ru\/wp-json\/wp\/v2\/media\/42848"}],"wp:attachment":[{"href":"https:\/\/ceasuri.md\/ru\/wp-json\/wp\/v2\/media?parent=42847"}],"wp:term":[{"taxonomy":"product_brand","embeddable":true,"href":"https:\/\/ceasuri.md\/ru\/wp-json\/wp\/v2\/product_brand?post=42847"},{"taxonomy":"product_cat","embeddable":true,"href":"https:\/\/ceasuri.md\/ru\/wp-json\/wp\/v2\/product_cat?post=42847"},{"taxonomy":"product_tag","embeddable":true,"href":"https:\/\/ceasuri.md\/ru\/wp-json\/wp\/v2\/product_tag?post=42847"}],"curies":[{"name":"wp","href":"https:\/\/api.w.org\/{rel}","templated":true}]}}