{"id":42841,"date":"2022-11-30T20:00:36","date_gmt":"2022-11-30T18:00:36","guid":{"rendered":"http:\/\/new.ceasuri.md\/shop\/uncategorized\/seiko-macchina-sportiva-ssc803p1\/"},"modified":"2026-05-01T16:40:51","modified_gmt":"2026-05-01T13:40:51","slug":"seiko-macchina-sportiva-ssc803p1","status":"publish","type":"product","link":"https:\/\/ceasuri.md\/ru\/shop\/branduri\/seiko\/seiko-macchina-sportiva-ssc803p1\/","title":{"rendered":"\u0427\u0430\u0441\u044b SEIKO MACCHINA SPORTIVA SSC803P1"},"content":{"rendered":"<p>Dac\u0103 pre\u021bui\u021bi fiecare secund\u0103 din timpul dumneavoastr\u0103, acest cronograf japonez este cel potrivit pentru dumneavoastr\u0103.<\/p>\n<p>Ceas cronograf cu cronometru \u0219i tahimetru. Alimentat cu energie solar\u0103.<\/p>\n<p>Marcaje de liniu\u021be. Fereastr\u0103 pentru dat\u0103.<\/p>\n<p>Br\u0103\u021bar\u0103 cu \u00eenchidere cu sistem de \u00eenchidere.<\/p>","protected":false},"excerpt":{"rendered":"<p>Dac\u0103 pre\u021bui\u021bi fiecare secund\u0103 din timpul dumneavoastr\u0103, acest cronograf japonez este cel potrivit pentru dumneavoastr\u0103. Ceas cronograf cu cronometru \u0219i tahimetru. Alimentat cu energie solar\u0103. Marcaje de liniu\u021be. Fereastr\u0103 pentru dat\u0103. Br\u0103\u021bar\u0103 cu \u00eenchidere cu sistem de \u00eenchidere.<\/p>","protected":false},"featured_media":42842,"comment_status":"closed","ping_status":"open","template":"","meta":{"_acf_changed":false},"product_brand":[],"product_cat":[20,588],"product_tag":[],"class_list":{"0":"post-42841","1":"product","2":"type-product","3":"status-publish","4":"has-post-thumbnail","6":"product_cat-ceasuri-barbati","7":"product_cat-seiko","8":"pa_brand-seiko","9":"pa_braslet-otel-inoxidabil","10":"pa_corpus-41-mm","11":"pa_forma-rotund","12":"pa_funcii-cronograf","13":"pa_funcii-data","14":"pa_funcii-tahimetru","15":"pa_garatia-24-luni","16":"pa_korpus-argintiu","17":"pa_kvarc-quartz","18":"pa_material-otel-inoxidabil","19":"pa_mehanizm-baterie-solara","20":"pa_remeshok-argintiu","21":"pa_steklo-cristal-safir","22":"pa_strana-japonia","23":"pa_voda-10-atm","25":"first","26":"instock","27":"purchasable","28":"product-type-simple"},"acf":[],"_links":{"self":[{"href":"https:\/\/ceasuri.md\/ru\/wp-json\/wp\/v2\/product\/42841","targetHints":{"allow":["GET"]}}],"collection":[{"href":"https:\/\/ceasuri.md\/ru\/wp-json\/wp\/v2\/product"}],"about":[{"href":"https:\/\/ceasuri.md\/ru\/wp-json\/wp\/v2\/types\/product"}],"replies":[{"embeddable":true,"href":"https:\/\/ceasuri.md\/ru\/wp-json\/wp\/v2\/comments?post=42841"}],"wp:featuredmedia":[{"embeddable":true,"href":"https:\/\/ceasuri.md\/ru\/wp-json\/wp\/v2\/media\/42842"}],"wp:attachment":[{"href":"https:\/\/ceasuri.md\/ru\/wp-json\/wp\/v2\/media?parent=42841"}],"wp:term":[{"taxonomy":"product_brand","embeddable":true,"href":"https:\/\/ceasuri.md\/ru\/wp-json\/wp\/v2\/product_brand?post=42841"},{"taxonomy":"product_cat","embeddable":true,"href":"https:\/\/ceasuri.md\/ru\/wp-json\/wp\/v2\/product_cat?post=42841"},{"taxonomy":"product_tag","embeddable":true,"href":"https:\/\/ceasuri.md\/ru\/wp-json\/wp\/v2\/product_tag?post=42841"}],"curies":[{"name":"wp","href":"https:\/\/api.w.org\/{rel}","templated":true}]}}