{"id":42830,"date":"2026-04-02T22:04:39","date_gmt":"2026-04-02T19:04:39","guid":{"rendered":"http:\/\/new.ceasuri.md\/shop\/uncategorized\/seiko-prospex-padi-ssc795j1\/"},"modified":"2026-04-20T00:49:36","modified_gmt":"2026-04-19T21:49:36","slug":"seiko-prospex-padi-ssc795j1","status":"publish","type":"product","link":"https:\/\/ceasuri.md\/ru\/shop\/branduri\/seiko\/seiko-prospex-padi-ssc795j1\/","title":{"rendered":"\u0427\u0430\u0441\u044b SEIKO PROSPEX PADI SSC795J1"},"content":{"rendered":"<p>Un ceas robust, ideal at\u00e2t pentru utilizarea zilnic\u0103, c\u00e2t \u0219i pentru sport. O serie special\u0103 de ceasuri creat\u0103 \u00een cooperare cu asocia\u021bia profesional\u0103 PADI a instructorilor de scufund\u0103ri.<\/p>\n<p>Alimentat cu energie solar\u0103. Rezerva de energie cu o \u00eenc\u0103rcare complet\u0103 a bateriei de 6 luni. Func\u021bie de indicare a \u00eenc\u0103rc\u0103rii (EOL) \u0219i prevenire a supra\u00eenc\u0103rc\u0103rii.<\/p>\n<p>eas cronograf cu cronometru. Cronometru cu precizie de 1\/5 de secund\u0103 \u0219i timp de m\u0103surare de 1h. Format de timp de 12 \u0219i 24 de ore.<\/p>\n<p>Fereastr\u0103 pentru dat\u0103.<\/p>\n<p>Luneta se rote\u0219te \u00eentr-o singur\u0103 direc\u021bie.<\/p>\n<p>Fundul carcasei \u00een\u0219urubat \u0219i coroan\u0103 canelat\u0103.<\/p>\n<p>Br\u0103\u021bar\u0103 cu \u00eenchidere tripl\u0103 pliabil\u0103.<\/p>","protected":false},"excerpt":{"rendered":"<p>Un ceas robust, ideal at\u00e2t pentru utilizarea zilnic\u0103, c\u00e2t \u0219i pentru sport. O serie special\u0103 de ceasuri creat\u0103 \u00een cooperare cu asocia\u021bia profesional\u0103 PADI a instructorilor de scufund\u0103ri. Alimentat cu energie solar\u0103. Rezerva de energie cu o \u00eenc\u0103rcare complet\u0103 a bateriei de 6 luni. Func\u021bie de indicare a \u00eenc\u0103rc\u0103rii (EOL) \u0219i prevenire a supra\u00eenc\u0103rc\u0103rii. eas [&hellip;]<\/p>\n","protected":false},"featured_media":42831,"comment_status":"closed","ping_status":"open","template":"","meta":{"_acf_changed":false},"product_brand":[],"product_cat":[20,106,588],"product_tag":[],"class_list":{"0":"post-42830","1":"product","2":"type-product","3":"status-publish","4":"has-post-thumbnail","6":"product_cat-ceasuri-barbati","7":"product_cat-ceasuri-premium","8":"product_cat-seiko","9":"pa_brand-seiko","10":"pa_braslet-otel-inoxidabil","11":"pa_corpus-44-mm","12":"pa_forma-rotund","13":"pa_funcii-cronograf","14":"pa_funcii-data","15":"pa_garatia-24-luni","16":"pa_korpus-argintiu","17":"pa_kvarc-quartz","18":"pa_material-otel-inoxidabil","19":"pa_mehanizm-baterie-solara","20":"pa_mehanizm-quartz","21":"pa_remeshok-argintiu","22":"pa_steklo-cristal-safir","23":"pa_strana-japonia","24":"pa_voda-20-atm","26":"first","27":"instock","28":"purchasable","29":"product-type-simple"},"acf":[],"_links":{"self":[{"href":"https:\/\/ceasuri.md\/ru\/wp-json\/wp\/v2\/product\/42830","targetHints":{"allow":["GET"]}}],"collection":[{"href":"https:\/\/ceasuri.md\/ru\/wp-json\/wp\/v2\/product"}],"about":[{"href":"https:\/\/ceasuri.md\/ru\/wp-json\/wp\/v2\/types\/product"}],"replies":[{"embeddable":true,"href":"https:\/\/ceasuri.md\/ru\/wp-json\/wp\/v2\/comments?post=42830"}],"wp:featuredmedia":[{"embeddable":true,"href":"https:\/\/ceasuri.md\/ru\/wp-json\/wp\/v2\/media\/42831"}],"wp:attachment":[{"href":"https:\/\/ceasuri.md\/ru\/wp-json\/wp\/v2\/media?parent=42830"}],"wp:term":[{"taxonomy":"product_brand","embeddable":true,"href":"https:\/\/ceasuri.md\/ru\/wp-json\/wp\/v2\/product_brand?post=42830"},{"taxonomy":"product_cat","embeddable":true,"href":"https:\/\/ceasuri.md\/ru\/wp-json\/wp\/v2\/product_cat?post=42830"},{"taxonomy":"product_tag","embeddable":true,"href":"https:\/\/ceasuri.md\/ru\/wp-json\/wp\/v2\/product_tag?post=42830"}],"curies":[{"name":"wp","href":"https:\/\/api.w.org\/{rel}","templated":true}]}}