{"id":42802,"date":"2026-04-02T22:04:39","date_gmt":"2026-04-02T19:04:39","guid":{"rendered":"http:\/\/new.ceasuri.md\/shop\/uncategorized\/seiko-discover-more-ssb397p1\/"},"modified":"2026-04-20T00:49:22","modified_gmt":"2026-04-19T21:49:22","slug":"seiko-discover-more-ssb397p1","status":"publish","type":"product","link":"https:\/\/ceasuri.md\/ru\/shop\/branduri\/seiko\/seiko-discover-more-ssb397p1\/","title":{"rendered":"Ceas SEIKO DISCOVER MORE SSB397P1"},"content":{"rendered":"<p>Un cronograf japonez elegant \u0219i fiabil \u00eentr-o carcas\u0103 din o\u021bel, care va fi partenerul perfect pentru nevoile dvs. de cronometrare.<\/p>\n<p>Ceas cronograf cu cronometru \u0219i tahimetru. Cronometru p\u00e2n\u0103 la 1h, precizie de 1\/5s. Format de timp de 24 de ore afi\u0219at pe un cadran separat.<\/p>\n<p>Cadranul cu dou\u0103 niveluri este decorat cu un model decorativ de linii orizontale \u00een relief \u0219i fante elegante \u00een zona de marcare. M\u00e2inile \u0219i markerii sunt sub form\u0103 de curse. Fereastra de dat\u0103 este situat\u0103 \u00eentre reperele de la ora 4 \u0219i 5.<\/p>\n<p>Coroan\u0103 canelat\u0103 cu protec\u021bie. Partea din spate a carcasei \u00een\u0219urubat\u0103. Br\u0103\u021bar\u0103 cu \u00eenchiz\u0103toare cu sistem de \u00eenchidere.<\/p>","protected":false},"excerpt":{"rendered":"<p>Un cronograf japonez elegant \u0219i fiabil \u00eentr-o carcas\u0103 din o\u021bel, care va fi partenerul perfect pentru nevoile dvs. de cronometrare. Ceas cronograf cu cronometru \u0219i tahimetru. Cronometru p\u00e2n\u0103 la 1h, precizie de 1\/5s. Format de timp de 24 de ore afi\u0219at pe un cadran separat. Cadranul cu dou\u0103 niveluri este decorat cu un model decorativ [&hellip;]<\/p>\n","protected":false},"featured_media":42803,"comment_status":"closed","ping_status":"open","template":"","meta":{"_acf_changed":false},"product_brand":[],"product_cat":[20,588],"product_tag":[],"class_list":{"0":"post-42802","1":"product","2":"type-product","3":"status-publish","4":"has-post-thumbnail","6":"product_cat-ceasuri-barbati","7":"product_cat-seiko","8":"pa_brand-seiko","9":"pa_braslet-otel-inoxidabil","10":"pa_corpus-41-mm","11":"pa_forma-rotund","12":"pa_funcii-cronograf","13":"pa_funcii-data","14":"pa_funcii-tahimetru","15":"pa_garatia-24-luni","16":"pa_korpus-argintiu","17":"pa_kvarc-quartz","18":"pa_material-otel-inoxidabil","19":"pa_mehanizm-quartz","20":"pa_remeshok-argintiu","21":"pa_steklo-hardlex-crystal","22":"pa_strana-japonia","23":"pa_voda-10-atm","25":"first","26":"instock","27":"purchasable","28":"product-type-simple"},"acf":[],"_links":{"self":[{"href":"https:\/\/ceasuri.md\/ru\/wp-json\/wp\/v2\/product\/42802","targetHints":{"allow":["GET"]}}],"collection":[{"href":"https:\/\/ceasuri.md\/ru\/wp-json\/wp\/v2\/product"}],"about":[{"href":"https:\/\/ceasuri.md\/ru\/wp-json\/wp\/v2\/types\/product"}],"replies":[{"embeddable":true,"href":"https:\/\/ceasuri.md\/ru\/wp-json\/wp\/v2\/comments?post=42802"}],"wp:featuredmedia":[{"embeddable":true,"href":"https:\/\/ceasuri.md\/ru\/wp-json\/wp\/v2\/media\/42803"}],"wp:attachment":[{"href":"https:\/\/ceasuri.md\/ru\/wp-json\/wp\/v2\/media?parent=42802"}],"wp:term":[{"taxonomy":"product_brand","embeddable":true,"href":"https:\/\/ceasuri.md\/ru\/wp-json\/wp\/v2\/product_brand?post=42802"},{"taxonomy":"product_cat","embeddable":true,"href":"https:\/\/ceasuri.md\/ru\/wp-json\/wp\/v2\/product_cat?post=42802"},{"taxonomy":"product_tag","embeddable":true,"href":"https:\/\/ceasuri.md\/ru\/wp-json\/wp\/v2\/product_tag?post=42802"}],"curies":[{"name":"wp","href":"https:\/\/api.w.org\/{rel}","templated":true}]}}