{"id":42793,"date":"2026-04-02T22:02:49","date_gmt":"2026-04-02T19:02:49","guid":{"rendered":"http:\/\/new.ceasuri.md\/shop\/uncategorized\/seiko-cs-sports-ssb327p1\/"},"modified":"2026-04-20T00:49:13","modified_gmt":"2026-04-19T21:49:13","slug":"seiko-cs-sports-ssb327p1","status":"publish","type":"product","link":"https:\/\/ceasuri.md\/ru\/shop\/branduri\/seiko\/seiko-cs-sports-ssb327p1\/","title":{"rendered":"\u0427\u0430\u0441\u044b SEIKO CS SPORTS SSB327P1"},"content":{"rendered":"<p>Cronograf sportiv \u00een gri monocrom. Carcas\u0103 acoperit\u0103 cu carbur\u0103 de titan pentru o durabilitate \u0219i o u\u0219urin\u021b\u0103 sporite. Curea din silicon.<\/p>\n<p>Cristal mineral Hardlex c\u0103lit cu o tehnologie special\u0103 folosit\u0103 numai la ceasurile Seiko.<\/p>\n<p>Ceas cronograf cu cronometru p\u00e2n\u0103 la 12h, precizie 1\/5s. Tahimetru.<\/p>\n<p>Coronet\u0103 de remontare cu protec\u021bie. Fundul carcasei \u00een\u0219urubat.<\/p>","protected":false},"excerpt":{"rendered":"<p>Cronograf sportiv \u00een gri monocrom. Carcas\u0103 acoperit\u0103 cu carbur\u0103 de titan pentru o durabilitate \u0219i o u\u0219urin\u021b\u0103 sporite. Curea din silicon. Cristal mineral Hardlex c\u0103lit cu o tehnologie special\u0103 folosit\u0103 numai la ceasurile Seiko. Ceas cronograf cu cronometru p\u00e2n\u0103 la 12h, precizie 1\/5s. Tahimetru. Coronet\u0103 de remontare cu protec\u021bie. Fundul carcasei \u00een\u0219urubat.<\/p>","protected":false},"featured_media":42794,"comment_status":"closed","ping_status":"open","template":"","meta":{"_acf_changed":false},"product_brand":[],"product_cat":[20,588],"product_tag":[],"class_list":{"0":"post-42793","1":"product","2":"type-product","3":"status-publish","4":"has-post-thumbnail","6":"product_cat-ceasuri-barbati","7":"product_cat-seiko","8":"pa_brand-seiko","9":"pa_braslet-silicon","10":"pa_corpus-44-mm","11":"pa_forma-rotund","12":"pa_funcii-cronograf","13":"pa_funcii-tahimetru","14":"pa_garatia-24-luni","15":"pa_korpus-gri","16":"pa_kvarc-quartz","17":"pa_material-otel-inoxidabil","18":"pa_mehanizm-quartz","19":"pa_remeshok-negru","20":"pa_steklo-hardlex-crystal","21":"pa_strana-japonia","22":"pa_voda-10-atm","24":"first","25":"instock","26":"purchasable","27":"product-type-simple"},"acf":[],"_links":{"self":[{"href":"https:\/\/ceasuri.md\/ru\/wp-json\/wp\/v2\/product\/42793","targetHints":{"allow":["GET"]}}],"collection":[{"href":"https:\/\/ceasuri.md\/ru\/wp-json\/wp\/v2\/product"}],"about":[{"href":"https:\/\/ceasuri.md\/ru\/wp-json\/wp\/v2\/types\/product"}],"replies":[{"embeddable":true,"href":"https:\/\/ceasuri.md\/ru\/wp-json\/wp\/v2\/comments?post=42793"}],"wp:featuredmedia":[{"embeddable":true,"href":"https:\/\/ceasuri.md\/ru\/wp-json\/wp\/v2\/media\/42794"}],"wp:attachment":[{"href":"https:\/\/ceasuri.md\/ru\/wp-json\/wp\/v2\/media?parent=42793"}],"wp:term":[{"taxonomy":"product_brand","embeddable":true,"href":"https:\/\/ceasuri.md\/ru\/wp-json\/wp\/v2\/product_brand?post=42793"},{"taxonomy":"product_cat","embeddable":true,"href":"https:\/\/ceasuri.md\/ru\/wp-json\/wp\/v2\/product_cat?post=42793"},{"taxonomy":"product_tag","embeddable":true,"href":"https:\/\/ceasuri.md\/ru\/wp-json\/wp\/v2\/product_tag?post=42793"}],"curies":[{"name":"wp","href":"https:\/\/api.w.org\/{rel}","templated":true}]}}