{"id":42788,"date":"2026-04-02T22:02:49","date_gmt":"2026-04-02T19:02:49","guid":{"rendered":"http:\/\/new.ceasuri.md\/shop\/uncategorized\/seiko-prospex-srpf83k1\/"},"modified":"2026-04-20T00:47:57","modified_gmt":"2026-04-19T21:47:57","slug":"seiko-prospex-srpf83k1","status":"publish","type":"product","link":"https:\/\/ceasuri.md\/ru\/shop\/branduri\/seiko\/seiko-prospex-srpf83k1\/","title":{"rendered":"\u0427\u0430\u0441\u044b SEIKO PROSPEX SRPF83K1"},"content":{"rendered":"<p>Seria Prospex Street a fost dezvoltat\u0103 pentru a combina aspectul \u0219i substan\u021ba: cuplarea entuziasmului fanilor Seiko pentru stilurile de design de ceasuri cu expertiza acumulat\u0103 \u00een 5 decenii de creare de ceasuri de scufund\u0103ri.<\/p>\n<p>Forma retro Tuna de la modelul pentru scafandri din 1975 a fost canalizat\u0103 \u00eentr-un ceas mai compact, dar \u00eent\u0103rit, suficient de robust pentru a se scufunda la 200 m sub ap\u0103, dar suficient de elegant pentru a fi purtat pe strad\u0103.<\/p>\n<p>Forma ceasului este afectuos poreclit\u0103 de fanii Seiko \u00cbTuna &#8211; datorit\u0103 diametrului s\u0103u mai mare \u0219i formei \u00eendr\u0103zne\u021be asem\u0103n\u0103toare cu o conserv\u0103 de ton. Cureaua de silicon \u00een stil acordeon combin\u0103 durabilitatea ridicat\u0103 \u0219i confortul &#8211; un design de curea inventat de Seiko \u00een 1975 ca o solu\u021bie practic\u0103 la dilatarea \u0219i contrac\u021bia \u00eencheieturii unui scafandru la diferite ad\u00e2ncimi.<\/p>","protected":false},"excerpt":{"rendered":"<p>Seria Prospex Street a fost dezvoltat\u0103 pentru a combina aspectul \u0219i substan\u021ba: cuplarea entuziasmului fanilor Seiko pentru stilurile de design de ceasuri cu expertiza acumulat\u0103 \u00een 5 decenii de creare de ceasuri de scufund\u0103ri. Forma retro Tuna de la modelul pentru scafandri din 1975 a fost canalizat\u0103 \u00eentr-un ceas mai compact, dar \u00eent\u0103rit, suficient de [&hellip;]<\/p>\n","protected":false},"featured_media":42789,"comment_status":"closed","ping_status":"open","template":"","meta":{"_acf_changed":false},"product_brand":[],"product_cat":[20,588],"product_tag":[],"class_list":{"0":"post-42788","1":"product","2":"type-product","3":"status-publish","4":"has-post-thumbnail","6":"product_cat-ceasuri-barbati","7":"product_cat-seiko","8":"pa_brand-seiko","9":"pa_braslet-silicon","10":"pa_corpus-43-mm","11":"pa_forma-rotund","12":"pa_funcii-data","13":"pa_garatia-24-luni","14":"pa_korpus-argintiu","15":"pa_material-otel-inoxidabil","16":"pa_mehanizm-mecanic","17":"pa_mehanizm-mecanism-automatic","18":"pa_remeshok-verde","19":"pa_steklo-hardlex-crystal","20":"pa_strana-japonia","21":"pa_voda-20-atm","23":"first","24":"instock","25":"purchasable","26":"product-type-simple"},"acf":[],"_links":{"self":[{"href":"https:\/\/ceasuri.md\/ru\/wp-json\/wp\/v2\/product\/42788","targetHints":{"allow":["GET"]}}],"collection":[{"href":"https:\/\/ceasuri.md\/ru\/wp-json\/wp\/v2\/product"}],"about":[{"href":"https:\/\/ceasuri.md\/ru\/wp-json\/wp\/v2\/types\/product"}],"replies":[{"embeddable":true,"href":"https:\/\/ceasuri.md\/ru\/wp-json\/wp\/v2\/comments?post=42788"}],"wp:featuredmedia":[{"embeddable":true,"href":"https:\/\/ceasuri.md\/ru\/wp-json\/wp\/v2\/media\/42789"}],"wp:attachment":[{"href":"https:\/\/ceasuri.md\/ru\/wp-json\/wp\/v2\/media?parent=42788"}],"wp:term":[{"taxonomy":"product_brand","embeddable":true,"href":"https:\/\/ceasuri.md\/ru\/wp-json\/wp\/v2\/product_brand?post=42788"},{"taxonomy":"product_cat","embeddable":true,"href":"https:\/\/ceasuri.md\/ru\/wp-json\/wp\/v2\/product_cat?post=42788"},{"taxonomy":"product_tag","embeddable":true,"href":"https:\/\/ceasuri.md\/ru\/wp-json\/wp\/v2\/product_tag?post=42788"}],"curies":[{"name":"wp","href":"https:\/\/api.w.org\/{rel}","templated":true}]}}