{"id":42767,"date":"2026-04-02T22:02:49","date_gmt":"2026-04-02T19:02:49","guid":{"rendered":"http:\/\/new.ceasuri.md\/shop\/uncategorized\/seiko-5-sports-srpe75k1\/"},"modified":"2026-04-20T00:47:51","modified_gmt":"2026-04-19T21:47:51","slug":"seiko-5-sports-srpe75k1","status":"publish","type":"product","link":"https:\/\/ceasuri.md\/ru\/shop\/branduri\/seiko\/seiko-5-sports-srpe75k1\/","title":{"rendered":"\u0427\u0430\u0441\u044b SEIKO 5 SPORTS SRPE75K1"},"content":{"rendered":"<p>Un ceas japonez elegant, cu caracteristici sportive, perfect pentru b\u0103ie\u021bii activi.<\/p>\n<p>Mi\u0219carea are 24 de bijuterii, 21600 de vibra\u021bii pe or\u0103. Rezerva de putere 41 de ore. Func\u021bia stop-secund\u0103. Posibilitatea de \u00eenf\u0103\u0219urare manual\u0103.<\/p>\n<p>Cadranul este realizat prin tehnologia Sunray. Fereastra pentru dat\u0103 \u0219i zi. Luneta se rote\u0219te \u00eentr-o singur\u0103 direc\u021bie.<\/p>\n<p>Coroana cu protec\u021bie este situat\u0103 la ora 4. Capacul din spate transparent. Br\u0103\u021bar\u0103 milanez\u0103.<\/p>","protected":false},"excerpt":{"rendered":"<p>Un ceas japonez elegant, cu caracteristici sportive, perfect pentru b\u0103ie\u021bii activi. Mi\u0219carea are 24 de bijuterii, 21600 de vibra\u021bii pe or\u0103. Rezerva de putere 41 de ore. Func\u021bia stop-secund\u0103. Posibilitatea de \u00eenf\u0103\u0219urare manual\u0103. Cadranul este realizat prin tehnologia Sunray. Fereastra pentru dat\u0103 \u0219i zi. Luneta se rote\u0219te \u00eentr-o singur\u0103 direc\u021bie. Coroana cu protec\u021bie este situat\u0103 [&hellip;]<\/p>\n","protected":false},"featured_media":42768,"comment_status":"closed","ping_status":"open","template":"","meta":{"_acf_changed":false},"product_brand":[],"product_cat":[20,588],"product_tag":[],"class_list":{"0":"post-42767","1":"product","2":"type-product","3":"status-publish","4":"has-post-thumbnail","6":"product_cat-ceasuri-barbati","7":"product_cat-seiko","8":"pa_brand-seiko","9":"pa_braslet-otel-inoxidabil","10":"pa_corpus-42-mm","11":"pa_forma-rotund","12":"pa_funcii-data","13":"pa_funcii-ziua-saptamanii","14":"pa_garatia-24-luni","15":"pa_korpus-argintiu","16":"pa_material-otel-inoxidabil","17":"pa_mehanizm-mecanic","18":"pa_mehanizm-mecanism-automatic","19":"pa_remeshok-argintiu","20":"pa_steklo-hardlex-crystal","21":"pa_strana-japonia","22":"pa_voda-10-atm","24":"first","25":"instock","26":"purchasable","27":"product-type-simple"},"acf":[],"_links":{"self":[{"href":"https:\/\/ceasuri.md\/ru\/wp-json\/wp\/v2\/product\/42767","targetHints":{"allow":["GET"]}}],"collection":[{"href":"https:\/\/ceasuri.md\/ru\/wp-json\/wp\/v2\/product"}],"about":[{"href":"https:\/\/ceasuri.md\/ru\/wp-json\/wp\/v2\/types\/product"}],"replies":[{"embeddable":true,"href":"https:\/\/ceasuri.md\/ru\/wp-json\/wp\/v2\/comments?post=42767"}],"wp:featuredmedia":[{"embeddable":true,"href":"https:\/\/ceasuri.md\/ru\/wp-json\/wp\/v2\/media\/42768"}],"wp:attachment":[{"href":"https:\/\/ceasuri.md\/ru\/wp-json\/wp\/v2\/media?parent=42767"}],"wp:term":[{"taxonomy":"product_brand","embeddable":true,"href":"https:\/\/ceasuri.md\/ru\/wp-json\/wp\/v2\/product_brand?post=42767"},{"taxonomy":"product_cat","embeddable":true,"href":"https:\/\/ceasuri.md\/ru\/wp-json\/wp\/v2\/product_cat?post=42767"},{"taxonomy":"product_tag","embeddable":true,"href":"https:\/\/ceasuri.md\/ru\/wp-json\/wp\/v2\/product_tag?post=42767"}],"curies":[{"name":"wp","href":"https:\/\/api.w.org\/{rel}","templated":true}]}}