{"id":42731,"date":"2026-04-02T22:02:49","date_gmt":"2026-04-02T19:02:49","guid":{"rendered":"http:\/\/new.ceasuri.md\/shop\/uncategorized\/seiko-presage-srpe19j1\/"},"modified":"2026-04-20T00:47:42","modified_gmt":"2026-04-19T21:47:42","slug":"seiko-presage-srpe19j1","status":"publish","type":"product","link":"https:\/\/ceasuri.md\/ru\/shop\/branduri\/seiko\/seiko-presage-srpe19j1\/","title":{"rendered":"\u0427\u0430\u0441\u044b SEIKO PRESAGE SRPE19J1"},"content":{"rendered":"<p>Noile modele pentru b\u0103rba\u021bi din colec\u021bia de ceasuri mecanice Presage, cu un design clasic, vor fi un companion fidel \u0219i un accesoriu elegant.<\/p>\n<p>Cadran cu markeri de curs\u0103.Fereastr\u0103 pentru dat\u0103.<\/p>\n<p>Mi\u0219carea are 23 de bijuterii, frecven\u021ba 21600 de vibra\u021bii pe or\u0103. Rezerv\u0103 de energie 41 de ore. Func\u021bie stop-secund\u0103. Posibilitate de \u00eenf\u0103\u0219urare manual\u0103.<\/p>\n<p>Coroan\u0103 canelat\u0103. Carcas\u0103 rotund\u0103. Fundul carcasei transparent cu \u0219urub. Br\u0103\u021bar\u0103 cu \u00eenchiz\u0103toare pliabil\u0103.<\/p>","protected":false},"excerpt":{"rendered":"<p>Noile modele pentru b\u0103rba\u021bi din colec\u021bia de ceasuri mecanice Presage, cu un design clasic, vor fi un companion fidel \u0219i un accesoriu elegant. Cadran cu markeri de curs\u0103.Fereastr\u0103 pentru dat\u0103. Mi\u0219carea are 23 de bijuterii, frecven\u021ba 21600 de vibra\u021bii pe or\u0103. Rezerv\u0103 de energie 41 de ore. Func\u021bie stop-secund\u0103. Posibilitate de \u00eenf\u0103\u0219urare manual\u0103. Coroan\u0103 canelat\u0103. [&hellip;]<\/p>\n","protected":false},"featured_media":42732,"comment_status":"closed","ping_status":"open","template":"","meta":{"_acf_changed":false},"product_brand":[],"product_cat":[20,588],"product_tag":[],"class_list":{"0":"post-42731","1":"product","2":"type-product","3":"status-publish","4":"has-post-thumbnail","6":"product_cat-ceasuri-barbati","7":"product_cat-seiko","8":"pa_brand-seiko","9":"pa_braslet-otel-inoxidabil","10":"pa_corpus-40-mm","11":"pa_forma-rotund","12":"pa_funcii-ziua-saptamanii","13":"pa_garatia-24-luni","14":"pa_korpus-argintiu","15":"pa_material-otel-inoxidabil","16":"pa_mehanizm-mecanic","17":"pa_mehanizm-mecanism-automatic","18":"pa_remeshok-argintiu","19":"pa_steklo-hardlex-crystal","20":"pa_strana-japonia","21":"pa_voda-5-atm","23":"first","24":"instock","25":"purchasable","26":"product-type-simple"},"acf":[],"_links":{"self":[{"href":"https:\/\/ceasuri.md\/ru\/wp-json\/wp\/v2\/product\/42731","targetHints":{"allow":["GET"]}}],"collection":[{"href":"https:\/\/ceasuri.md\/ru\/wp-json\/wp\/v2\/product"}],"about":[{"href":"https:\/\/ceasuri.md\/ru\/wp-json\/wp\/v2\/types\/product"}],"replies":[{"embeddable":true,"href":"https:\/\/ceasuri.md\/ru\/wp-json\/wp\/v2\/comments?post=42731"}],"wp:featuredmedia":[{"embeddable":true,"href":"https:\/\/ceasuri.md\/ru\/wp-json\/wp\/v2\/media\/42732"}],"wp:attachment":[{"href":"https:\/\/ceasuri.md\/ru\/wp-json\/wp\/v2\/media?parent=42731"}],"wp:term":[{"taxonomy":"product_brand","embeddable":true,"href":"https:\/\/ceasuri.md\/ru\/wp-json\/wp\/v2\/product_brand?post=42731"},{"taxonomy":"product_cat","embeddable":true,"href":"https:\/\/ceasuri.md\/ru\/wp-json\/wp\/v2\/product_cat?post=42731"},{"taxonomy":"product_tag","embeddable":true,"href":"https:\/\/ceasuri.md\/ru\/wp-json\/wp\/v2\/product_tag?post=42731"}],"curies":[{"name":"wp","href":"https:\/\/api.w.org\/{rel}","templated":true}]}}