{"id":42706,"date":"2026-04-02T22:02:49","date_gmt":"2026-04-02T19:02:49","guid":{"rendered":"http:\/\/new.ceasuri.md\/shop\/uncategorized\/seiko-prospex-alpinist-spb211j1\/"},"modified":"2026-04-20T00:46:59","modified_gmt":"2026-04-19T21:46:59","slug":"seiko-prospex-alpinist-spb211j1","status":"publish","type":"product","link":"https:\/\/ceasuri.md\/ru\/shop\/branduri\/seiko\/seiko-prospex-alpinist-spb211j1\/","title":{"rendered":"\u0427\u0430\u0441\u044b SEIKO PROSPEX ALPINIST SPB211J1"},"content":{"rendered":"<p>Ceas pentru b\u0103rba\u021bi cu curea de nailon &#8211; ideal pentru un ceas confortabil de zi cu zi.<\/p>\n<p>24 de bijuterii, 21600 de vibra\u021bii pe or\u0103.  Rezerva de energie de p\u00e2n\u0103 la 70 de ore.  Func\u021bie stop-secund\u0103. Op\u021biune de \u00eenf\u0103\u0219urare manual\u0103.<\/p>\n<p>Bar\u0103 \u0219i cifre arabe. Fereastr\u0103 pentru dat\u0103.<\/p>\n<p>Coroan\u0103 \u00een\u0219urubat\u0103 cu protec\u021bie. Fundul carcasei transparent \u00een\u0219urubat. Curea cu cataram\u0103 clasic\u0103.<\/p>","protected":false},"excerpt":{"rendered":"<p>Ceas pentru b\u0103rba\u021bi cu curea de nailon &#8211; ideal pentru un ceas confortabil de zi cu zi. 24 de bijuterii, 21600 de vibra\u021bii pe or\u0103. Rezerva de energie de p\u00e2n\u0103 la 70 de ore. Func\u021bie stop-secund\u0103. Op\u021biune de \u00eenf\u0103\u0219urare manual\u0103. Bar\u0103 \u0219i cifre arabe. Fereastr\u0103 pentru dat\u0103. Coroan\u0103 \u00een\u0219urubat\u0103 cu protec\u021bie. Fundul carcasei transparent \u00een\u0219urubat. [&hellip;]<\/p>\n","protected":false},"featured_media":42707,"comment_status":"closed","ping_status":"open","template":"","meta":{"_acf_changed":false},"product_brand":[],"product_cat":[20,106,588],"product_tag":[],"class_list":{"0":"post-42706","1":"product","2":"type-product","3":"status-publish","4":"has-post-thumbnail","6":"product_cat-ceasuri-barbati","7":"product_cat-ceasuri-premium","8":"product_cat-seiko","9":"pa_brand-seiko","10":"pa_braslet-textile","11":"pa_corpus-38-mm","12":"pa_forma-rotund","13":"pa_funcii-ziua-saptamanii","14":"pa_garatia-24-luni","15":"pa_korpus-argintiu","16":"pa_material-otel-inoxidabil","17":"pa_mehanizm-mecanic","18":"pa_mehanizm-mecanism-automatic","19":"pa_remeshok-maro","20":"pa_steklo-cristal-safir","21":"pa_strana-japonia","22":"pa_voda-20-atm","24":"first","25":"instock","26":"purchasable","27":"product-type-simple"},"acf":[],"_links":{"self":[{"href":"https:\/\/ceasuri.md\/ru\/wp-json\/wp\/v2\/product\/42706","targetHints":{"allow":["GET"]}}],"collection":[{"href":"https:\/\/ceasuri.md\/ru\/wp-json\/wp\/v2\/product"}],"about":[{"href":"https:\/\/ceasuri.md\/ru\/wp-json\/wp\/v2\/types\/product"}],"replies":[{"embeddable":true,"href":"https:\/\/ceasuri.md\/ru\/wp-json\/wp\/v2\/comments?post=42706"}],"wp:featuredmedia":[{"embeddable":true,"href":"https:\/\/ceasuri.md\/ru\/wp-json\/wp\/v2\/media\/42707"}],"wp:attachment":[{"href":"https:\/\/ceasuri.md\/ru\/wp-json\/wp\/v2\/media?parent=42706"}],"wp:term":[{"taxonomy":"product_brand","embeddable":true,"href":"https:\/\/ceasuri.md\/ru\/wp-json\/wp\/v2\/product_brand?post=42706"},{"taxonomy":"product_cat","embeddable":true,"href":"https:\/\/ceasuri.md\/ru\/wp-json\/wp\/v2\/product_cat?post=42706"},{"taxonomy":"product_tag","embeddable":true,"href":"https:\/\/ceasuri.md\/ru\/wp-json\/wp\/v2\/product_tag?post=42706"}],"curies":[{"name":"wp","href":"https:\/\/api.w.org\/{rel}","templated":true}]}}