{"id":42700,"date":"2026-04-02T22:02:49","date_gmt":"2026-04-02T19:02:49","guid":{"rendered":"http:\/\/new.ceasuri.md\/shop\/uncategorized\/seiko-presage-spb203j1\/"},"modified":"2026-04-20T00:46:58","modified_gmt":"2026-04-19T21:46:58","slug":"seiko-presage-spb203j1","status":"publish","type":"product","link":"https:\/\/ceasuri.md\/ru\/shop\/branduri\/seiko\/seiko-presage-spb203j1\/","title":{"rendered":"\u0427\u0430\u0441\u044b SEIKO PRESAGE SPB203J1"},"content":{"rendered":"<p>Un ceas mecanic cu caracteristici clasice, perfect pentru b\u0103rba\u021bii de succes.<\/p>\n<p>Modelul voluminos al cadranului se refer\u0103 la textura p\u00e2nzei de c\u00e2nep\u0103, o plant\u0103 cultivat\u0103 \u00een Japonia cu peste 10.000 de ani \u00een urm\u0103. Modelul antic de c\u00e2nep\u0103 a fost v\u0103zut pe obiectele artizanilor japonezi \u00eenc\u0103 din perioada Heian (794-1185).<\/p>\n<p>24 de bijuterii, 21600 de vibra\u021bii pe or\u0103. Rezerva de putere de 70 de ore. Func\u021bia de stop-secund\u0103. Posibilitatea de \u00eenf\u0103\u0219urare manual\u0103.<\/p>\n<p>Marcaje de curs\u0103. Fereastra de dat\u0103.<\/p>\n<p>Coroan\u0103 canelat\u0103. Fundul carcasei transparent cu \u0219urub. Br\u0103\u021bar\u0103 cu \u00eenchidere tripl\u0103 pliabil\u0103.<\/p>","protected":false},"excerpt":{"rendered":"<p>Un ceas mecanic cu caracteristici clasice, perfect pentru b\u0103rba\u021bii de succes. Modelul voluminos al cadranului se refer\u0103 la textura p\u00e2nzei de c\u00e2nep\u0103, o plant\u0103 cultivat\u0103 \u00een Japonia cu peste 10.000 de ani \u00een urm\u0103. Modelul antic de c\u00e2nep\u0103 a fost v\u0103zut pe obiectele artizanilor japonezi \u00eenc\u0103 din perioada Heian (794-1185). 24 de bijuterii, 21600 de [&hellip;]<\/p>\n","protected":false},"featured_media":42701,"comment_status":"closed","ping_status":"open","template":"","meta":{"_acf_changed":false},"product_brand":[],"product_cat":[20,106,588],"product_tag":[],"class_list":{"0":"post-42700","1":"product","2":"type-product","3":"status-publish","4":"has-post-thumbnail","6":"product_cat-ceasuri-barbati","7":"product_cat-ceasuri-premium","8":"product_cat-seiko","9":"pa_brand-seiko","10":"pa_braslet-otel-inoxidabil","11":"pa_corpus-39-mm","12":"pa_forma-rotund","13":"pa_funcii-ziua-saptamanii","14":"pa_garatia-24-luni","15":"pa_korpus-argintiu","16":"pa_material-otel-inoxidabil","17":"pa_mehanizm-mecanic","18":"pa_mehanizm-mecanism-automatic","19":"pa_remeshok-argintiu","20":"pa_steklo-cristal-safir","21":"pa_strana-japonia","22":"pa_voda-10-atm","24":"first","25":"instock","26":"purchasable","27":"product-type-simple"},"acf":[],"_links":{"self":[{"href":"https:\/\/ceasuri.md\/ru\/wp-json\/wp\/v2\/product\/42700","targetHints":{"allow":["GET"]}}],"collection":[{"href":"https:\/\/ceasuri.md\/ru\/wp-json\/wp\/v2\/product"}],"about":[{"href":"https:\/\/ceasuri.md\/ru\/wp-json\/wp\/v2\/types\/product"}],"replies":[{"embeddable":true,"href":"https:\/\/ceasuri.md\/ru\/wp-json\/wp\/v2\/comments?post=42700"}],"wp:featuredmedia":[{"embeddable":true,"href":"https:\/\/ceasuri.md\/ru\/wp-json\/wp\/v2\/media\/42701"}],"wp:attachment":[{"href":"https:\/\/ceasuri.md\/ru\/wp-json\/wp\/v2\/media?parent=42700"}],"wp:term":[{"taxonomy":"product_brand","embeddable":true,"href":"https:\/\/ceasuri.md\/ru\/wp-json\/wp\/v2\/product_brand?post=42700"},{"taxonomy":"product_cat","embeddable":true,"href":"https:\/\/ceasuri.md\/ru\/wp-json\/wp\/v2\/product_cat?post=42700"},{"taxonomy":"product_tag","embeddable":true,"href":"https:\/\/ceasuri.md\/ru\/wp-json\/wp\/v2\/product_tag?post=42700"}],"curies":[{"name":"wp","href":"https:\/\/api.w.org\/{rel}","templated":true}]}}