{"id":42670,"date":"2026-04-02T22:01:13","date_gmt":"2026-04-02T19:01:13","guid":{"rendered":"http:\/\/new.ceasuri.md\/shop\/uncategorized\/seiko-prospex-spb079j1\/"},"modified":"2026-04-07T04:05:33","modified_gmt":"2026-04-07T01:05:33","slug":"seiko-prospex-spb079j1","status":"publish","type":"product","link":"https:\/\/ceasuri.md\/ru\/shop\/branduri\/seiko\/seiko-prospex-spb079j1\/","title":{"rendered":"Ceas SEIKO PROSPEX SPB079J1"},"content":{"rendered":"<p>Ceasul de m\u00e2n\u0103 japonez Seiko Prospex.<\/p>\n<p>Ceas mecanic de b\u0103rba\u021bi cu mecanism de remontare automat\u0103, cu carcas\u0103 rotund\u0103 din o\u021bel inoxidabil durabil cu acoperire par\u021bial\u0103 PVD. Calibru 6R15 &#8211; dezvoltare proprie Seiko.<\/p>\n<p>Fundul carcasei \u0219i coroana sunt \u00een\u0219urubate. Luneta este vopsit\u0103 \u00een albastru \u00eenchis \u0219i se rote\u0219te \u00eentr-o singur\u0103 direc\u021bie. Cadranul negru este din cristal de safir rezistent la zg\u00e2rieturi cu strat anti-reflexie. M\u00e2ini luminoase (ore, minute, secunde) \u0219i markeri LumiBrite, indicator de dat\u0103 la ora 3.<\/p>\n<p>Curea din silicon. Rezisten\u021ba ridicat\u0103 la ap\u0103 (200 m) \u00eel face potrivit pentru \u00eenot \u0219i scufund\u0103ri.<\/p>","protected":false},"excerpt":{"rendered":"<p>Ceasul de m\u00e2n\u0103 japonez Seiko Prospex. Ceas mecanic de b\u0103rba\u021bi cu mecanism de remontare automat\u0103, cu carcas\u0103 rotund\u0103 din o\u021bel inoxidabil durabil cu acoperire par\u021bial\u0103 PVD. Calibru 6R15 &#8211; dezvoltare proprie Seiko. Fundul carcasei \u0219i coroana sunt \u00een\u0219urubate. Luneta este vopsit\u0103 \u00een albastru \u00eenchis \u0219i se rote\u0219te \u00eentr-o singur\u0103 direc\u021bie. Cadranul negru este din cristal [&hellip;]<\/p>\n","protected":false},"featured_media":42671,"comment_status":"closed","ping_status":"open","template":"","meta":{"_acf_changed":false},"product_brand":[],"product_cat":[20,106,588],"product_tag":[],"class_list":{"0":"post-42670","1":"product","2":"type-product","3":"status-publish","4":"has-post-thumbnail","6":"product_cat-ceasuri-barbati","7":"product_cat-ceasuri-premium","8":"product_cat-seiko","9":"pa_brand-seiko","10":"pa_braslet-cauciuc","11":"pa_corpus-44-mm","12":"pa_forma-rotund","13":"pa_funcii-data","14":"pa_garatia-24-luni","15":"pa_korpus-argintiu","16":"pa_material-otel-inoxidabil","17":"pa_mehanizm-mecanic","18":"pa_mehanizm-mecanism-automatic","19":"pa_remeshok-negru","20":"pa_steklo-cristal-safir","21":"pa_strana-japonia","22":"pa_voda-20-atm","24":"first","25":"instock","26":"purchasable","27":"product-type-simple"},"acf":[],"_links":{"self":[{"href":"https:\/\/ceasuri.md\/ru\/wp-json\/wp\/v2\/product\/42670","targetHints":{"allow":["GET"]}}],"collection":[{"href":"https:\/\/ceasuri.md\/ru\/wp-json\/wp\/v2\/product"}],"about":[{"href":"https:\/\/ceasuri.md\/ru\/wp-json\/wp\/v2\/types\/product"}],"replies":[{"embeddable":true,"href":"https:\/\/ceasuri.md\/ru\/wp-json\/wp\/v2\/comments?post=42670"}],"wp:featuredmedia":[{"embeddable":true,"href":"https:\/\/ceasuri.md\/ru\/wp-json\/wp\/v2\/media\/42671"}],"wp:attachment":[{"href":"https:\/\/ceasuri.md\/ru\/wp-json\/wp\/v2\/media?parent=42670"}],"wp:term":[{"taxonomy":"product_brand","embeddable":true,"href":"https:\/\/ceasuri.md\/ru\/wp-json\/wp\/v2\/product_brand?post=42670"},{"taxonomy":"product_cat","embeddable":true,"href":"https:\/\/ceasuri.md\/ru\/wp-json\/wp\/v2\/product_cat?post=42670"},{"taxonomy":"product_tag","embeddable":true,"href":"https:\/\/ceasuri.md\/ru\/wp-json\/wp\/v2\/product_tag?post=42670"}],"curies":[{"name":"wp","href":"https:\/\/api.w.org\/{rel}","templated":true}]}}