{"id":42649,"date":"2026-04-02T22:01:13","date_gmt":"2026-04-02T19:01:13","guid":{"rendered":"http:\/\/new.ceasuri.md\/shop\/uncategorized\/seiko-prospex-eco-drive-snj028p1\/"},"modified":"2026-04-20T00:46:24","modified_gmt":"2026-04-19T21:46:24","slug":"seiko-prospex-eco-drive-snj028p1","status":"publish","type":"product","link":"https:\/\/ceasuri.md\/ru\/shop\/branduri\/seiko\/seiko-prospex-eco-drive-snj028p1\/","title":{"rendered":"\u0427\u0430\u0441\u044b SEIKO PROSPEX ECO-DRIVE SNJ028P1"},"content":{"rendered":"<p>Modul analogic digital multifunc\u021bional.Calibru H851.<\/p>\n<p>Calendar complet automatizat p\u00e2n\u0103 \u00een anul 2100. Func\u021bia de afi\u0219are a orei locale: posibilitatea de a afi\u0219a ora \u00een dou\u0103 fusuri orare simultan pe afi\u0219ajul digital \u0219i cu ajutorul acelor. Cronometru cu o precizie de 1\/100 de secund\u0103 \u0219i o durat\u0103 maxim\u0103 de m\u0103surare de 100 de ore. Func\u021bie de alarm\u0103 zilnic\u0103.<\/p>\n<p>Func\u021bie de re\u00eenc\u0103rcare a bateriei de la orice surs\u0103 de lumin\u0103. Durata de via\u021b\u0103 a bateriei cu o \u00eenc\u0103rcare complet\u0103 este de aproximativ 6 luni. Durata de via\u021b\u0103 aproximativ\u0103 a bateriei &#8211; 10 ani. indicator de stare a bateriei.<\/p>\n<p>Iluminarea cadranului cu LED. Func\u021bie de economisire a energiei\/ func\u021bie de adormire: dac\u0103 cadranul nu este expus la lumin\u0103 \u0219i butoanele nu sunt utilizate pentru o anumit\u0103 perioad\u0103 de timp, se activeaz\u0103 modul de economisire a energiei.<\/p>\n<p>Sticl\u0103 Hardlex este un cristal mineral special temperat dezvoltat de SEIKO, mult mai rezistent dec\u00e2t sticla mineral\u0103 obi\u0219nuit\u0103.<\/p>\n<p>Carcas\u0103 realizat\u0103 din aliaj de o\u021bel 316L de \u00eenalt\u0103 calitate, cu propriet\u0103\u021bi anticorozive ridicate. Carcasa este protejat\u0103 de o carcas\u0103 special\u0103 din poliuretan. Protec\u021bie \u00eempotriva apei p\u00e2n\u0103 la 20 ATM. Luneta rotativ\u0103 unidirec\u021bional\u0103. Coroan\u0103 \u00een\u0219urubat\u0103. Curea din silicon.<\/p>","protected":false},"excerpt":{"rendered":"<p>Modul analogic digital multifunc\u021bional.Calibru H851. Calendar complet automatizat p\u00e2n\u0103 \u00een anul 2100. Func\u021bia de afi\u0219are a orei locale: posibilitatea de a afi\u0219a ora \u00een dou\u0103 fusuri orare simultan pe afi\u0219ajul digital \u0219i cu ajutorul acelor. Cronometru cu o precizie de 1\/100 de secund\u0103 \u0219i o durat\u0103 maxim\u0103 de m\u0103surare de 100 de ore. Func\u021bie de [&hellip;]<\/p>\n","protected":false},"featured_media":42650,"comment_status":"closed","ping_status":"open","template":"","meta":{"_acf_changed":false},"product_brand":[],"product_cat":[20,588],"product_tag":[],"class_list":{"0":"post-42649","1":"product","2":"type-product","3":"status-publish","4":"has-post-thumbnail","6":"product_cat-ceasuri-barbati","7":"product_cat-seiko","8":"pa_brand-seiko","9":"pa_braslet-silicon","10":"pa_corpus-48-mm","11":"pa_forma-rotund","12":"pa_funcii-alarma","13":"pa_funcii-cronometru","14":"pa_funcii-data","15":"pa_funcii-dual-time","16":"pa_garatia-24-luni","17":"pa_korpus-negru","18":"pa_kvarc-quartz","19":"pa_material-otel-inoxidabil","20":"pa_material-plastic","21":"pa_mehanizm-baterie-solara","22":"pa_remeshok-negru","23":"pa_steklo-hardlex-crystal","24":"pa_strana-japonia","25":"pa_voda-20-atm","27":"first","28":"instock","29":"purchasable","30":"product-type-simple"},"acf":[],"_links":{"self":[{"href":"https:\/\/ceasuri.md\/ru\/wp-json\/wp\/v2\/product\/42649","targetHints":{"allow":["GET"]}}],"collection":[{"href":"https:\/\/ceasuri.md\/ru\/wp-json\/wp\/v2\/product"}],"about":[{"href":"https:\/\/ceasuri.md\/ru\/wp-json\/wp\/v2\/types\/product"}],"replies":[{"embeddable":true,"href":"https:\/\/ceasuri.md\/ru\/wp-json\/wp\/v2\/comments?post=42649"}],"wp:featuredmedia":[{"embeddable":true,"href":"https:\/\/ceasuri.md\/ru\/wp-json\/wp\/v2\/media\/42650"}],"wp:attachment":[{"href":"https:\/\/ceasuri.md\/ru\/wp-json\/wp\/v2\/media?parent=42649"}],"wp:term":[{"taxonomy":"product_brand","embeddable":true,"href":"https:\/\/ceasuri.md\/ru\/wp-json\/wp\/v2\/product_brand?post=42649"},{"taxonomy":"product_cat","embeddable":true,"href":"https:\/\/ceasuri.md\/ru\/wp-json\/wp\/v2\/product_cat?post=42649"},{"taxonomy":"product_tag","embeddable":true,"href":"https:\/\/ceasuri.md\/ru\/wp-json\/wp\/v2\/product_tag?post=42649"}],"curies":[{"name":"wp","href":"https:\/\/api.w.org\/{rel}","templated":true}]}}