{"id":42627,"date":"2026-04-02T22:01:13","date_gmt":"2026-04-02T19:01:13","guid":{"rendered":"http:\/\/new.ceasuri.md\/shop\/uncategorized\/seiko-prospex-limited-edition-srph13k1\/"},"modified":"2026-04-20T00:48:00","modified_gmt":"2026-04-19T21:48:00","slug":"seiko-prospex-limited-edition-srph13k1","status":"publish","type":"product","link":"https:\/\/ceasuri.md\/ru\/shop\/branduri\/seiko\/seiko-prospex-limited-edition-srph13k1\/","title":{"rendered":"\u0427\u0430\u0441\u044b SEIKO PROSPEX LIMITED EDITION SRPH13K1"},"content":{"rendered":"<p>Ceas de m\u00e2n\u0103 mecanic rezistent la ap\u0103 cu mecanism de remontare automat\u0103 din colec\u021bia Prospex.<\/p>\n<p>Edi\u021bie limitat\u0103 Black Series 2021. Au fost produse doar 7.000 de buc\u0103\u021bi.<\/p>\n<p>Calibru 4R36. Rezerva de putere de peste 40 de ore. 21.600 de vibra\u021bii pe or\u0103. Num\u0103r de bijuterii &#8211; 24.<\/p>\n<p>Acest model afi\u0219eaz\u0103 data \u0219i ziua s\u0103pt\u0103m\u00e2nii. Func\u021bia Stop-secund\u0103 (opre\u0219te secundarul pentru a seta ora exact\u0103). M\u00e2inile \u0219i indicatoarele sunt acoperite cu un strat luminescent LumiBright (str\u0103luce\u0219te \u00een \u00eentuneric). Sticl\u0103 mineral\u0103 instalat\u0103 de \u00eenalt\u0103 rezisten\u021b\u0103 Hardlex Crystal.<\/p>\n<p>Luneta rotativ\u0103. Curea din silicon. Carcasa este acoperit\u0103 cu PVD. Model are un grad ridicat de rezisten\u021b\u0103 la ap\u0103 WR200 (20 atm) \u0219i este potrivit pentru scufundare ad\u00e2nc\u0103. Spatele carcasei \u0219i coroana sunt \u00een\u0219urubate.<\/p>","protected":false},"excerpt":{"rendered":"<p>Ceas de m\u00e2n\u0103 mecanic rezistent la ap\u0103 cu mecanism de remontare automat\u0103 din colec\u021bia Prospex. Edi\u021bie limitat\u0103 Black Series 2021. Au fost produse doar 7.000 de buc\u0103\u021bi. Calibru 4R36. Rezerva de putere de peste 40 de ore. 21.600 de vibra\u021bii pe or\u0103. Num\u0103r de bijuterii &#8211; 24. Acest model afi\u0219eaz\u0103 data \u0219i ziua s\u0103pt\u0103m\u00e2nii. Func\u021bia [&hellip;]<\/p>\n","protected":false},"featured_media":42628,"comment_status":"closed","ping_status":"open","template":"","meta":{"_acf_changed":false},"product_brand":[],"product_cat":[20,205,588],"product_tag":[],"class_list":{"0":"post-42627","1":"product","2":"type-product","3":"status-publish","4":"has-post-thumbnail","6":"product_cat-ceasuri-barbati","7":"product_cat-limited-edition","8":"product_cat-seiko","9":"pa_brand-seiko","10":"pa_braslet-cauciuc","11":"pa_corpus-42-mm","12":"pa_forma-rotund","13":"pa_funcii-data","14":"pa_funcii-limited-edition","15":"pa_funcii-ziua-saptamanii","16":"pa_garatia-24-luni","17":"pa_korpus-negru","18":"pa_material-otel-inoxidabil","19":"pa_material-otel-inoxidabil-periat","20":"pa_mehanizm-mecanic","21":"pa_mehanizm-mecanism-automatic","22":"pa_remeshok-negru","23":"pa_steklo-hardlex-crystal","24":"pa_strana-japonia","25":"pa_voda-20-atm","27":"first","28":"instock","29":"purchasable","30":"product-type-simple"},"acf":[],"_links":{"self":[{"href":"https:\/\/ceasuri.md\/ru\/wp-json\/wp\/v2\/product\/42627","targetHints":{"allow":["GET"]}}],"collection":[{"href":"https:\/\/ceasuri.md\/ru\/wp-json\/wp\/v2\/product"}],"about":[{"href":"https:\/\/ceasuri.md\/ru\/wp-json\/wp\/v2\/types\/product"}],"replies":[{"embeddable":true,"href":"https:\/\/ceasuri.md\/ru\/wp-json\/wp\/v2\/comments?post=42627"}],"wp:featuredmedia":[{"embeddable":true,"href":"https:\/\/ceasuri.md\/ru\/wp-json\/wp\/v2\/media\/42628"}],"wp:attachment":[{"href":"https:\/\/ceasuri.md\/ru\/wp-json\/wp\/v2\/media?parent=42627"}],"wp:term":[{"taxonomy":"product_brand","embeddable":true,"href":"https:\/\/ceasuri.md\/ru\/wp-json\/wp\/v2\/product_brand?post=42627"},{"taxonomy":"product_cat","embeddable":true,"href":"https:\/\/ceasuri.md\/ru\/wp-json\/wp\/v2\/product_cat?post=42627"},{"taxonomy":"product_tag","embeddable":true,"href":"https:\/\/ceasuri.md\/ru\/wp-json\/wp\/v2\/product_tag?post=42627"}],"curies":[{"name":"wp","href":"https:\/\/api.w.org\/{rel}","templated":true}]}}