{"id":42623,"date":"2022-11-30T19:57:52","date_gmt":"2022-11-30T17:57:52","guid":{"rendered":"http:\/\/new.ceasuri.md\/shop\/uncategorized\/seiko-prospex-series-limited-edition-srph11k1\/"},"modified":"2026-05-01T16:39:00","modified_gmt":"2026-05-01T13:39:00","slug":"seiko-prospex-series-limited-edition-srph11k1","status":"publish","type":"product","link":"https:\/\/ceasuri.md\/ru\/shop\/branduri\/seiko\/seiko-prospex-series-limited-edition-srph11k1\/","title":{"rendered":"\u0427\u0430\u0441\u044b SEIKO PROSPEX SERIES LIMITED EDITION SRPH11K1"},"content":{"rendered":"<p>Ceasul din colec\u021bia Prospex va fi, f\u0103r\u0103 \u00eendoial\u0103, pe placul b\u0103rba\u021bilor activi pentru care sportul face parte din via\u021b\u0103. Edi\u021bie limitat\u0103 de 8000 de buc\u0103\u021bi.<\/p>\n<p>Ceas de scafandru profesionist. mi\u0219carea are 23 de bijuterii, frecven\u021ba 21600 de vibra\u021bii pe or\u0103. 41 de ore de rezerv\u0103 de putere. Func\u021bie stop-secund\u0103.<\/p>\n<p>Luneta se rote\u0219te \u00eentr-o singur\u0103 direc\u021bie. M\u00e2inile, reperele de curs\u0103 de pe cadran \u0219i reperul zero de pe lunet\u0103 cu strat luminescent LumiBrite de semn\u0103tur\u0103, care str\u0103luce\u0219te \u00een \u00eentuneric dup\u0103 o scurt\u0103 re\u00eenc\u0103rcare la lumin\u0103.<\/p>\n<p>Fereastra de dat\u0103 se afl\u0103 la ora 3.<\/p>\n<p>Coroan\u0103 canelat\u0103 \u00een\u0219urubat\u0103 cu protec\u021bie. Fundul carcasei \u00een\u0219urubat, gravat cu num\u0103rul de serie unic \u0219i inscrip\u021bia LIMITED EDITION.<\/p>\n<p>Curea confortabil\u0103 cu cataram\u0103 clasic\u0103.<\/p>","protected":false},"excerpt":{"rendered":"<p>Ceasul din colec\u021bia Prospex va fi, f\u0103r\u0103 \u00eendoial\u0103, pe placul b\u0103rba\u021bilor activi pentru care sportul face parte din via\u021b\u0103. Edi\u021bie limitat\u0103 de 8000 de buc\u0103\u021bi. Ceas de scafandru profesionist. mi\u0219carea are 23 de bijuterii, frecven\u021ba 21600 de vibra\u021bii pe or\u0103. 41 de ore de rezerv\u0103 de putere. Func\u021bie stop-secund\u0103. Luneta se rote\u0219te \u00eentr-o singur\u0103 direc\u021bie. [&hellip;]<\/p>\n","protected":false},"featured_media":42624,"comment_status":"closed","ping_status":"open","template":"","meta":{"_acf_changed":false},"product_brand":[],"product_cat":[20,205,588],"product_tag":[],"class_list":{"0":"post-42623","1":"product","2":"type-product","3":"status-publish","4":"has-post-thumbnail","6":"product_cat-ceasuri-barbati","7":"product_cat-limited-edition","8":"product_cat-seiko","9":"pa_brand-seiko","10":"pa_braslet-cauciuc","11":"pa_corpus-44-mm","12":"pa_forma-rotund","13":"pa_funcii-data","14":"pa_funcii-limited-edition","15":"pa_garatia-24-luni","16":"pa_korpus-negru","17":"pa_material-otel-inoxidabil","18":"pa_material-otel-inoxidabil-periat","19":"pa_mehanizm-mecanic","20":"pa_mehanizm-mecanism-automatic","21":"pa_remeshok-negru","22":"pa_steklo-hardlex-crystal","23":"pa_strana-japonia","24":"pa_voda-20-atm","26":"first","27":"instock","28":"purchasable","29":"product-type-simple"},"acf":[],"_links":{"self":[{"href":"https:\/\/ceasuri.md\/ru\/wp-json\/wp\/v2\/product\/42623","targetHints":{"allow":["GET"]}}],"collection":[{"href":"https:\/\/ceasuri.md\/ru\/wp-json\/wp\/v2\/product"}],"about":[{"href":"https:\/\/ceasuri.md\/ru\/wp-json\/wp\/v2\/types\/product"}],"replies":[{"embeddable":true,"href":"https:\/\/ceasuri.md\/ru\/wp-json\/wp\/v2\/comments?post=42623"}],"wp:featuredmedia":[{"embeddable":true,"href":"https:\/\/ceasuri.md\/ru\/wp-json\/wp\/v2\/media\/42624"}],"wp:attachment":[{"href":"https:\/\/ceasuri.md\/ru\/wp-json\/wp\/v2\/media?parent=42623"}],"wp:term":[{"taxonomy":"product_brand","embeddable":true,"href":"https:\/\/ceasuri.md\/ru\/wp-json\/wp\/v2\/product_brand?post=42623"},{"taxonomy":"product_cat","embeddable":true,"href":"https:\/\/ceasuri.md\/ru\/wp-json\/wp\/v2\/product_cat?post=42623"},{"taxonomy":"product_tag","embeddable":true,"href":"https:\/\/ceasuri.md\/ru\/wp-json\/wp\/v2\/product_tag?post=42623"}],"curies":[{"name":"wp","href":"https:\/\/api.w.org\/{rel}","templated":true}]}}