{"id":42611,"date":"2026-04-02T22:01:13","date_gmt":"2026-04-02T19:01:13","guid":{"rendered":"http:\/\/new.ceasuri.md\/shop\/uncategorized\/casio-g-shock-gma-s140m-1aer\/"},"modified":"2026-04-20T00:08:15","modified_gmt":"2026-04-19T21:08:15","slug":"casio-g-shock-gma-s140m-1aer","status":"publish","type":"product","link":"https:\/\/ceasuri.md\/ru\/shop\/branduri\/casio\/casio-g-shock-gma-s140m-1aer\/","title":{"rendered":"Ceas CASIO G-SHOCK GMA-S140M-1AER"},"content":{"rendered":"<p>Un ceas care evolueaz\u0103 constant \u00eentr-o c\u0103utare nesf\u00e2r\u0219it\u0103 pentru durabilitate, aceasta este o versiune mai mic\u0103 a popularului GA-140.<\/p>\n<p>O dimensiune compact\u0103 care st\u0103 confortabil pe \u00eencheietura m\u00e2inii, men\u021bin\u00e2nd \u00een acela\u0219i timp designul retro al cadranului mecanic. Elementele metalice cu margini ascu\u021bite sunt utilizate pentru indicatoare \u0219i cadran, oferindu-le o textur\u0103 \u00eembun\u0103t\u0103\u021bit\u0103.<\/p>\n<p>Un G-SHOCK elegant care arat\u0103 grozav pe m\u00e2n\u0103.<\/p>","protected":false},"excerpt":{"rendered":"<p>Un ceas care evolueaz\u0103 constant \u00eentr-o c\u0103utare nesf\u00e2r\u0219it\u0103 pentru durabilitate, aceasta este o versiune mai mic\u0103 a popularului GA-140. O dimensiune compact\u0103 care st\u0103 confortabil pe \u00eencheietura m\u00e2inii, men\u021bin\u00e2nd \u00een acela\u0219i timp designul retro al cadranului mecanic. Elementele metalice cu margini ascu\u021bite sunt utilizate pentru indicatoare \u0219i cadran, oferindu-le o textur\u0103 \u00eembun\u0103t\u0103\u021bit\u0103. Un G-SHOCK elegant [&hellip;]<\/p>\n","protected":false},"featured_media":42612,"comment_status":"closed","ping_status":"open","template":"","meta":{"_acf_changed":false},"product_brand":[],"product_cat":[27,20,419],"product_tag":[],"class_list":{"0":"post-42611","1":"product","2":"type-product","3":"status-publish","4":"has-post-thumbnail","6":"product_cat-casio","7":"product_cat-ceasuri-barbati","8":"product_cat-g-shock","9":"pa_brand-casio","10":"pa_brand-g-shock","11":"pa_braslet-plastic","12":"pa_corpus-46-mm","13":"pa_forma-rotund","14":"pa_funcii-alarma","15":"pa_funcii-calendar","16":"pa_funcii-cronometru","17":"pa_funcii-dual-time","18":"pa_funcii-iluminare","19":"pa_funcii-timp-mondial","20":"pa_garatia-24-luni","21":"pa_korpus-negru","22":"pa_kvarc-quartz","23":"pa_material-plastic","24":"pa_mehanizm-electronic","25":"pa_mehanizm-quartz","26":"pa_remeshok-negru","27":"pa_steklo-cristal-mineral","28":"pa_strana-japonia","29":"pa_voda-20-atm","31":"first","32":"instock","33":"purchasable","34":"product-type-simple"},"acf":[],"_links":{"self":[{"href":"https:\/\/ceasuri.md\/ru\/wp-json\/wp\/v2\/product\/42611","targetHints":{"allow":["GET"]}}],"collection":[{"href":"https:\/\/ceasuri.md\/ru\/wp-json\/wp\/v2\/product"}],"about":[{"href":"https:\/\/ceasuri.md\/ru\/wp-json\/wp\/v2\/types\/product"}],"replies":[{"embeddable":true,"href":"https:\/\/ceasuri.md\/ru\/wp-json\/wp\/v2\/comments?post=42611"}],"wp:featuredmedia":[{"embeddable":true,"href":"https:\/\/ceasuri.md\/ru\/wp-json\/wp\/v2\/media\/42612"}],"wp:attachment":[{"href":"https:\/\/ceasuri.md\/ru\/wp-json\/wp\/v2\/media?parent=42611"}],"wp:term":[{"taxonomy":"product_brand","embeddable":true,"href":"https:\/\/ceasuri.md\/ru\/wp-json\/wp\/v2\/product_brand?post=42611"},{"taxonomy":"product_cat","embeddable":true,"href":"https:\/\/ceasuri.md\/ru\/wp-json\/wp\/v2\/product_cat?post=42611"},{"taxonomy":"product_tag","embeddable":true,"href":"https:\/\/ceasuri.md\/ru\/wp-json\/wp\/v2\/product_tag?post=42611"}],"curies":[{"name":"wp","href":"https:\/\/api.w.org\/{rel}","templated":true}]}}