{"id":42606,"date":"2026-04-02T22:01:13","date_gmt":"2026-04-02T19:01:13","guid":{"rendered":"http:\/\/new.ceasuri.md\/shop\/uncategorized\/casio-g-shock-gma-s2100-1a\/"},"modified":"2026-04-07T04:05:22","modified_gmt":"2026-04-07T01:05:22","slug":"casio-g-shock-gma-s2100-1a","status":"publish","type":"product","link":"https:\/\/ceasuri.md\/ru\/shop\/branduri\/casio\/casio-g-shock-gma-s2100-1a\/","title":{"rendered":"Ceas CASIO G-SHOCK GMA-S2100-1A"},"content":{"rendered":"<p>De la G-SHOCK, ceasurile de rezisten\u021b\u0103 care evolueaz\u0103 mereu \u00eentr-o c\u0103utare nesf\u00e2r\u0219it\u0103 a rezisten\u021bei, aceast\u0103 versiune redus\u0103 a popularului model GA-2100 are un design simplu \u0219i sub\u021bire care elimin\u0103 risipa, men\u021bin\u00e2nd \u00een acela\u0219i timp o structur\u0103 rezistent\u0103.<\/p>\n<p>Modelul de baz\u0103 GA-2100 este un model G-SHOCK mai sub\u021bire care mo\u0219tene\u0219te forma octogonal\u0103 a primului model DW-5000C. Fa\u021ba plat\u0103 \u0219i indicii simpli ai barei creeaz\u0103 o impresie simpl\u0103, dar solid\u0103.<\/p>\n<p>Culoarea este un negru mat care se potrive\u0219te cu orice mod\u0103. Indicii metalici str\u0103lucitori ai barei sporesc textura.<\/p>","protected":false},"excerpt":{"rendered":"<p>De la G-SHOCK, ceasurile de rezisten\u021b\u0103 care evolueaz\u0103 mereu \u00eentr-o c\u0103utare nesf\u00e2r\u0219it\u0103 a rezisten\u021bei, aceast\u0103 versiune redus\u0103 a popularului model GA-2100 are un design simplu \u0219i sub\u021bire care elimin\u0103 risipa, men\u021bin\u00e2nd \u00een acela\u0219i timp o structur\u0103 rezistent\u0103. Modelul de baz\u0103 GA-2100 este un model G-SHOCK mai sub\u021bire care mo\u0219tene\u0219te forma octogonal\u0103 a primului model DW-5000C. [&hellip;]<\/p>\n","protected":false},"featured_media":42607,"comment_status":"closed","ping_status":"open","template":"","meta":{"_acf_changed":false},"product_brand":[],"product_cat":[27,25,419],"product_tag":[],"class_list":{"0":"post-42606","1":"product","2":"type-product","3":"status-publish","4":"has-post-thumbnail","6":"product_cat-casio","7":"product_cat-ceasuri-dama","8":"product_cat-g-shock","9":"pa_brand-casio","10":"pa_brand-g-shock","11":"pa_braslet-plastic","12":"pa_corpus-43x47mm","13":"pa_forma-octogonala","14":"pa_funcii-alarma","15":"pa_funcii-calendar","16":"pa_funcii-cronometru","17":"pa_funcii-dual-time","18":"pa_funcii-iluminare","19":"pa_funcii-timp-mondial","20":"pa_funcii-ziua-saptamanii","21":"pa_garatia-24-luni","22":"pa_korpus-negru","23":"pa_material-carbon","24":"pa_material-plastic","25":"pa_mehanizm-electronic","26":"pa_mehanizm-quartz","27":"pa_remeshok-negru","28":"pa_steklo-cristal-mineral","29":"pa_strana-japonia","30":"pa_voda-20-atm","32":"first","33":"instock","34":"purchasable","35":"product-type-simple"},"acf":[],"_links":{"self":[{"href":"https:\/\/ceasuri.md\/ru\/wp-json\/wp\/v2\/product\/42606","targetHints":{"allow":["GET"]}}],"collection":[{"href":"https:\/\/ceasuri.md\/ru\/wp-json\/wp\/v2\/product"}],"about":[{"href":"https:\/\/ceasuri.md\/ru\/wp-json\/wp\/v2\/types\/product"}],"replies":[{"embeddable":true,"href":"https:\/\/ceasuri.md\/ru\/wp-json\/wp\/v2\/comments?post=42606"}],"wp:featuredmedia":[{"embeddable":true,"href":"https:\/\/ceasuri.md\/ru\/wp-json\/wp\/v2\/media\/42607"}],"wp:attachment":[{"href":"https:\/\/ceasuri.md\/ru\/wp-json\/wp\/v2\/media?parent=42606"}],"wp:term":[{"taxonomy":"product_brand","embeddable":true,"href":"https:\/\/ceasuri.md\/ru\/wp-json\/wp\/v2\/product_brand?post=42606"},{"taxonomy":"product_cat","embeddable":true,"href":"https:\/\/ceasuri.md\/ru\/wp-json\/wp\/v2\/product_cat?post=42606"},{"taxonomy":"product_tag","embeddable":true,"href":"https:\/\/ceasuri.md\/ru\/wp-json\/wp\/v2\/product_tag?post=42606"}],"curies":[{"name":"wp","href":"https:\/\/api.w.org\/{rel}","templated":true}]}}