{"id":42587,"date":"2022-09-15T22:49:00","date_gmt":"2022-09-15T19:49:00","guid":{"rendered":"http:\/\/new.ceasuri.md\/shop\/uncategorized\/casio-collection-ltp-1302pd-7a1veg\/"},"modified":"2026-05-01T16:38:39","modified_gmt":"2026-05-01T13:38:39","slug":"casio-collection-ltp-1302pd-7a1veg","status":"publish","type":"product","link":"https:\/\/ceasuri.md\/ru\/shop\/branduri\/casio\/casio-collection-ltp-1302pd-7a1veg\/","title":{"rendered":"\u0427\u0430\u0441\u044b CASIO COLLECTION LTP-1302PD-7A1VEG"},"content":{"rendered":"<p>Clasic cu cuar\u021b pentru femei. Carcasa aproape f\u0103r\u0103 greutate din alam\u0103 hipoalergenic\u0103 se a\u0219eaz\u0103 elegant pe orice \u00eencheietur\u0103.<\/p>\n<p>Cristalul mineral protejeaz\u0103 cadranul. M\u00e2inile sunt acoperite cu neobrit, care asigur\u0103 o str\u0103lucire de lung\u0103 durat\u0103 \u00een \u00eentuneric chiar \u0219i dup\u0103 o scurt\u0103 expunere la lumin\u0103.<\/p>\n<p>Br\u0103\u021bara din o\u021bel cu \u00eenchidere pliabil\u0103 \u00eempiedic\u0103 pierderea ceasului chiar dac\u0103 se deschide accidental.<\/p>","protected":false},"excerpt":{"rendered":"<p>Clasic cu cuar\u021b pentru femei. Carcasa aproape f\u0103r\u0103 greutate din alam\u0103 hipoalergenic\u0103 se a\u0219eaz\u0103 elegant pe orice \u00eencheietur\u0103. Cristalul mineral protejeaz\u0103 cadranul. M\u00e2inile sunt acoperite cu neobrit, care asigur\u0103 o str\u0103lucire de lung\u0103 durat\u0103 \u00een \u00eentuneric chiar \u0219i dup\u0103 o scurt\u0103 expunere la lumin\u0103. Br\u0103\u021bara din o\u021bel cu \u00eenchidere pliabil\u0103 \u00eempiedic\u0103 pierderea ceasului chiar dac\u0103 [&hellip;]<\/p>\n","protected":false},"featured_media":42588,"comment_status":"closed","ping_status":"open","template":"","meta":{"_acf_changed":false},"product_brand":[],"product_cat":[27,25],"product_tag":[],"class_list":{"0":"post-42587","1":"product","2":"type-product","3":"status-publish","4":"has-post-thumbnail","6":"product_cat-casio","7":"product_cat-ceasuri-dama","8":"pa_brand-casio","9":"pa_braslet-otel-inoxidabil","10":"pa_corpus-30-mm","11":"pa_forma-rotund","12":"pa_funcii-data","13":"pa_garatia-24-luni","14":"pa_korpus-argintiu","15":"pa_kvarc-quartz","16":"pa_material-alama","17":"pa_mehanizm-quartz","18":"pa_remeshok-argintiu","19":"pa_steklo-cristal-mineral","20":"pa_strana-japonia","21":"pa_voda-5-atm","23":"first","24":"instock","25":"purchasable","26":"product-type-simple"},"acf":[],"_links":{"self":[{"href":"https:\/\/ceasuri.md\/ru\/wp-json\/wp\/v2\/product\/42587","targetHints":{"allow":["GET"]}}],"collection":[{"href":"https:\/\/ceasuri.md\/ru\/wp-json\/wp\/v2\/product"}],"about":[{"href":"https:\/\/ceasuri.md\/ru\/wp-json\/wp\/v2\/types\/product"}],"replies":[{"embeddable":true,"href":"https:\/\/ceasuri.md\/ru\/wp-json\/wp\/v2\/comments?post=42587"}],"wp:featuredmedia":[{"embeddable":true,"href":"https:\/\/ceasuri.md\/ru\/wp-json\/wp\/v2\/media\/42588"}],"wp:attachment":[{"href":"https:\/\/ceasuri.md\/ru\/wp-json\/wp\/v2\/media?parent=42587"}],"wp:term":[{"taxonomy":"product_brand","embeddable":true,"href":"https:\/\/ceasuri.md\/ru\/wp-json\/wp\/v2\/product_brand?post=42587"},{"taxonomy":"product_cat","embeddable":true,"href":"https:\/\/ceasuri.md\/ru\/wp-json\/wp\/v2\/product_cat?post=42587"},{"taxonomy":"product_tag","embeddable":true,"href":"https:\/\/ceasuri.md\/ru\/wp-json\/wp\/v2\/product_tag?post=42587"}],"curies":[{"name":"wp","href":"https:\/\/api.w.org\/{rel}","templated":true}]}}