{"id":42547,"date":"2026-04-02T21:59:43","date_gmt":"2026-04-02T18:59:43","guid":{"rendered":"http:\/\/new.ceasuri.md\/shop\/uncategorized\/edox-chronorally-s-09503-3nom-noo\/"},"modified":"2026-04-20T00:18:20","modified_gmt":"2026-04-19T21:18:20","slug":"edox-chronorally-s-09503-3nom-noo","status":"publish","type":"product","link":"https:\/\/ceasuri.md\/ru\/shop\/branduri\/edox\/edox-chronorally-s-09503-3nom-noo\/","title":{"rendered":"\u0427\u0430\u0441\u044b EDOX CHRONORALLY-S 09503-3NOM-NOO"},"content":{"rendered":"<p><a href=\"https:\/\/ceasuri.md\/wp-content\/uploads\/2021\/10\/chronorally.png\"><img loading=\"lazy\" decoding=\"async\" class=\"alignnone size-full wp-image-40066\" src=\"https:\/\/ceasuri.md\/wp-content\/uploads\/2021\/10\/chronorally.png\" alt=\"\" width=\"1770\" height=\"514\" \/><\/a><\/p>\n<p>Toate echipamentele \u0219i uneltele Chronorally trebuie s\u0103 fie suficient de robuste pentru a rezista celor mai dure condi\u021bii: vitez\u0103, noroi, z\u0103pad\u0103, impact, c\u0103ldur\u0103 etc.<\/p>\n<p>Ceasurile Edox Chronorally au fost proiectate \u0219i dezvoltate pentru a rezista celor mai extreme condi\u021bii. \u00cen toate ceasurile Chronorally sunt prezente materiale tehnice precum curele de cauciuc durabile, carcase solide din o\u021bel inoxidabil \u0219i mi\u0219c\u0103ri robuste \u0219i fiabile.<\/p>","protected":false},"excerpt":{"rendered":"<p>Toate echipamentele \u0219i uneltele Chronorally trebuie s\u0103 fie suficient de robuste pentru a rezista celor mai dure condi\u021bii: vitez\u0103, noroi, z\u0103pad\u0103, impact, c\u0103ldur\u0103 etc. Ceasurile Edox Chronorally au fost proiectate \u0219i dezvoltate pentru a rezista celor mai extreme condi\u021bii. \u00cen toate ceasurile Chronorally sunt prezente materiale tehnice precum curele de cauciuc durabile, carcase solide din [&hellip;]<\/p>\n","protected":false},"featured_media":42548,"comment_status":"closed","ping_status":"open","template":"","meta":{"_acf_changed":false},"product_brand":[],"product_cat":[20,107],"product_tag":[],"class_list":{"0":"post-42547","1":"product","2":"type-product","3":"status-publish","4":"has-post-thumbnail","6":"product_cat-ceasuri-barbati","7":"product_cat-edox","8":"pa_brand-edox","9":"pa_braslet-otel-inoxidabil","10":"pa_corpus-43-mm","11":"pa_forma-rotund","12":"pa_funcii-cronograf","13":"pa_funcii-data","14":"pa_funcii-tahimetru","15":"pa_garatia-24-luni","16":"pa_korpus-argintiu","17":"pa_kvarc-quartz","18":"pa_material-otel-inoxidabil","19":"pa_mehanizm-quartz","20":"pa_remeshok-argintiu","21":"pa_steklo-cristal-safir","22":"pa_strana-elvetia","23":"pa_voda-10-atm","25":"first","26":"instock","27":"purchasable","28":"product-type-simple"},"acf":[],"_links":{"self":[{"href":"https:\/\/ceasuri.md\/ru\/wp-json\/wp\/v2\/product\/42547","targetHints":{"allow":["GET"]}}],"collection":[{"href":"https:\/\/ceasuri.md\/ru\/wp-json\/wp\/v2\/product"}],"about":[{"href":"https:\/\/ceasuri.md\/ru\/wp-json\/wp\/v2\/types\/product"}],"replies":[{"embeddable":true,"href":"https:\/\/ceasuri.md\/ru\/wp-json\/wp\/v2\/comments?post=42547"}],"wp:featuredmedia":[{"embeddable":true,"href":"https:\/\/ceasuri.md\/ru\/wp-json\/wp\/v2\/media\/42548"}],"wp:attachment":[{"href":"https:\/\/ceasuri.md\/ru\/wp-json\/wp\/v2\/media?parent=42547"}],"wp:term":[{"taxonomy":"product_brand","embeddable":true,"href":"https:\/\/ceasuri.md\/ru\/wp-json\/wp\/v2\/product_brand?post=42547"},{"taxonomy":"product_cat","embeddable":true,"href":"https:\/\/ceasuri.md\/ru\/wp-json\/wp\/v2\/product_cat?post=42547"},{"taxonomy":"product_tag","embeddable":true,"href":"https:\/\/ceasuri.md\/ru\/wp-json\/wp\/v2\/product_tag?post=42547"}],"curies":[{"name":"wp","href":"https:\/\/api.w.org\/{rel}","templated":true}]}}