{"id":42536,"date":"2022-09-30T22:33:00","date_gmt":"2022-09-30T19:33:00","guid":{"rendered":"http:\/\/new.ceasuri.md\/shop\/uncategorized\/edox-les-bemonts-27001-357p-ard\/"},"modified":"2026-05-01T16:38:11","modified_gmt":"2026-05-01T13:38:11","slug":"edox-les-bemonts-27001-357p-ard","status":"publish","type":"product","link":"https:\/\/ceasuri.md\/ru\/shop\/branduri\/edox\/edox-les-bemonts-27001-357p-ard\/","title":{"rendered":"\u0427\u0430\u0441\u044b EDOX LES BEMONTS 27001-357P-ARD"},"content":{"rendered":"<p><a href=\"https:\/\/ceasuri.md\/wp-content\/uploads\/2021\/10\/520055.png\"><img loading=\"lazy\" decoding=\"async\" class=\"alignnone size-medium wp-image-40065\" src=\"https:\/\/ceasuri.md\/wp-content\/uploads\/2021\/10\/520055-300x152.png\" alt=\"\" width=\"300\" height=\"152\" \/><\/a><\/p>\n<p>Ceasurile Edox sunt un reprezentant exemplar al clasei medium-luxury, combin\u00e2nd componentele unui ceas de lux cu un pre\u021b moderat.<\/p>\n<p>\u00centotdeauna elegante \u0219i func\u021bionale, colec\u021biile brandului \u00eenc\u00e2nt\u0103 prin diversitatea lor. Arsenalul Edox include ceasuri realizate din aliaje de titan, ceramic\u0103 \u0219i fibr\u0103 de carbon forjat\u0103.<\/p>","protected":false},"excerpt":{"rendered":"<p>Ceasurile Edox sunt un reprezentant exemplar al clasei medium-luxury, combin\u00e2nd componentele unui ceas de lux cu un pre\u021b moderat. \u00centotdeauna elegante \u0219i func\u021bionale, colec\u021biile brandului \u00eenc\u00e2nt\u0103 prin diversitatea lor. Arsenalul Edox include ceasuri realizate din aliaje de titan, ceramic\u0103 \u0219i fibr\u0103 de carbon forjat\u0103.<\/p>","protected":false},"featured_media":42537,"comment_status":"closed","ping_status":"open","template":"","meta":{"_acf_changed":false},"product_brand":[],"product_cat":[20,25,106,107],"product_tag":[],"class_list":{"0":"post-42536","1":"product","2":"type-product","3":"status-publish","4":"has-post-thumbnail","6":"product_cat-ceasuri-barbati","7":"product_cat-ceasuri-dama","8":"product_cat-ceasuri-premium","9":"product_cat-edox","10":"pa_brand-edox","11":"pa_braslet-otel-inoxidabil","12":"pa_corpus-37-mm","13":"pa_forma-rotund","14":"pa_funcii-data","15":"pa_garatia-24-luni","16":"pa_korpus-bicolor","17":"pa_kvarc-quartz","18":"pa_material-otel-inoxidabil","19":"pa_mehanizm-quartz","20":"pa_remeshok-bicolor","21":"pa_steklo-cristal-safir","22":"pa_strana-elvetia","23":"pa_voda-3-atm","25":"first","26":"instock","27":"purchasable","28":"product-type-simple"},"acf":[],"_links":{"self":[{"href":"https:\/\/ceasuri.md\/ru\/wp-json\/wp\/v2\/product\/42536","targetHints":{"allow":["GET"]}}],"collection":[{"href":"https:\/\/ceasuri.md\/ru\/wp-json\/wp\/v2\/product"}],"about":[{"href":"https:\/\/ceasuri.md\/ru\/wp-json\/wp\/v2\/types\/product"}],"replies":[{"embeddable":true,"href":"https:\/\/ceasuri.md\/ru\/wp-json\/wp\/v2\/comments?post=42536"}],"wp:featuredmedia":[{"embeddable":true,"href":"https:\/\/ceasuri.md\/ru\/wp-json\/wp\/v2\/media\/42537"}],"wp:attachment":[{"href":"https:\/\/ceasuri.md\/ru\/wp-json\/wp\/v2\/media?parent=42536"}],"wp:term":[{"taxonomy":"product_brand","embeddable":true,"href":"https:\/\/ceasuri.md\/ru\/wp-json\/wp\/v2\/product_brand?post=42536"},{"taxonomy":"product_cat","embeddable":true,"href":"https:\/\/ceasuri.md\/ru\/wp-json\/wp\/v2\/product_cat?post=42536"},{"taxonomy":"product_tag","embeddable":true,"href":"https:\/\/ceasuri.md\/ru\/wp-json\/wp\/v2\/product_tag?post=42536"}],"curies":[{"name":"wp","href":"https:\/\/api.w.org\/{rel}","templated":true}]}}