{"id":42528,"date":"2026-04-02T21:59:43","date_gmt":"2026-04-02T18:59:43","guid":{"rendered":"http:\/\/new.ceasuri.md\/shop\/uncategorized\/edox-chronorally-38001-tinno3-no3\/"},"modified":"2026-04-20T00:19:07","modified_gmt":"2026-04-19T21:19:07","slug":"edox-chronorally-38001-tinno3-no3","status":"publish","type":"product","link":"https:\/\/ceasuri.md\/ru\/shop\/branduri\/edox\/edox-chronorally-38001-tinno3-no3\/","title":{"rendered":"\u0427\u0430\u0441\u044b EDOX CHRONORALLY 38001-TINNO3-NO3"},"content":{"rendered":"<p><a href=\"https:\/\/ceasuri.md\/wp-content\/uploads\/2021\/10\/chronorally.png\"><img loading=\"lazy\" decoding=\"async\" class=\"alignnone size-full wp-image-40066\" src=\"https:\/\/ceasuri.md\/wp-content\/uploads\/2021\/10\/chronorally.png\" alt=\"\" width=\"1770\" height=\"514\" \/><\/a><\/p>\n<p>Toate echipamentele \u0219i uneltele concuren\u021bilor trebuie s\u0103 fie suficient de rezistente pentru a rezista celor mai dure condi\u021bii: vitez\u0103, noroi, z\u0103pad\u0103, impact, c\u0103ldur\u0103 etc. Ceasurile Edox Chronorally au fost concepute \u0219i proiectate pentru a rezista celor mai extreme condi\u021bii, cu curele de cauciuc durabile, carcase din o\u021bel inoxidabil \u0219i mi\u0219c\u0103ri fiabile.<\/p>\n<p>Multe func\u021bii, cum ar fi tahimetrul \u0219acal, afi\u0219ajul datei \u0219i cronograful. Buton de cronograf m\u0103rit, relief pe curea sub forma unei urme de anvelop\u0103 \u0219i capac spate sub forma unei ro\u021bi de ma\u0219in\u0103 de curse. Un design pentru adev\u0103ra\u021bii pasiona\u021bi de ma\u0219ini.<\/p>\n<p>EDOX Chronorally este propulsat de o mi\u0219care cu cuar\u021b Ronda 8040.N, care prezint\u0103 o dat\u0103 mare \u00een pozi\u021bia orei 6 \u0219i un afi\u0219aj al zilei s\u0103pt\u0103m\u00e2nii la ora 12 cu o m\u00e2n\u0103 cu func\u021bie retrograd\u0103.<\/p>\n<p>Caracteristica distinctiv\u0103 a ceasului este cadranul gri \u0219i negru, completat de m\u00e2ini albe \u00eendr\u0103zne\u021be. Cadranul este protejat de un cristal de safir, astfel \u00eenc\u00e2t nu poate fi zg\u00e2riat. Butonul cronometru este, de asemenea, o caracteristic\u0103 notabil\u0103.<\/p>\n<p>Carcasa este realizat\u0103 din titan \u00een finisaj PVD negru \u0219i este completat\u0103 de o curea din cauciuc portocaliu cu model de anvelope. Rezisten\u021ba la ap\u0103 a acestui model este de 100 m, astfel \u00eenc\u00e2t ceasul poate rezista \u00eenotului ocazional la suprafa\u021b\u0103 \u0219i du\u0219urilor. Diametrul carcasei este de 48 mm, deci este un ceas relativ mare.<\/p>","protected":false},"excerpt":{"rendered":"<p>Toate echipamentele \u0219i uneltele concuren\u021bilor trebuie s\u0103 fie suficient de rezistente pentru a rezista celor mai dure condi\u021bii: vitez\u0103, noroi, z\u0103pad\u0103, impact, c\u0103ldur\u0103 etc. Ceasurile Edox Chronorally au fost concepute \u0219i proiectate pentru a rezista celor mai extreme condi\u021bii, cu curele de cauciuc durabile, carcase din o\u021bel inoxidabil \u0219i mi\u0219c\u0103ri fiabile. Multe func\u021bii, cum ar [&hellip;]<\/p>\n","protected":false},"featured_media":42529,"comment_status":"closed","ping_status":"open","template":"","meta":{"_acf_changed":false},"product_brand":[],"product_cat":[20,106,107],"product_tag":[],"class_list":{"0":"post-42528","1":"product","2":"type-product","3":"status-publish","4":"has-post-thumbnail","6":"product_cat-ceasuri-barbati","7":"product_cat-ceasuri-premium","8":"product_cat-edox","9":"pa_brand-edox","10":"pa_braslet-cauciuc","11":"pa_corpus-48-mm","12":"pa_forma-rotund","13":"pa_funcii-cronometru","14":"pa_funcii-data","15":"pa_funcii-tahimetru","16":"pa_garatia-24-luni","17":"pa_korpus-negru","18":"pa_kvarc-quartz","19":"pa_material-titan","20":"pa_mehanizm-quartz","21":"pa_remeshok-portocaliu","22":"pa_steklo-cristal-safir","23":"pa_strana-elvetia","24":"pa_voda-10-atm","26":"first","27":"instock","28":"purchasable","29":"product-type-simple"},"acf":[],"_links":{"self":[{"href":"https:\/\/ceasuri.md\/ru\/wp-json\/wp\/v2\/product\/42528","targetHints":{"allow":["GET"]}}],"collection":[{"href":"https:\/\/ceasuri.md\/ru\/wp-json\/wp\/v2\/product"}],"about":[{"href":"https:\/\/ceasuri.md\/ru\/wp-json\/wp\/v2\/types\/product"}],"replies":[{"embeddable":true,"href":"https:\/\/ceasuri.md\/ru\/wp-json\/wp\/v2\/comments?post=42528"}],"wp:featuredmedia":[{"embeddable":true,"href":"https:\/\/ceasuri.md\/ru\/wp-json\/wp\/v2\/media\/42529"}],"wp:attachment":[{"href":"https:\/\/ceasuri.md\/ru\/wp-json\/wp\/v2\/media?parent=42528"}],"wp:term":[{"taxonomy":"product_brand","embeddable":true,"href":"https:\/\/ceasuri.md\/ru\/wp-json\/wp\/v2\/product_brand?post=42528"},{"taxonomy":"product_cat","embeddable":true,"href":"https:\/\/ceasuri.md\/ru\/wp-json\/wp\/v2\/product_cat?post=42528"},{"taxonomy":"product_tag","embeddable":true,"href":"https:\/\/ceasuri.md\/ru\/wp-json\/wp\/v2\/product_tag?post=42528"}],"curies":[{"name":"wp","href":"https:\/\/api.w.org\/{rel}","templated":true}]}}