{"id":42517,"date":"2026-04-02T21:59:43","date_gmt":"2026-04-02T18:59:43","guid":{"rendered":"http:\/\/new.ceasuri.md\/shop\/uncategorized\/poljot-international-signal-2693\/"},"modified":"2026-04-20T00:36:56","modified_gmt":"2026-04-19T21:36:56","slug":"poljot-international-signal-2693","status":"publish","type":"product","link":"https:\/\/ceasuri.md\/ru\/shop\/branduri\/poljot-international\/poljot-international-signal-2693\/","title":{"rendered":"\u0427\u0430\u0441\u044b POLJOT INTERNATIONAL SIGNAL 2693"},"content":{"rendered":"<p>&#8222;Poliot&#8221; este o marc\u0103 de ceasuri sovietice \u0219i ruse\u0219ti fabricate de Prima fabric\u0103 de ceasuri din Moscova (Poliot Watch Factory) \u00eencep\u00e2nd cu anii 1960.<\/p>\n<p>Dup\u0103 primul zbor \u00een spa\u021biu al cosmonautului sovietic Yuri Gagarin, marca a fost denumit\u0103 cu m\u00e2ndrie Poliot &#8211; POLJOT.<\/p>\n<p>Ast\u0103zi, aceste m\u0103rci comerciale sunt \u00eenregistrate \u00een peste 90 de \u021b\u0103ri \u0219i sunt bine cunoscute \u00een \u00eentreaga lume.<\/p>\n<p>In prezent, toate ceasurile m\u0103rcii de ceasuri POLJOT sunt fabricate exclusiv \u00een Germania, folosind cele mai avansate tehnologii moderne, iar designul ceasului poart\u0103 c\u0103ldura direct\u0103 a sufletului rusesc.<\/p>","protected":false},"excerpt":{"rendered":"<p>&#8222;Poliot&#8221; este o marc\u0103 de ceasuri sovietice \u0219i ruse\u0219ti fabricate de Prima fabric\u0103 de ceasuri din Moscova (Poliot Watch Factory) \u00eencep\u00e2nd cu anii 1960. Dup\u0103 primul zbor \u00een spa\u021biu al cosmonautului sovietic Yuri Gagarin, marca a fost denumit\u0103 cu m\u00e2ndrie Poliot &#8211; POLJOT. Ast\u0103zi, aceste m\u0103rci comerciale sunt \u00eenregistrate \u00een peste 90 de \u021b\u0103ri \u0219i [&hellip;]<\/p>\n","protected":false},"featured_media":42518,"comment_status":"closed","ping_status":"open","template":"","meta":{"_acf_changed":false},"product_brand":[],"product_cat":[20,25,569],"product_tag":[595,691,692],"class_list":{"0":"post-42517","1":"product","2":"type-product","3":"status-publish","4":"has-post-thumbnail","6":"product_cat-ceasuri-barbati","7":"product_cat-ceasuri-dama","8":"product_cat-poljot-international","9":"product_tag-cronograf","10":"product_tag-691","11":"product_tag-692","12":"pa_brand-poljot-international","13":"pa_braslet-piele","14":"pa_corpus-40mm","15":"pa_forma-rotund","16":"pa_funcii-alarma","17":"pa_garatia-24-luni","18":"pa_korpus-auriu","19":"pa_material-otel-inoxidabil","20":"pa_mehanizm-mecanic","21":"pa_mehanizm-mecanism-automatic","22":"pa_remeshok-maro","23":"pa_steklo-cristal-mineral","24":"pa_strana-germania","25":"pa_voda-3-atm","27":"first","28":"instock","29":"purchasable","30":"product-type-simple"},"acf":[],"_links":{"self":[{"href":"https:\/\/ceasuri.md\/ru\/wp-json\/wp\/v2\/product\/42517","targetHints":{"allow":["GET"]}}],"collection":[{"href":"https:\/\/ceasuri.md\/ru\/wp-json\/wp\/v2\/product"}],"about":[{"href":"https:\/\/ceasuri.md\/ru\/wp-json\/wp\/v2\/types\/product"}],"replies":[{"embeddable":true,"href":"https:\/\/ceasuri.md\/ru\/wp-json\/wp\/v2\/comments?post=42517"}],"wp:featuredmedia":[{"embeddable":true,"href":"https:\/\/ceasuri.md\/ru\/wp-json\/wp\/v2\/media\/42518"}],"wp:attachment":[{"href":"https:\/\/ceasuri.md\/ru\/wp-json\/wp\/v2\/media?parent=42517"}],"wp:term":[{"taxonomy":"product_brand","embeddable":true,"href":"https:\/\/ceasuri.md\/ru\/wp-json\/wp\/v2\/product_brand?post=42517"},{"taxonomy":"product_cat","embeddable":true,"href":"https:\/\/ceasuri.md\/ru\/wp-json\/wp\/v2\/product_cat?post=42517"},{"taxonomy":"product_tag","embeddable":true,"href":"https:\/\/ceasuri.md\/ru\/wp-json\/wp\/v2\/product_tag?post=42517"}],"curies":[{"name":"wp","href":"https:\/\/api.w.org\/{rel}","templated":true}]}}