{"id":42508,"date":"2021-11-30T21:55:00","date_gmt":"2021-11-30T19:55:00","guid":{"rendered":"http:\/\/new.ceasuri.md\/shop\/uncategorized\/festina-golden-swiss-made-f20020-2\/"},"modified":"2026-05-01T16:37:58","modified_gmt":"2026-05-01T13:37:58","slug":"festina-golden-swiss-made-f20020-2","status":"publish","type":"product","link":"https:\/\/ceasuri.md\/ru\/shop\/branduri\/festina\/festina-golden-swiss-made-f20020-2\/","title":{"rendered":"\u0427\u0430\u0441\u044b FESTINA GOLDEN SWISS MADE F20020\/2"},"content":{"rendered":"<p>Ceasul Festina pentru b\u0103rba\u021bi este o adev\u0103rat\u0103 oper\u0103 de art\u0103. Cu carcasa sa din o\u021bel \u0219i cristalul safir, acest ceas este o mostr\u0103 de cea mai \u00eenalt\u0103 calitate \u0219i sofisticare. \u00cen plus, este echipat cu o curea din o\u021bel care \u00eei confer\u0103 o not\u0103 de elegan\u021b\u0103 \u0219i distinc\u021bie.<\/p>\n<p>Ceasurile Festina sunt recunoscute pentru a fi combina\u021bia perfect\u0103 de elegan\u021b\u0103 \u0219i func\u021bionalitate. Fiecare dintre modelele lor este o mostr\u0103 de inova\u021bie tehnologic\u0103 constant\u0103 \u0219i valoare excelent\u0103 pentru bani. Festina este un brand c\u0103ruia \u00eei pas\u0103 s\u0103 ofere clien\u021bilor s\u0103i ce este mai bun dintre cele mai bune, iar acest ceas nu face excep\u021bie.<\/p>\n<p>Dac\u0103 sunte\u021bi \u00een c\u0103utarea unui ceas care s\u0103 v\u0103 \u00eenso\u021beasc\u0103 \u00een cele mai importante momente, Festina este alegerea perfect\u0103.<\/p>","protected":false},"excerpt":{"rendered":"<p>Ceasul Festina pentru b\u0103rba\u021bi este o adev\u0103rat\u0103 oper\u0103 de art\u0103. Cu carcasa sa din o\u021bel \u0219i cristalul safir, acest ceas este o mostr\u0103 de cea mai \u00eenalt\u0103 calitate \u0219i sofisticare. \u00cen plus, este echipat cu o curea din o\u021bel care \u00eei confer\u0103 o not\u0103 de elegan\u021b\u0103 \u0219i distinc\u021bie. Ceasurile Festina sunt recunoscute pentru a fi [&hellip;]<\/p>\n","protected":false},"featured_media":42509,"comment_status":"closed","ping_status":"open","template":"","meta":{"_acf_changed":false},"product_brand":[],"product_cat":[20,587],"product_tag":[],"class_list":{"0":"post-42508","1":"product","2":"type-product","3":"status-publish","4":"has-post-thumbnail","6":"product_cat-ceasuri-barbati","7":"product_cat-festina","8":"pa_brand-festina","9":"pa_braslet-otel-inoxidabil","10":"pa_corpus-39-mm","11":"pa_forma-rotund","12":"pa_funcii-data","13":"pa_garatia-24-luni","14":"pa_korpus-auriu","15":"pa_kvarc-quartz","16":"pa_material-otel-inoxidabil","17":"pa_mehanizm-quartz","18":"pa_remeshok-auriu","19":"pa_steklo-cristal-safir","20":"pa_strana-elvetia","21":"pa_voda-5-atm","23":"first","24":"instock","25":"purchasable","26":"product-type-simple"},"acf":[],"_links":{"self":[{"href":"https:\/\/ceasuri.md\/ru\/wp-json\/wp\/v2\/product\/42508","targetHints":{"allow":["GET"]}}],"collection":[{"href":"https:\/\/ceasuri.md\/ru\/wp-json\/wp\/v2\/product"}],"about":[{"href":"https:\/\/ceasuri.md\/ru\/wp-json\/wp\/v2\/types\/product"}],"replies":[{"embeddable":true,"href":"https:\/\/ceasuri.md\/ru\/wp-json\/wp\/v2\/comments?post=42508"}],"wp:featuredmedia":[{"embeddable":true,"href":"https:\/\/ceasuri.md\/ru\/wp-json\/wp\/v2\/media\/42509"}],"wp:attachment":[{"href":"https:\/\/ceasuri.md\/ru\/wp-json\/wp\/v2\/media?parent=42508"}],"wp:term":[{"taxonomy":"product_brand","embeddable":true,"href":"https:\/\/ceasuri.md\/ru\/wp-json\/wp\/v2\/product_brand?post=42508"},{"taxonomy":"product_cat","embeddable":true,"href":"https:\/\/ceasuri.md\/ru\/wp-json\/wp\/v2\/product_cat?post=42508"},{"taxonomy":"product_tag","embeddable":true,"href":"https:\/\/ceasuri.md\/ru\/wp-json\/wp\/v2\/product_tag?post=42508"}],"curies":[{"name":"wp","href":"https:\/\/api.w.org\/{rel}","templated":true}]}}