{"id":42499,"date":"2021-11-30T21:55:00","date_gmt":"2021-11-30T19:55:00","guid":{"rendered":"http:\/\/new.ceasuri.md\/shop\/uncategorized\/festina-black-swiss-made-f20017-3\/"},"modified":"2026-05-01T16:37:54","modified_gmt":"2026-05-01T13:37:54","slug":"festina-black-swiss-made-f20017-3","status":"publish","type":"product","link":"https:\/\/ceasuri.md\/ru\/shop\/branduri\/festina\/festina-black-swiss-made-f20017-3\/","title":{"rendered":"\u0427\u0430\u0441\u044b FESTINA BLACK SWISS MADE F20017\/3"},"content":{"rendered":"<p>Ceasul Festina pentru femei este o adev\u0103rat\u0103 bijuterie \u00een orologerie. Carcasa sa din o\u021bel \u0219i cristalul safir \u00eei confer\u0103 o elegan\u021b\u0103 \u0219i un rafinament unic, \u00een timp ce curea sa din piele \u00eel face confortabil \u0219i u\u0219or de purtat \u00een orice ocazie.<\/p>\n<p>Ceasurile Festina sunt recunoscute pentru combina\u021bia lor perfect\u0103 de elegan\u021b\u0103 \u0219i func\u021bionalitate. Fiecare model este o oper\u0103 de art\u0103 \u00een sine, cu designuri deosebite \u0219i inova\u021bii tehnologice constante care le fac unice pe pia\u021b\u0103. \u00cen plus, raportul lor calitate-pre\u021b este excelent, ceea ce le face o alegere ideal\u0103 pentru cei care caut\u0103 un ceas de \u00eenalt\u0103 calitate la un pre\u021b accesibil.<\/p>\n<p>Pe scurt, ceasul Festina este o alegere sigur\u0103 pentru orice femeie care caut\u0103 un accesoriu elegant \u0219i func\u021bional care s\u0103 \u00eei completeze stilul.<\/p>","protected":false},"excerpt":{"rendered":"<p>Ceasul Festina pentru femei este o adev\u0103rat\u0103 bijuterie \u00een orologerie. Carcasa sa din o\u021bel \u0219i cristalul safir \u00eei confer\u0103 o elegan\u021b\u0103 \u0219i un rafinament unic, \u00een timp ce curea sa din piele \u00eel face confortabil \u0219i u\u0219or de purtat \u00een orice ocazie. Ceasurile Festina sunt recunoscute pentru combina\u021bia lor perfect\u0103 de elegan\u021b\u0103 \u0219i func\u021bionalitate. Fiecare [&hellip;]<\/p>\n","protected":false},"featured_media":42500,"comment_status":"closed","ping_status":"open","template":"","meta":{"_acf_changed":false},"product_brand":[],"product_cat":[25,587],"product_tag":[],"class_list":{"0":"post-42499","1":"product","2":"type-product","3":"status-publish","4":"has-post-thumbnail","6":"product_cat-ceasuri-dama","7":"product_cat-festina","8":"pa_brand-festina","9":"pa_braslet-piele","10":"pa_corpus-29-mm","11":"pa_forma-rotund","12":"pa_garatia-24-luni","13":"pa_korpus-auriu","14":"pa_kvarc-quartz","15":"pa_material-otel-inoxidabil","16":"pa_mehanizm-quartz","17":"pa_remeshok-negru","18":"pa_steklo-cristal-safir","19":"pa_strana-elvetia","20":"pa_voda-5-atm","22":"first","23":"instock","24":"purchasable","25":"product-type-simple"},"acf":[],"_links":{"self":[{"href":"https:\/\/ceasuri.md\/ru\/wp-json\/wp\/v2\/product\/42499","targetHints":{"allow":["GET"]}}],"collection":[{"href":"https:\/\/ceasuri.md\/ru\/wp-json\/wp\/v2\/product"}],"about":[{"href":"https:\/\/ceasuri.md\/ru\/wp-json\/wp\/v2\/types\/product"}],"replies":[{"embeddable":true,"href":"https:\/\/ceasuri.md\/ru\/wp-json\/wp\/v2\/comments?post=42499"}],"wp:featuredmedia":[{"embeddable":true,"href":"https:\/\/ceasuri.md\/ru\/wp-json\/wp\/v2\/media\/42500"}],"wp:attachment":[{"href":"https:\/\/ceasuri.md\/ru\/wp-json\/wp\/v2\/media?parent=42499"}],"wp:term":[{"taxonomy":"product_brand","embeddable":true,"href":"https:\/\/ceasuri.md\/ru\/wp-json\/wp\/v2\/product_brand?post=42499"},{"taxonomy":"product_cat","embeddable":true,"href":"https:\/\/ceasuri.md\/ru\/wp-json\/wp\/v2\/product_cat?post=42499"},{"taxonomy":"product_tag","embeddable":true,"href":"https:\/\/ceasuri.md\/ru\/wp-json\/wp\/v2\/product_tag?post=42499"}],"curies":[{"name":"wp","href":"https:\/\/api.w.org\/{rel}","templated":true}]}}