{"id":42477,"date":"2021-11-30T21:55:00","date_gmt":"2021-11-30T19:55:00","guid":{"rendered":"http:\/\/new.ceasuri.md\/shop\/uncategorized\/festina-black-swiss-made-f20016-3\/"},"modified":"2026-05-01T16:37:41","modified_gmt":"2026-05-01T13:37:41","slug":"festina-black-swiss-made-f20016-3","status":"publish","type":"product","link":"https:\/\/ceasuri.md\/ru\/shop\/branduri\/festina\/festina-black-swiss-made-f20016-3\/","title":{"rendered":"\u0427\u0430\u0441\u044b FESTINA BLACK SWISS MADE F20016\/3"},"content":{"rendered":"<p>Ceasul pentru b\u0103rba\u021bi Festina este o adev\u0103rat\u0103 oper\u0103 de art\u0103. Cu carcasa sa din o\u021bel \u0219i cristalul safir, acest ceas este sinonim cu calitatea \u0219i durabilitatea. \u00cen plus, curea sa din piele \u00eei confer\u0103 o not\u0103 de elegan\u021b\u0103 \u0219i sofisticare care \u00eel face perfect pentru orice ocazie.<\/p>\n<p>Ceasurile Festina sunt recunoscute pentru combina\u021bia lor perfect\u0103 de elegan\u021b\u0103 \u0219i func\u021bionalitate. Fiecare design este realizat cu aten\u021bie pentru a oferi o experien\u021b\u0103 unic\u0103 utilizatorului. \u00cen plus, Festina se remarc\u0103 prin inova\u021bia tehnologic\u0103 constant\u0103. \u00cen cele din urm\u0103, raportul s\u0103u calitate-pre\u021b este excelent, f\u0103c\u00e2ndu-l o alegere ideal\u0103 pentru cei care caut\u0103 un ceas de \u00eenalt\u0103 calitate la un pre\u021b accesibil.<\/p>\n<p>Pe scurt, ceasul Festina este o alegere sigur\u0103 pentru cei care caut\u0103 un ceas elegant, func\u021bional \u0219i durabil.<\/p>","protected":false},"excerpt":{"rendered":"<p>Ceasul pentru b\u0103rba\u021bi Festina este o adev\u0103rat\u0103 oper\u0103 de art\u0103. Cu carcasa sa din o\u021bel \u0219i cristalul safir, acest ceas este sinonim cu calitatea \u0219i durabilitatea. \u00cen plus, curea sa din piele \u00eei confer\u0103 o not\u0103 de elegan\u021b\u0103 \u0219i sofisticare care \u00eel face perfect pentru orice ocazie. Ceasurile Festina sunt recunoscute pentru combina\u021bia lor perfect\u0103 [&hellip;]<\/p>\n","protected":false},"featured_media":42478,"comment_status":"closed","ping_status":"open","template":"","meta":{"_acf_changed":false},"product_brand":[],"product_cat":[20,587],"product_tag":[],"class_list":{"0":"post-42477","1":"product","2":"type-product","3":"status-publish","4":"has-post-thumbnail","6":"product_cat-ceasuri-barbati","7":"product_cat-festina","8":"pa_brand-festina","9":"pa_braslet-piele","10":"pa_corpus-39-mm","11":"pa_forma-rotund","12":"pa_garatia-24-luni","13":"pa_korpus-auriu","14":"pa_kvarc-quartz","15":"pa_material-otel-inoxidabil","16":"pa_mehanizm-quartz","17":"pa_remeshok-negru","18":"pa_steklo-cristal-safir","19":"pa_strana-elvetia","20":"pa_voda-5-atm","22":"first","23":"instock","24":"purchasable","25":"product-type-simple"},"acf":[],"_links":{"self":[{"href":"https:\/\/ceasuri.md\/ru\/wp-json\/wp\/v2\/product\/42477","targetHints":{"allow":["GET"]}}],"collection":[{"href":"https:\/\/ceasuri.md\/ru\/wp-json\/wp\/v2\/product"}],"about":[{"href":"https:\/\/ceasuri.md\/ru\/wp-json\/wp\/v2\/types\/product"}],"replies":[{"embeddable":true,"href":"https:\/\/ceasuri.md\/ru\/wp-json\/wp\/v2\/comments?post=42477"}],"wp:featuredmedia":[{"embeddable":true,"href":"https:\/\/ceasuri.md\/ru\/wp-json\/wp\/v2\/media\/42478"}],"wp:attachment":[{"href":"https:\/\/ceasuri.md\/ru\/wp-json\/wp\/v2\/media?parent=42477"}],"wp:term":[{"taxonomy":"product_brand","embeddable":true,"href":"https:\/\/ceasuri.md\/ru\/wp-json\/wp\/v2\/product_brand?post=42477"},{"taxonomy":"product_cat","embeddable":true,"href":"https:\/\/ceasuri.md\/ru\/wp-json\/wp\/v2\/product_cat?post=42477"},{"taxonomy":"product_tag","embeddable":true,"href":"https:\/\/ceasuri.md\/ru\/wp-json\/wp\/v2\/product_tag?post=42477"}],"curies":[{"name":"wp","href":"https:\/\/api.w.org\/{rel}","templated":true}]}}