{"id":42459,"date":"2026-04-02T21:58:33","date_gmt":"2026-04-02T18:58:33","guid":{"rendered":"http:\/\/new.ceasuri.md\/shop\/uncategorized\/festina-black-swiss-made-f20013-4\/"},"modified":"2026-04-20T00:20:40","modified_gmt":"2026-04-19T21:20:40","slug":"festina-black-swiss-made-f20013-4","status":"publish","type":"product","link":"https:\/\/ceasuri.md\/ru\/shop\/branduri\/festina\/festina-black-swiss-made-f20013-4\/","title":{"rendered":"\u0427\u0430\u0441\u044b FESTINA BLACK SWISS MADE F20013\/4"},"content":{"rendered":"<p>Ceasul Festina pentru femei este o adev\u0103rat\u0103 bijuterie \u00een orologerie. Carcasa sa din o\u021bel \u0219i cristalul safir \u00eei confer\u0103 o elegan\u021b\u0103 \u0219i un rafinament unic, \u00een timp ce curea sa din piele \u00eel face confortabil \u0219i u\u0219or de purtat \u00een orice ocazie.<\/p>\n<p>Ceasurile Festina sunt recunoscute pentru calitatea \u0219i designul lor excep\u021bionale. Brandul s-a remarcat prin oferirea unei game largi de modele care combin\u0103 perfect elegan\u021ba \u0219i func\u021bionalitatea. \u00cen plus, Festina a r\u0103mas \u00een fruntea inova\u021biei tehnologice, ceea ce se reflect\u0103 \u00een precizia \u0219i fiabilitatea ceasurilor sale.<\/p>\n<p>Pe scurt, dac\u0103 sunte\u021bi \u00een c\u0103utarea unui ceas care s\u0103 v\u0103 \u00eenso\u021beasc\u0103 \u00een cele mai speciale momente \u0219i, \u00een acela\u0219i timp, s\u0103 v\u0103 ofere \u00eencrederea de a purta un produs de calitate, ceasul Festina este alegerea perfect\u0103. Raportul excelent calitate\/pre\u021b \u00eel face o op\u021biune accesibil\u0103 pentru oricine apreciaz\u0103 elegan\u021ba \u0219i func\u021bionalitatea unui ceas.<\/p>","protected":false},"excerpt":{"rendered":"<p>Ceasul Festina pentru femei este o adev\u0103rat\u0103 bijuterie \u00een orologerie. Carcasa sa din o\u021bel \u0219i cristalul safir \u00eei confer\u0103 o elegan\u021b\u0103 \u0219i un rafinament unic, \u00een timp ce curea sa din piele \u00eel face confortabil \u0219i u\u0219or de purtat \u00een orice ocazie. Ceasurile Festina sunt recunoscute pentru calitatea \u0219i designul lor excep\u021bionale. Brandul s-a remarcat [&hellip;]<\/p>\n","protected":false},"featured_media":42460,"comment_status":"closed","ping_status":"open","template":"","meta":{"_acf_changed":false},"product_brand":[],"product_cat":[25,587],"product_tag":[],"class_list":{"0":"post-42459","1":"product","2":"type-product","3":"status-publish","4":"has-post-thumbnail","6":"product_cat-ceasuri-dama","7":"product_cat-festina","8":"pa_brand-festina","9":"pa_braslet-piele","10":"pa_corpus-29-mm","11":"pa_forma-rotund","12":"pa_garatia-24-luni","13":"pa_korpus-argintiu","14":"pa_kvarc-quartz","15":"pa_material-otel-inoxidabil","16":"pa_mehanizm-quartz","17":"pa_remeshok-negru","18":"pa_steklo-cristal-safir","19":"pa_strana-elvetia","20":"pa_voda-5-atm","22":"first","23":"instock","24":"purchasable","25":"product-type-simple"},"acf":[],"_links":{"self":[{"href":"https:\/\/ceasuri.md\/ru\/wp-json\/wp\/v2\/product\/42459","targetHints":{"allow":["GET"]}}],"collection":[{"href":"https:\/\/ceasuri.md\/ru\/wp-json\/wp\/v2\/product"}],"about":[{"href":"https:\/\/ceasuri.md\/ru\/wp-json\/wp\/v2\/types\/product"}],"replies":[{"embeddable":true,"href":"https:\/\/ceasuri.md\/ru\/wp-json\/wp\/v2\/comments?post=42459"}],"wp:featuredmedia":[{"embeddable":true,"href":"https:\/\/ceasuri.md\/ru\/wp-json\/wp\/v2\/media\/42460"}],"wp:attachment":[{"href":"https:\/\/ceasuri.md\/ru\/wp-json\/wp\/v2\/media?parent=42459"}],"wp:term":[{"taxonomy":"product_brand","embeddable":true,"href":"https:\/\/ceasuri.md\/ru\/wp-json\/wp\/v2\/product_brand?post=42459"},{"taxonomy":"product_cat","embeddable":true,"href":"https:\/\/ceasuri.md\/ru\/wp-json\/wp\/v2\/product_cat?post=42459"},{"taxonomy":"product_tag","embeddable":true,"href":"https:\/\/ceasuri.md\/ru\/wp-json\/wp\/v2\/product_tag?post=42459"}],"curies":[{"name":"wp","href":"https:\/\/api.w.org\/{rel}","templated":true}]}}