{"id":42456,"date":"2026-04-02T21:58:33","date_gmt":"2026-04-02T18:58:33","guid":{"rendered":"http:\/\/new.ceasuri.md\/shop\/uncategorized\/festina-white-swiss-made-f20014-1\/"},"modified":"2026-04-20T00:20:40","modified_gmt":"2026-04-19T21:20:40","slug":"festina-white-swiss-made-f20014-1","status":"publish","type":"product","link":"https:\/\/ceasuri.md\/ru\/shop\/branduri\/festina\/festina-white-swiss-made-f20014-1\/","title":{"rendered":"\u0427\u0430\u0441\u044b FESTINA WHITE SWISS MADE F20014\/1"},"content":{"rendered":"<p>Ceasul pentru b\u0103rba\u021bi Festina este o adev\u0103rat\u0103 oper\u0103 de art\u0103. Cu carcasa sa din o\u021bel \u0219i cristalul safir, acest ceas este o dovad\u0103 a celei mai \u00eenalte calit\u0103\u021bi \u0219i sofisticare. \u00cen plus, curea sa din o\u021bel adaug\u0103 o not\u0103 de elegan\u021b\u0103 \u0219i distinc\u021bie care \u00eel face perfect pentru orice ocazie.<\/p>\n<p>Ceasurile Festina sunt recunoscute pentru a fi combina\u021bia perfect\u0103 de elegan\u021b\u0103 \u0219i func\u021bionalitate. Fiecare dintre modelele lor este o m\u0103rturie a inova\u021biei tehnologice constante \u0219i a aten\u021biei meticuloase la detalii. \u00cen plus, raportul lor calitate-pre\u021b este excelent, ceea ce le face o alegere ideal\u0103 pentru cei care caut\u0103 un ceas de \u00eenalt\u0103 calitate la un pre\u021b accesibil.<\/p>\n<p>Pe scurt, ceasul Festina este o alegere perfect\u0103 pentru cei care caut\u0103 un ceas elegant \u0219i sofisticat care s\u0103 \u00eei \u00eenso\u021beasc\u0103 \u00een toate aventurile lor.<\/p>","protected":false},"excerpt":{"rendered":"<p>Ceasul pentru b\u0103rba\u021bi Festina este o adev\u0103rat\u0103 oper\u0103 de art\u0103. Cu carcasa sa din o\u021bel \u0219i cristalul safir, acest ceas este o dovad\u0103 a celei mai \u00eenalte calit\u0103\u021bi \u0219i sofisticare. \u00cen plus, curea sa din o\u021bel adaug\u0103 o not\u0103 de elegan\u021b\u0103 \u0219i distinc\u021bie care \u00eel face perfect pentru orice ocazie. Ceasurile Festina sunt recunoscute pentru [&hellip;]<\/p>\n","protected":false},"featured_media":42457,"comment_status":"closed","ping_status":"open","template":"","meta":{"_acf_changed":false},"product_brand":[],"product_cat":[20,587],"product_tag":[],"class_list":{"0":"post-42456","1":"product","2":"type-product","3":"status-publish","4":"has-post-thumbnail","6":"product_cat-ceasuri-barbati","7":"product_cat-festina","8":"pa_brand-festina","9":"pa_braslet-otel-inoxidabil","10":"pa_corpus-39-mm","11":"pa_forma-rotund","12":"pa_garatia-24-luni","13":"pa_korpus-argintiu","14":"pa_kvarc-quartz","15":"pa_material-otel-inoxidabil","16":"pa_mehanizm-quartz","17":"pa_remeshok-argintiu","18":"pa_steklo-cristal-safir","19":"pa_strana-elvetia","20":"pa_voda-5-atm","22":"first","23":"instock","24":"purchasable","25":"product-type-simple"},"acf":[],"_links":{"self":[{"href":"https:\/\/ceasuri.md\/ru\/wp-json\/wp\/v2\/product\/42456","targetHints":{"allow":["GET"]}}],"collection":[{"href":"https:\/\/ceasuri.md\/ru\/wp-json\/wp\/v2\/product"}],"about":[{"href":"https:\/\/ceasuri.md\/ru\/wp-json\/wp\/v2\/types\/product"}],"replies":[{"embeddable":true,"href":"https:\/\/ceasuri.md\/ru\/wp-json\/wp\/v2\/comments?post=42456"}],"wp:featuredmedia":[{"embeddable":true,"href":"https:\/\/ceasuri.md\/ru\/wp-json\/wp\/v2\/media\/42457"}],"wp:attachment":[{"href":"https:\/\/ceasuri.md\/ru\/wp-json\/wp\/v2\/media?parent=42456"}],"wp:term":[{"taxonomy":"product_brand","embeddable":true,"href":"https:\/\/ceasuri.md\/ru\/wp-json\/wp\/v2\/product_brand?post=42456"},{"taxonomy":"product_cat","embeddable":true,"href":"https:\/\/ceasuri.md\/ru\/wp-json\/wp\/v2\/product_cat?post=42456"},{"taxonomy":"product_tag","embeddable":true,"href":"https:\/\/ceasuri.md\/ru\/wp-json\/wp\/v2\/product_tag?post=42456"}],"curies":[{"name":"wp","href":"https:\/\/api.w.org\/{rel}","templated":true}]}}