{"id":42453,"date":"2026-04-02T21:58:33","date_gmt":"2026-04-02T18:58:33","guid":{"rendered":"http:\/\/new.ceasuri.md\/shop\/uncategorized\/festina-swiss-made-f20010-1\/"},"modified":"2026-04-20T00:20:36","modified_gmt":"2026-04-19T21:20:36","slug":"festina-swiss-made-f20010-1","status":"publish","type":"product","link":"https:\/\/ceasuri.md\/ru\/shop\/branduri\/festina\/festina-swiss-made-f20010-1\/","title":{"rendered":"\u0427\u0430\u0441\u044b FESTINA SWISS MADE F20010\/1"},"content":{"rendered":"<p>Ceasul pentru b\u0103rba\u021bi Festina este o adev\u0103rat\u0103 oper\u0103 de art\u0103. Carcasa sa din o\u021bel \u0219i cristalul safir \u00eei confer\u0103 o elegan\u021b\u0103 de neegalat, \u00een timp ce curea sa din piele \u00eel face confortabil \u0219i durabil.<\/p>\n<p>Ceasurile Festina sunt cunoscute pentru combina\u021bia lor perfect\u0103 de elegan\u021b\u0103 \u0219i func\u021bionalitate. Fiecare model este o mostr\u0103 de distinc\u021bie \u0219i sofisticare, datorit\u0103 inova\u021biei tehnologice constante pe care o ofer\u0103 brandul. \u00cen plus, raportul excelent calitate-pre\u021b le face o alegere ideal\u0103 pentru cei care caut\u0103 un ceas de \u00eenalt\u0103 calitate f\u0103r\u0103 a fi nevoi\u021bi s\u0103 cheltuiasc\u0103 o avere.<\/p>\n<p>Pe scurt, ceasul Festina este o alegere sigur\u0103 pentru cei care caut\u0103 un accesoriu de mod\u0103 care s\u0103 \u00eei \u00eenso\u021beasc\u0103 \u00een orice ocazie.<\/p>","protected":false},"excerpt":{"rendered":"<p>Ceasul pentru b\u0103rba\u021bi Festina este o adev\u0103rat\u0103 oper\u0103 de art\u0103. Carcasa sa din o\u021bel \u0219i cristalul safir \u00eei confer\u0103 o elegan\u021b\u0103 de neegalat, \u00een timp ce curea sa din piele \u00eel face confortabil \u0219i durabil. Ceasurile Festina sunt cunoscute pentru combina\u021bia lor perfect\u0103 de elegan\u021b\u0103 \u0219i func\u021bionalitate. Fiecare model este o mostr\u0103 de distinc\u021bie \u0219i [&hellip;]<\/p>\n","protected":false},"featured_media":42454,"comment_status":"closed","ping_status":"open","template":"","meta":{"_acf_changed":false},"product_brand":[],"product_cat":[20,587],"product_tag":[],"class_list":{"0":"post-42453","1":"product","2":"type-product","3":"status-publish","4":"has-post-thumbnail","6":"product_cat-ceasuri-barbati","7":"product_cat-festina","8":"pa_brand-festina","9":"pa_braslet-piele","10":"pa_corpus-40-mm","11":"pa_forma-rotund","12":"pa_funcii-data","13":"pa_garatia-24-luni","14":"pa_korpus-auriu","15":"pa_kvarc-quartz","16":"pa_material-otel-inoxidabil","17":"pa_mehanizm-quartz","18":"pa_remeshok-negru","19":"pa_steklo-cristal-safir","20":"pa_strana-elvetia","21":"pa_voda-10-atm","23":"first","24":"instock","25":"purchasable","26":"product-type-simple"},"acf":[],"_links":{"self":[{"href":"https:\/\/ceasuri.md\/ru\/wp-json\/wp\/v2\/product\/42453","targetHints":{"allow":["GET"]}}],"collection":[{"href":"https:\/\/ceasuri.md\/ru\/wp-json\/wp\/v2\/product"}],"about":[{"href":"https:\/\/ceasuri.md\/ru\/wp-json\/wp\/v2\/types\/product"}],"replies":[{"embeddable":true,"href":"https:\/\/ceasuri.md\/ru\/wp-json\/wp\/v2\/comments?post=42453"}],"wp:featuredmedia":[{"embeddable":true,"href":"https:\/\/ceasuri.md\/ru\/wp-json\/wp\/v2\/media\/42454"}],"wp:attachment":[{"href":"https:\/\/ceasuri.md\/ru\/wp-json\/wp\/v2\/media?parent=42453"}],"wp:term":[{"taxonomy":"product_brand","embeddable":true,"href":"https:\/\/ceasuri.md\/ru\/wp-json\/wp\/v2\/product_brand?post=42453"},{"taxonomy":"product_cat","embeddable":true,"href":"https:\/\/ceasuri.md\/ru\/wp-json\/wp\/v2\/product_cat?post=42453"},{"taxonomy":"product_tag","embeddable":true,"href":"https:\/\/ceasuri.md\/ru\/wp-json\/wp\/v2\/product_tag?post=42453"}],"curies":[{"name":"wp","href":"https:\/\/api.w.org\/{rel}","templated":true}]}}