{"id":42450,"date":"2026-04-02T21:58:33","date_gmt":"2026-04-02T18:58:33","guid":{"rendered":"http:\/\/new.ceasuri.md\/shop\/uncategorized\/festina-grey-swiss-made-f20011-2\/"},"modified":"2026-04-20T00:20:37","modified_gmt":"2026-04-19T21:20:37","slug":"festina-grey-swiss-made-f20011-2","status":"publish","type":"product","link":"https:\/\/ceasuri.md\/ru\/shop\/branduri\/festina\/festina-grey-swiss-made-f20011-2\/","title":{"rendered":"\u0427\u0430\u0441\u044b FESTINA GREY SWISS MADE F20011\/2"},"content":{"rendered":"<p>Ceasul Festina pentru femei este o adev\u0103rat\u0103 bijuterie a orologeriei. Carcasa sa din o\u021bel \u0219i cristalul safir \u00eei confer\u0103 o elegan\u021b\u0103 \u0219i un rafinament unic, \u00een timp ce curea sa din piele \u00eel face confortabil \u0219i u\u0219or de purtat \u00een orice ocazie.<\/p>\n<p>Ceasurile Festina sunt recunoscute pentru excelen\u021ba lor \u00een design \u0219i func\u021bionalitate. Fiecare model este o oper\u0103 de art\u0103 care combin\u0103 cea mai \u00eenalt\u0103 tehnologie cu un stil distins \u0219i rafinat. \u00cen plus, Festina este m\u00e2ndr\u0103 s\u0103 ofere un raport calitate-pre\u021b imbatabil pe pia\u021b\u0103.<\/p>\n<p>Dac\u0103 sunte\u021bi \u00een c\u0103utarea unui ceas care s\u0103 v\u0103 \u00eenso\u021beasc\u0103 \u00een cele mai speciale momente \u0219i s\u0103 v\u0103 fac\u0103 s\u0103 v\u0103 sim\u021bi\u021bi unic \u0219i elegant, ceasul Festina este alegerea perfect\u0103. Nu ve\u021bi regreta investi\u021bia \u00een acest ceas care v\u0103 va \u00eenso\u021bi mul\u021bi ani.<\/p>","protected":false},"excerpt":{"rendered":"<p>Ceasul Festina pentru femei este o adev\u0103rat\u0103 bijuterie a orologeriei. Carcasa sa din o\u021bel \u0219i cristalul safir \u00eei confer\u0103 o elegan\u021b\u0103 \u0219i un rafinament unic, \u00een timp ce curea sa din piele \u00eel face confortabil \u0219i u\u0219or de purtat \u00een orice ocazie. Ceasurile Festina sunt recunoscute pentru excelen\u021ba lor \u00een design \u0219i func\u021bionalitate. Fiecare model [&hellip;]<\/p>\n","protected":false},"featured_media":42451,"comment_status":"closed","ping_status":"open","template":"","meta":{"_acf_changed":false},"product_brand":[],"product_cat":[25,587],"product_tag":[],"class_list":{"0":"post-42450","1":"product","2":"type-product","3":"status-publish","4":"has-post-thumbnail","6":"product_cat-ceasuri-dama","7":"product_cat-festina","8":"pa_brand-festina","9":"pa_braslet-piele","10":"pa_corpus-29-mm","11":"pa_forma-rotund","12":"pa_funcii-data","13":"pa_garatia-24-luni","14":"pa_korpus-auriu","15":"pa_kvarc-quartz","16":"pa_material-otel-inoxidabil","17":"pa_mehanizm-quartz","18":"pa_remeshok-maro","19":"pa_steklo-cristal-safir","20":"pa_strana-elvetia","21":"pa_voda-10-atm","23":"first","24":"instock","25":"purchasable","26":"product-type-simple"},"acf":[],"_links":{"self":[{"href":"https:\/\/ceasuri.md\/ru\/wp-json\/wp\/v2\/product\/42450","targetHints":{"allow":["GET"]}}],"collection":[{"href":"https:\/\/ceasuri.md\/ru\/wp-json\/wp\/v2\/product"}],"about":[{"href":"https:\/\/ceasuri.md\/ru\/wp-json\/wp\/v2\/types\/product"}],"replies":[{"embeddable":true,"href":"https:\/\/ceasuri.md\/ru\/wp-json\/wp\/v2\/comments?post=42450"}],"wp:featuredmedia":[{"embeddable":true,"href":"https:\/\/ceasuri.md\/ru\/wp-json\/wp\/v2\/media\/42451"}],"wp:attachment":[{"href":"https:\/\/ceasuri.md\/ru\/wp-json\/wp\/v2\/media?parent=42450"}],"wp:term":[{"taxonomy":"product_brand","embeddable":true,"href":"https:\/\/ceasuri.md\/ru\/wp-json\/wp\/v2\/product_brand?post=42450"},{"taxonomy":"product_cat","embeddable":true,"href":"https:\/\/ceasuri.md\/ru\/wp-json\/wp\/v2\/product_cat?post=42450"},{"taxonomy":"product_tag","embeddable":true,"href":"https:\/\/ceasuri.md\/ru\/wp-json\/wp\/v2\/product_tag?post=42450"}],"curies":[{"name":"wp","href":"https:\/\/api.w.org\/{rel}","templated":true}]}}