{"id":42389,"date":"2021-11-30T21:55:00","date_gmt":"2021-11-30T19:55:00","guid":{"rendered":"http:\/\/new.ceasuri.md\/shop\/uncategorized\/festina-titanium-f20436-2\/"},"modified":"2026-05-01T16:36:42","modified_gmt":"2026-05-01T13:36:42","slug":"festina-titanium-f20436-2","status":"publish","type":"product","link":"https:\/\/ceasuri.md\/ru\/shop\/branduri\/festina\/festina-titanium-f20436-2\/","title":{"rendered":"\u0427\u0430\u0441\u044b FESTINA TITANIUM F20436\/2"},"content":{"rendered":"<p>Ceasul Festina pentru femei este o adev\u0103rat\u0103 bijuterie a orologeriei. Cu carcasa sa din titan \u0219i sticla mineral\u0103, acest ceas este sinonim cu durabilitatea \u0219i rezisten\u021ba. \u00cen plus, curea sa din titan \u00eei confer\u0103 un aspect elegant \u0219i sofisticat care nu va l\u0103sa pe nimeni indiferent.<\/p>\n<p>easurile Festina sunt recunoscute la nivel mondial pentru combina\u021bia lor perfect\u0103 de elegan\u021b\u0103 \u0219i func\u021bionalitate. Fiecare dintre modelele lor este o oper\u0103 de art\u0103 care reflect\u0103 pasiunea \u0219i angajamentul brandului de a oferi ce este mai bun clien\u021bilor s\u0103i. \u00cen plus, inova\u021bia tehnologic\u0103 constant\u0103 a Festina asigur\u0103 faptul c\u0103 ceasurile sale sunt \u00eentotdeauna \u00een fruntea industriei.<\/p>\n<p>Pe scurt, dac\u0103 sunte\u021bi \u00een c\u0103utarea unui ceas care s\u0103 v\u0103 ofere calitate, stil \u0219i func\u021bionalitate la un pre\u021b excep\u021bional, nu mai ezita\u021bi \u0219i alege\u021bi Festina.<\/p>","protected":false},"excerpt":{"rendered":"<p>Ceasul Festina pentru femei este o adev\u0103rat\u0103 bijuterie a orologeriei. Cu carcasa sa din titan \u0219i sticla mineral\u0103, acest ceas este sinonim cu durabilitatea \u0219i rezisten\u021ba. \u00cen plus, curea sa din titan \u00eei confer\u0103 un aspect elegant \u0219i sofisticat care nu va l\u0103sa pe nimeni indiferent. easurile Festina sunt recunoscute la nivel mondial pentru combina\u021bia [&hellip;]<\/p>\n","protected":false},"featured_media":42390,"comment_status":"closed","ping_status":"open","template":"","meta":{"_acf_changed":false},"product_brand":[],"product_cat":[25,587],"product_tag":[],"class_list":{"0":"post-42389","1":"product","2":"type-product","3":"status-publish","4":"has-post-thumbnail","6":"product_cat-ceasuri-dama","7":"product_cat-festina","8":"pa_brand-festina","9":"pa_braslet-titan","10":"pa_corpus-32-mm","11":"pa_forma-rotund","12":"pa_funcii-data","13":"pa_garatia-24-luni","14":"pa_korpus-gri","15":"pa_kvarc-quartz","16":"pa_material-titan","17":"pa_mehanizm-quartz","18":"pa_remeshok-gri","19":"pa_steklo-cristal-mineral","20":"pa_strana-spania","21":"pa_voda-5-atm","23":"first","24":"instock","25":"purchasable","26":"product-type-simple"},"acf":[],"_links":{"self":[{"href":"https:\/\/ceasuri.md\/ru\/wp-json\/wp\/v2\/product\/42389","targetHints":{"allow":["GET"]}}],"collection":[{"href":"https:\/\/ceasuri.md\/ru\/wp-json\/wp\/v2\/product"}],"about":[{"href":"https:\/\/ceasuri.md\/ru\/wp-json\/wp\/v2\/types\/product"}],"replies":[{"embeddable":true,"href":"https:\/\/ceasuri.md\/ru\/wp-json\/wp\/v2\/comments?post=42389"}],"wp:featuredmedia":[{"embeddable":true,"href":"https:\/\/ceasuri.md\/ru\/wp-json\/wp\/v2\/media\/42390"}],"wp:attachment":[{"href":"https:\/\/ceasuri.md\/ru\/wp-json\/wp\/v2\/media?parent=42389"}],"wp:term":[{"taxonomy":"product_brand","embeddable":true,"href":"https:\/\/ceasuri.md\/ru\/wp-json\/wp\/v2\/product_brand?post=42389"},{"taxonomy":"product_cat","embeddable":true,"href":"https:\/\/ceasuri.md\/ru\/wp-json\/wp\/v2\/product_cat?post=42389"},{"taxonomy":"product_tag","embeddable":true,"href":"https:\/\/ceasuri.md\/ru\/wp-json\/wp\/v2\/product_tag?post=42389"}],"curies":[{"name":"wp","href":"https:\/\/api.w.org\/{rel}","templated":true}]}}